{"id":9996,"date":"2022-02-22T10:55:41","date_gmt":"2022-02-22T09:55:41","guid":{"rendered":"https:\/\/stansgar.katolsk.no\/?page_id=9996"},"modified":"2022-02-22T10:55:41","modified_gmt":"2022-02-22T09:55:41","slug":"fasteaksjonen-2022","status":"publish","type":"page","link":"https:\/\/stansgar.katolsk.no\/?page_id=9996","title":{"rendered":"Fasteaksjonen 2022"},"content":{"rendered":"<p><strong>FASTEAKSJONEN:<\/strong><\/p>\n<p><strong>Sammen for det felles gode<\/strong><\/p>\n<p><strong>&nbsp;<\/strong><strong>I over 50 \u00e5r har menigheter og katolske skoler over hele landet l\u00f8ftet fasteaksjonen til nye h\u00f8yder. I fastetiden i \u00e5r kan du hjelpe familier som sulter p\u00e5 grunn av klimaendringene.<\/strong><\/p>\n<p><strong>Men hva skjer med pengene du putter p\u00e5 fasteaksjonsb\u00f8ssen eller overf\u00f8rer til Caritas? Det kan du l\u00e6re mer om her.<\/strong><\/p>\n<p>&nbsp;<\/p>\n<ul>\n<li>Det er fantastisk \u00e5 se engasjementet og givergleden vi opplever gjennom fasteaksjonen \u00e5r etter \u00e5r. Det er til enorm inspirasjon, og inntektene fra aksjonen er sv\u00e6rt viktig for v\u00e5rt langsiktige hjelpearbeid i Afrika, Asia og Latin-Amerika. Det sier generalsekret\u00e6r i Caritas Norge Martha Rubiano Skretteberg.<\/li>\n<\/ul>\n<p>&nbsp;<\/p>\n<p>I fjor ga v\u00e5re st\u00f8ttespillere til sammen 1&nbsp;889 749 kroner til fasteaksjonen. Det er det beste resultatet noensinne..<\/p>\n<p><strong>Du kan gj\u00f8re en forskjell<\/strong><\/p>\n<p>\u00c5rets fasteaksjon har f\u00e5tt tittelen \u00abSammen for det felles gode\u00bb.<\/p>\n<ul>\n<li>I fasten kan vi redusere v\u00e5rt forbruk, vise m\u00e5tehold, gi til v\u00e5r neste og samtidig hjelpe tusenvis av mennesker ut av sult. Det er ofte ikke s\u00e5 mye som skal til. En kj\u00f8kkenhage til en familie i Afrika eller Asia koster ikke mer enn vi bruker p\u00e5 et klesplagg eller hamburgere p\u00e5 byen for to her hjemme. Reduksjon av forbruket v\u00e5rt her i vesten er med p\u00e5 \u00e5 redusere utslipp av CO2 og den globale oppvarmingen. Hvis vi i tillegg gir noe av det vi sparer p\u00e5 \u00e5 spise mindre kj\u00f8tt eller kj\u00f8pe f\u00e6rre ting, kan vi bruke disse pengene til \u00e5 hjelpe noen av de menneskene som lider mest p\u00e5 grunn av klimaendringer. Med oppl\u00e6ring i landbruksteknikker som gir \u00f8kte avlinger selv n\u00e5r v\u00e6ret er uforutsigbart, klarer de \u00e5 skaffe nok mat til seg selv og familiene sine og de slipper \u00e5 legge ut p\u00e5 flukt for \u00e5 stille sulten, forklarer Skretteberg.<\/li>\n<\/ul>\n<p><strong>\u00d8kende sult i verden<\/strong><\/p>\n<p>Et av FNs b\u00e6rekraftsm\u00e5l er at sult skal utryddes innen 2030. Vi har alle et felles ansvar for \u00e5 n\u00e5 dette m\u00e5let. Men dessverre har utviklingen g\u00e5tt feil vei de siste \u00e5rene. I dag lider 811 millioner mennesker av kronisk sult, mens 283 millioner mennesker st\u00e5r i akutt fare for \u00e5 d\u00f8 av matmangel. (WFP)<\/p>\n<p>En av hoved\u00e5rsakene til sult er klimaendringer. Klimaendringer i form av ekstremv\u00e6r, t\u00f8rke og flom p\u00e5virker alle deler av verden, men de fattigste rammes hardest. Utfordringene er tydelig i store deler av Afrika&nbsp;s\u00f8r for Sahara. Millioner av sm\u00e5brukere lever p\u00e5 klimaendringenes frontlinje, og opplever hvert \u00e5r \u00e5 f\u00e5 avlingene sine \u00f8delagt p\u00e5 grunn av lengre t\u00f8rke eller for mye regn. For \u00e5 unng\u00e5 \u00e5 sulte, forlater mange hjemstedet&nbsp;p\u00e5 jakt etter bedre muligheter.&nbsp;<\/p>\n<p><strong>Det nytter \u00e5 hjelpe<\/strong><\/p>\n<ul>\n<li>Heldigvis nytter det \u00e5 hjelpe. Vi ser at \u00e5tte av ti familier som deltar i v\u00e5re prosjekter\u2019, \u00f8ker sin inntekt med 30 prosent og g\u00e5r fra ett til tre m\u00e5ltider om dagen. I tillegg til \u00f8kning i levestandard, ser vi ogs\u00e5 at flere familier f\u00e5r r\u00e5d til \u00e5 sende barna sine til skolen. Vi trenger din hjelp, for \u00e5 sikre flere mennesker i verden mat, sier Martha R. Skretteberg.&nbsp;<\/li>\n<li><img loading=\"lazy\" decoding=\"async\" class=\"alignnone wp-image-9997 size-medium\" src=\"https:\/\/stansgar.katolsk.no\/wp-content\/uploads\/2022\/02\/Bilde_2022-02-22_105419-300x225.png\" alt=\"\" width=\"300\" height=\"225\" srcset=\"https:\/\/stansgar.katolsk.no\/wp-content\/uploads\/2022\/02\/Bilde_2022-02-22_105419-300x225.png 300w, https:\/\/stansgar.katolsk.no\/wp-content\/uploads\/2022\/02\/Bilde_2022-02-22_105419-768x576.png 768w, https:\/\/stansgar.katolsk.no\/wp-content\/uploads\/2022\/02\/Bilde_2022-02-22_105419.png 945w\" sizes=\"auto, (max-width: 300px) 100vw, 300px\" \/><\/li>\n<li><strong>Uganda: Fra ett til tre m\u00e5ltider per dag<\/strong>\n<p>Jenet Aghma deltar i matsikkerhetsprogrammet til Caritas i Lira, Uganda. Her st\u00e5r hun sammen med mannen sin Agama Bosco foran sin Mandala-kj\u00f8kkenhage. Den er dekket med str\u00e5 og utformet slik at den skal t\u00e5le t\u00f8rke bedre og motst\u00e5 harde regnskyll. Jenet har f\u00e5tt oppl\u00e6ring i klimatilpasset landbruk, noe som har bidratt til at hun har \u00f8kt avlingene sine. Det har gjort henne i stand til \u00e5 investere i ei ku og en motorsykkel og gj\u00f8re forbedringer p\u00e5 huset de bor i. F\u00f8r spise familien ett m\u00e5ltid per dag, mens de n\u00e5 spiser tre. Jenet \u00f8nsker \u00e5 fortsette med landbruk, og \u00e5 gi de \u00e5tte barna utdanning. Hverken hun eller mannen fikk selv g\u00e5 p\u00e5 skole.<\/li>\n<\/ul>\n","protected":false},"excerpt":{"rendered":"<p>FASTEAKSJONEN: Sammen for det felles gode &nbsp;I over 50 \u00e5r har menigheter og katolske skoler over hele landet l\u00f8ftet fasteaksjonen til nye h\u00f8yder. I fastetiden i \u00e5r kan du hjelpe familier som sulter p\u00e5 grunn av klimaendringene. Men hva skjer&#8230;<br \/><a class=\"read-more-button\" href=\"https:\/\/stansgar.katolsk.no\/?page_id=9996\">Read more<\/a><\/p>\n","protected":false},"author":1,"featured_media":0,"parent":0,"menu_order":0,"comment_status":"closed","ping_status":"closed","template":"","meta":{"footnotes":""},"class_list":["post-9996","page","type-page","status-publish","hentry"],"_links":{"self":[{"href":"https:\/\/stansgar.katolsk.no\/index.php?rest_route=\/wp\/v2\/pages\/9996","targetHints":{"allow":["GET"]}}],"collection":[{"href":"https:\/\/stansgar.katolsk.no\/index.php?rest_route=\/wp\/v2\/pages"}],"about":[{"href":"https:\/\/stansgar.katolsk.no\/index.php?rest_route=\/wp\/v2\/types\/page"}],"author":[{"embeddable":true,"href":"https:\/\/stansgar.katolsk.no\/index.php?rest_route=\/wp\/v2\/users\/1"}],"replies":[{"embeddable":true,"href":"https:\/\/stansgar.katolsk.no\/index.php?rest_route=%2Fwp%2Fv2%2Fcomments&post=9996"}],"version-history":[{"count":1,"href":"https:\/\/stansgar.katolsk.no\/index.php?rest_route=\/wp\/v2\/pages\/9996\/revisions"}],"predecessor-version":[{"id":9998,"href":"https:\/\/stansgar.katolsk.no\/index.php?rest_route=\/wp\/v2\/pages\/9996\/revisions\/9998"}],"wp:attachment":[{"href":"https:\/\/stansgar.katolsk.no\/index.php?rest_route=%2Fwp%2Fv2%2Fmedia&parent=9996"}],"curies":[{"name":"wp","href":"https:\/\/api.w.org\/{rel}","templated":true}]}}