{"id":9120,"date":"2021-06-29T13:57:29","date_gmt":"2021-06-29T11:57:29","guid":{"rendered":"https:\/\/stansgar.katolsk.no\/?page_id=9120"},"modified":"2026-04-08T13:35:38","modified_gmt":"2026-04-08T11:35:38","slug":"st-ansgar-kristiansand","status":"publish","type":"page","link":"https:\/\/stansgar.katolsk.no\/?page_id=9120","title":{"rendered":"ST. ANSGAR KRISTIANSAND"},"content":{"rendered":"<div id=\"comp-kmkrufln\" class=\"_2bafp\" data-testid=\"richTextElement\">\n<h2><span style=\"color: #222222; font-family: Oswald, Arial, Helvetica, sans-serif; font-size: 21px;\">Ordin\u00e6re messetider<\/span><\/h2>\n<\/div>\n<div id=\"comp-kmqe7lgr6\" class=\"_2bafp\" data-testid=\"richTextElement\">\n<p><strong>TIRSDAG:<\/strong><\/p>\n<ul>\n<li>kl. 18.00 p\u00e5 norsk<\/li>\n<\/ul>\n<p><strong>ONSDAG<\/strong>:<\/p>\n<ul>\n<li>kl. 18.00 p\u00e5 norsk<\/li>\n<\/ul>\n<p><strong>TORSDAG:<\/strong><\/p>\n<ul>\n<li>kl. 11.00 p\u00e5 norsk<\/li>\n<li>kl. 18.00 p\u00e5 norsk<\/li>\n<\/ul>\n<p><strong>FREDAG<\/strong>:<\/p>\n<ul>\n<li>kl. 18.00 p\u00e5 norsk<\/li>\n<\/ul>\n<div id=\"comp-km2d6vqq4\" class=\"_2bafp\" data-testid=\"richTextElement\">\n<h2 class=\"font_6\"><span class=\"color_15\">Ordin\u00e6re messetider<\/span><\/h2>\n<\/div>\n<div id=\"comp-km2d6vqq5\" class=\"_2bafp\" data-testid=\"richTextElement\">\n<p class=\"font_8\"><strong><span class=\"color_15\">L\u00d8RDAG: <\/span><\/strong><\/p>\n<ul>\n<li class=\"font_8\"><span class=\"color_15\">kl.. 13.00 p\u00e5 norsk<\/span><\/li>\n<li>kl. 18.00 p\u00e5 polsk<\/li>\n<\/ul>\n<div id=\"comp-km2daq7m3\" class=\"_2bafp\" data-testid=\"richTextElement\">\n<h2 class=\"font_6\"><span class=\"color_15\">Ordin\u00e6re messetider<\/span><\/h2>\n<\/div>\n<div id=\"comp-km2daq7m4\" class=\"_2bafp\" data-testid=\"richTextElement\">\n<p class=\"font_8\"><strong><span class=\"color_15\">S\u00d8NDAG:<\/span><\/strong><\/p>\n<ul>\n<li>kl. 9.00 p\u00e5 polsk<\/li>\n<li>kl. 11.00 p\u00e5 norsk<\/li>\n<li>kl.13.00 p\u00e5 vietnamesisk<\/li>\n<\/ul>\n<\/div>\n<\/div>\n<\/div>\n<div id=\"comp-kmqe7lgr7\" class=\"_2bafp\" data-testid=\"richTextElement\">\n<div id=\"comp-km2d6vqq5\" class=\"_2bafp\" data-testid=\"richTextElement\">\n<div id=\"comp-km2daq7m4\" class=\"_2bafp\" data-testid=\"richTextElement\">\n<h2 class=\"font_6\"><span class=\"color_15\">Messer p\u00e5 andre spr\u00e5k<\/span><\/h2>\n<ul>\n<li>messe p\u00e5 spansk , kl. 14.00 (3. l\u00f8rdag i m\u00e5neden)<\/li>\n<li>messe p\u00e5 tagalog , kl. 14.00 (4. l\u00f8rdag i m\u00e5neden)<\/li>\n<li>messe p\u00e5 fransk, kl. 16.00 (4. l\u00f8rdag i m\u00e5neden)<\/li>\n<li>messe p\u00e5 engelsk , kl. 15.00 (4. s\u00f8ndag i m\u00e5neden)<\/li>\n<\/ul>\n<p><span style=\"color: #ff0000;\">OBS!\u00a0<\/span><\/p>\n<p><strong>MESSETIDER: informasjon i forbindelse med sommerferie:<\/strong><\/p>\n<ul>\n<li>hverdagsmessen p\u00e5 norsk kl. 18.00 vil feires i hele perioden.<\/li>\n<li>polsk messe- mer info her:\u00a0<a href=\"https:\/\/parafiakristiansand.com\">https:\/\/parafiakristiansand.com<\/a><\/li>\n<li>Messe p\u00e5 spansk feires ikke i juli.<\/li>\n<li>Messe p\u00e5 tagalog og fransk feires ikke i juli og august.<\/li>\n<\/ul>\n<\/div>\n<\/div>\n<\/div>\n","protected":false},"excerpt":{"rendered":"<p>Ordin\u00e6re messetider TIRSDAG: kl. 18.00 p\u00e5 norsk ONSDAG: kl. 18.00 p\u00e5 norsk TORSDAG: kl. 11.00 p\u00e5 norsk kl. 18.00 p\u00e5 norsk FREDAG: kl. 18.00 p\u00e5 norsk Ordin\u00e6re messetider L\u00d8RDAG: kl.. 13.00 p\u00e5 norsk kl. 18.00 p\u00e5 polsk Ordin\u00e6re messetider S\u00d8NDAG:&#8230;<br \/><a class=\"read-more-button\" href=\"https:\/\/stansgar.katolsk.no\/?page_id=9120\">Read more<\/a><\/p>\n","protected":false},"author":1,"featured_media":0,"parent":0,"menu_order":0,"comment_status":"closed","ping_status":"closed","template":"","meta":{"footnotes":""},"class_list":["post-9120","page","type-page","status-publish","hentry"],"_links":{"self":[{"href":"https:\/\/stansgar.katolsk.no\/index.php?rest_route=\/wp\/v2\/pages\/9120","targetHints":{"allow":["GET"]}}],"collection":[{"href":"https:\/\/stansgar.katolsk.no\/index.php?rest_route=\/wp\/v2\/pages"}],"about":[{"href":"https:\/\/stansgar.katolsk.no\/index.php?rest_route=\/wp\/v2\/types\/page"}],"author":[{"embeddable":true,"href":"https:\/\/stansgar.katolsk.no\/index.php?rest_route=\/wp\/v2\/users\/1"}],"replies":[{"embeddable":true,"href":"https:\/\/stansgar.katolsk.no\/index.php?rest_route=%2Fwp%2Fv2%2Fcomments&post=9120"}],"version-history":[{"count":16,"href":"https:\/\/stansgar.katolsk.no\/index.php?rest_route=\/wp\/v2\/pages\/9120\/revisions"}],"predecessor-version":[{"id":23068,"href":"https:\/\/stansgar.katolsk.no\/index.php?rest_route=\/wp\/v2\/pages\/9120\/revisions\/23068"}],"wp:attachment":[{"href":"https:\/\/stansgar.katolsk.no\/index.php?rest_route=%2Fwp%2Fv2%2Fmedia&parent=9120"}],"curies":[{"name":"wp","href":"https:\/\/api.w.org\/{rel}","templated":true}]}}