{"id":8785,"date":"2021-04-01T14:08:10","date_gmt":"2021-04-01T12:08:10","guid":{"rendered":"https:\/\/stansgar.katolsk.no\/?page_id=8785"},"modified":"2022-04-05T12:23:39","modified_gmt":"2022-04-05T10:23:39","slug":"caritas-kurs","status":"publish","type":"page","link":"https:\/\/stansgar.katolsk.no\/?page_id=8785","title":{"rendered":"Caritas kurs for frivillige"},"content":{"rendered":"<p>Alle aktiviteter i Caritas St. Ansgar er avhengig av frivillige hjelpere.<\/p>\n<p>Vi \u00f8nsker at alle frivillige skal f\u00f8le seg trygge i rollen som hjelper. Som frivillig kan man m\u00f8te mennesker i ulik grad av ensomhet, sosial n\u00f8d og krise.<\/p>\n<p>Caritas St. Ansgar tilrettelegger derfor halv\u00e5rlig for kurs for frivillige som \u00f8nsker det i empatisk omsorg og st\u00f8tte.<\/p>\n<p>Ta kontakt med Caritas St. Ansgar p\u00e5 telefon <strong>401 07 563.&nbsp;<\/strong>Eller kontakt en av Caritas St. Ansgar sine kontaktpersoner:<\/p>\n<p>Carmen Gloria Diaz, &nbsp;&nbsp;&nbsp;&nbsp;&nbsp; tlf 902 28 324&nbsp; &nbsp; (snakker spansk og norsk)<\/p>\n<p>Arlena Kulinska, &nbsp;&nbsp;&nbsp;&nbsp;&nbsp;&nbsp;&nbsp;&nbsp;&nbsp;&nbsp;&nbsp;&nbsp; tlf 998 98 847 &nbsp;&nbsp; (snakker polsk og norsk)<\/p>\n<p>Emilce Espitia,&nbsp;&nbsp;&nbsp;&nbsp;&nbsp;&nbsp;&nbsp;&nbsp;&nbsp;&nbsp;&nbsp;&nbsp;&nbsp;&nbsp;&nbsp; tlf 922 26 309 &nbsp; (snakker spansk og norsk)<\/p>\n<p>Jane Nelly Andrew,&nbsp;&nbsp;&nbsp;&nbsp;&nbsp;&nbsp;&nbsp; tlf 980 81 261 &nbsp; (snakker engelsk og norsk)<\/p>\n<p>Samir Akam,&nbsp;&nbsp;&nbsp;&nbsp;&nbsp;&nbsp;&nbsp;&nbsp;&nbsp;&nbsp;&nbsp;&nbsp;&nbsp;&nbsp;&nbsp;&nbsp;&nbsp;&nbsp;&nbsp; tlf 970 87 057 &nbsp; (snakker arabisk og norsk)<\/p>\n<p>Xuat Minh Dang,&nbsp;&nbsp;&nbsp;&nbsp;&nbsp;&nbsp;&nbsp;&nbsp;&nbsp;&nbsp;&nbsp; tlf 481 15 532 &nbsp; (snakker vietnamesisk og norsk)<\/p>\n<p>Mogens Alb\u00e6k,&nbsp;&nbsp;&nbsp;&nbsp;&nbsp;&nbsp;&nbsp;&nbsp;&nbsp;&nbsp;&nbsp;&nbsp;&nbsp; tlf 991 55 589 &nbsp; (snakker engelsk og norsk)<\/p>\n<p>&nbsp;<\/p>\n","protected":false},"excerpt":{"rendered":"<p>Alle aktiviteter i Caritas St. Ansgar er avhengig av frivillige hjelpere. Vi \u00f8nsker at alle frivillige skal f\u00f8le seg trygge i rollen som hjelper. Som frivillig kan man m\u00f8te mennesker i ulik grad av ensomhet, sosial n\u00f8d og krise. Caritas&#8230;<br \/><a class=\"read-more-button\" href=\"https:\/\/stansgar.katolsk.no\/?page_id=8785\">Read more<\/a><\/p>\n","protected":false},"author":1,"featured_media":8786,"parent":0,"menu_order":0,"comment_status":"closed","ping_status":"closed","template":"","meta":{"footnotes":""},"class_list":["post-8785","page","type-page","status-publish","has-post-thumbnail","hentry"],"_links":{"self":[{"href":"https:\/\/stansgar.katolsk.no\/index.php?rest_route=\/wp\/v2\/pages\/8785","targetHints":{"allow":["GET"]}}],"collection":[{"href":"https:\/\/stansgar.katolsk.no\/index.php?rest_route=\/wp\/v2\/pages"}],"about":[{"href":"https:\/\/stansgar.katolsk.no\/index.php?rest_route=\/wp\/v2\/types\/page"}],"author":[{"embeddable":true,"href":"https:\/\/stansgar.katolsk.no\/index.php?rest_route=\/wp\/v2\/users\/1"}],"replies":[{"embeddable":true,"href":"https:\/\/stansgar.katolsk.no\/index.php?rest_route=%2Fwp%2Fv2%2Fcomments&post=8785"}],"version-history":[{"count":4,"href":"https:\/\/stansgar.katolsk.no\/index.php?rest_route=\/wp\/v2\/pages\/8785\/revisions"}],"predecessor-version":[{"id":10187,"href":"https:\/\/stansgar.katolsk.no\/index.php?rest_route=\/wp\/v2\/pages\/8785\/revisions\/10187"}],"wp:featuredmedia":[{"embeddable":true,"href":"https:\/\/stansgar.katolsk.no\/index.php?rest_route=\/wp\/v2\/media\/8786"}],"wp:attachment":[{"href":"https:\/\/stansgar.katolsk.no\/index.php?rest_route=%2Fwp%2Fv2%2Fmedia&parent=8785"}],"curies":[{"name":"wp","href":"https:\/\/api.w.org\/{rel}","templated":true}]}}