{"id":8769,"date":"2021-04-01T13:45:16","date_gmt":"2021-04-01T11:45:16","guid":{"rendered":"https:\/\/stansgar.katolsk.no\/?page_id=8769"},"modified":"2022-04-05T12:19:31","modified_gmt":"2022-04-05T10:19:31","slug":"caritas-senior-amicus","status":"publish","type":"page","link":"https:\/\/stansgar.katolsk.no\/?page_id=8769","title":{"rendered":"Caritas seniortreff"},"content":{"rendered":"<p>Caritas St. Ansgar arrangerer regelmessig \u00e5pent hus, spesielt tilrettelagt for menighetens eldre. Det vil v\u00e6re anledning til \u00e5 f\u00e5 assistanse til transport til og fra arrangementet.<\/p>\n<p>Caritas seniortreff er sosialt samv\u00e6r med lett underholdning og enkel servering.<\/p>\n<p>Caritas seniortreff vil bli kunngjort p\u00e5 menighetens nettside \/ Facebook samt i kunngj\u00f8ringer i h\u00f8ymessene.<\/p>\n<p>For kontakt: ring tlf 401 07 563 eller ta kontakt med en av Caritas kontaktpersoner:<\/p>\n<p>Carmen Gloria Diaz, &nbsp;&nbsp;&nbsp;&nbsp;&nbsp; tlf 902 28 324&nbsp; &nbsp; (snakker spansk og norsk)<\/p>\n<p>Arlena Kulinska, &nbsp;&nbsp;&nbsp;&nbsp;&nbsp;&nbsp;&nbsp;&nbsp;&nbsp;&nbsp;&nbsp;&nbsp; tlf 998 98 847 &nbsp;&nbsp; (snakker polsk og norsk)<\/p>\n<p>Emilce Espitia,&nbsp;&nbsp;&nbsp;&nbsp;&nbsp;&nbsp;&nbsp;&nbsp;&nbsp;&nbsp;&nbsp;&nbsp;&nbsp;&nbsp;&nbsp; tlf 922 26 309 &nbsp; (snakker spansk og norsk)<\/p>\n<p>Jane Nelly Andrew,&nbsp;&nbsp;&nbsp;&nbsp;&nbsp;&nbsp;&nbsp; tlf 980 81 261 &nbsp; (snakker engelsk og norsk)<\/p>\n<p>Samir Akam,&nbsp;&nbsp;&nbsp;&nbsp;&nbsp;&nbsp;&nbsp;&nbsp;&nbsp;&nbsp;&nbsp;&nbsp;&nbsp;&nbsp;&nbsp;&nbsp;&nbsp;&nbsp;&nbsp; tlf 970 87 057 &nbsp; (snakker arabisk og norsk)<\/p>\n<p>Xuat Minh Dang,&nbsp;&nbsp;&nbsp;&nbsp;&nbsp;&nbsp;&nbsp;&nbsp;&nbsp;&nbsp;&nbsp; tlf 481 15 532 &nbsp; (snakker vietnamesisk og norsk)<\/p>\n<p>Mogens Alb\u00e6k,&nbsp;&nbsp;&nbsp;&nbsp;&nbsp;&nbsp;&nbsp;&nbsp;&nbsp;&nbsp;&nbsp;&nbsp;&nbsp; tlf 991 55 589 &nbsp; (snakker engelsk og norsk)<\/p>\n","protected":false},"excerpt":{"rendered":"<p>Caritas St. Ansgar arrangerer regelmessig \u00e5pent hus, spesielt tilrettelagt for menighetens eldre. Det vil v\u00e6re anledning til \u00e5 f\u00e5 assistanse til transport til og fra arrangementet. Caritas seniortreff er sosialt samv\u00e6r med lett underholdning og enkel servering. Caritas seniortreff vil&#8230;<br \/><a class=\"read-more-button\" href=\"https:\/\/stansgar.katolsk.no\/?page_id=8769\">Read more<\/a><\/p>\n","protected":false},"author":1,"featured_media":8783,"parent":0,"menu_order":0,"comment_status":"closed","ping_status":"closed","template":"","meta":{"footnotes":""},"class_list":["post-8769","page","type-page","status-publish","has-post-thumbnail","hentry"],"_links":{"self":[{"href":"https:\/\/stansgar.katolsk.no\/index.php?rest_route=\/wp\/v2\/pages\/8769","targetHints":{"allow":["GET"]}}],"collection":[{"href":"https:\/\/stansgar.katolsk.no\/index.php?rest_route=\/wp\/v2\/pages"}],"about":[{"href":"https:\/\/stansgar.katolsk.no\/index.php?rest_route=\/wp\/v2\/types\/page"}],"author":[{"embeddable":true,"href":"https:\/\/stansgar.katolsk.no\/index.php?rest_route=\/wp\/v2\/users\/1"}],"replies":[{"embeddable":true,"href":"https:\/\/stansgar.katolsk.no\/index.php?rest_route=%2Fwp%2Fv2%2Fcomments&post=8769"}],"version-history":[{"count":8,"href":"https:\/\/stansgar.katolsk.no\/index.php?rest_route=\/wp\/v2\/pages\/8769\/revisions"}],"predecessor-version":[{"id":10185,"href":"https:\/\/stansgar.katolsk.no\/index.php?rest_route=\/wp\/v2\/pages\/8769\/revisions\/10185"}],"wp:featuredmedia":[{"embeddable":true,"href":"https:\/\/stansgar.katolsk.no\/index.php?rest_route=\/wp\/v2\/media\/8783"}],"wp:attachment":[{"href":"https:\/\/stansgar.katolsk.no\/index.php?rest_route=%2Fwp%2Fv2%2Fmedia&parent=8769"}],"curies":[{"name":"wp","href":"https:\/\/api.w.org\/{rel}","templated":true}]}}