{"id":8762,"date":"2021-04-01T13:37:09","date_gmt":"2021-04-01T11:37:09","guid":{"rendered":"https:\/\/stansgar.katolsk.no\/?page_id=8762"},"modified":"2023-03-16T11:24:36","modified_gmt":"2023-03-16T10:24:36","slug":"caritas-motested","status":"publish","type":"page","link":"https:\/\/stansgar.katolsk.no\/?page_id=8762","title":{"rendered":"Caritas m\u00f8tested"},"content":{"rendered":"<p>Caritas St. Ansgar arrangerer regelmessig \u00ab\u00e5pent hus\u00bb etter kveldsmessen p\u00e5 virkedager, hvor troende kan m\u00f8tes i uformelle rammer.<\/p>\n<p>Vi kaller arrangementene for \u00abvaffelkvelder\u00bb. De arrangeres 1-2 ganger i m\u00e5neden og oftest p\u00e5 torsdager.<\/p>\n<p>Caritas vaffelkveld er et m\u00f8tested hvor medlemmer av menigheten \u2013 eller bes\u00f8kende \u2013 over en kopp kaffe eller te kan m\u00f8tes p\u00e5 tvers av nasjonalitet, alder og kj\u00f8nn. Intet mindre enn en kortreist kulturopplevelse kombinert med en tilh\u00f8righet til Kirkens fellesskap.<\/p>\n<p>Caritas m\u00f8tested er ogs\u00e5 som \u00abspr\u00e5kcaf\u00e8\u00bb en fin anledning til \u00e5 utvide b\u00e5de spr\u00e5k og bekjentskapskrets for innvandrere og andre som \u00f8nsker \u00e5 forbedre sine norskferdigheter i et hyggelig samv\u00e6r med trosfeller.<\/p>\n<p>I faste- og adventstiden lages pyntegjenstander for salg til inntekt for Caritas internasjonale hjelpearbeid. I andre perioder vil det kunne v\u00e6re innslag i form av foredrag, lotteri eller kulturelle innslag.<\/p>\n<p><strong>Caritas St. Ansgar \u00f8nsker alle i menigheten velkommen til Caritaskvelder i kirkens menighetslokale.<\/strong><\/p>\n<p>Nyankomne i menigheten \u00f8nskes spesielt velkommen. Caritaskvelder er en god anledning \u00e5 bli kjent med menigheten og dens aktiviteter.<\/p>\n<p>Det er ingen p\u00e5melding, og ALLE er hjertelig velkomne!<\/p>\n<p>Arrangementer kunngj\u00f8res i h\u00f8ymessen og ved oppslag p\u00e5 menighetens Facebookside.<\/p>\n<p>Er du i tvil om n\u00e5r neste \u00abvaffelkveld\u00bb arrangeres kan du ringe tlf 40107563<\/p>\n","protected":false},"excerpt":{"rendered":"<p>Caritas St. Ansgar arrangerer regelmessig \u00ab\u00e5pent hus\u00bb etter kveldsmessen p\u00e5 virkedager, hvor troende kan m\u00f8tes i uformelle rammer. Vi kaller arrangementene for \u00abvaffelkvelder\u00bb. De arrangeres 1-2 ganger i m\u00e5neden og oftest p\u00e5 torsdager. Caritas vaffelkveld er et m\u00f8tested hvor medlemmer&#8230;<br \/><a class=\"read-more-button\" href=\"https:\/\/stansgar.katolsk.no\/?page_id=8762\">Read more<\/a><\/p>\n","protected":false},"author":1,"featured_media":8763,"parent":0,"menu_order":0,"comment_status":"closed","ping_status":"closed","template":"","meta":{"footnotes":""},"class_list":["post-8762","page","type-page","status-publish","has-post-thumbnail","hentry"],"_links":{"self":[{"href":"https:\/\/stansgar.katolsk.no\/index.php?rest_route=\/wp\/v2\/pages\/8762","targetHints":{"allow":["GET"]}}],"collection":[{"href":"https:\/\/stansgar.katolsk.no\/index.php?rest_route=\/wp\/v2\/pages"}],"about":[{"href":"https:\/\/stansgar.katolsk.no\/index.php?rest_route=\/wp\/v2\/types\/page"}],"author":[{"embeddable":true,"href":"https:\/\/stansgar.katolsk.no\/index.php?rest_route=\/wp\/v2\/users\/1"}],"replies":[{"embeddable":true,"href":"https:\/\/stansgar.katolsk.no\/index.php?rest_route=%2Fwp%2Fv2%2Fcomments&post=8762"}],"version-history":[{"count":8,"href":"https:\/\/stansgar.katolsk.no\/index.php?rest_route=\/wp\/v2\/pages\/8762\/revisions"}],"predecessor-version":[{"id":11694,"href":"https:\/\/stansgar.katolsk.no\/index.php?rest_route=\/wp\/v2\/pages\/8762\/revisions\/11694"}],"wp:featuredmedia":[{"embeddable":true,"href":"https:\/\/stansgar.katolsk.no\/index.php?rest_route=\/wp\/v2\/media\/8763"}],"wp:attachment":[{"href":"https:\/\/stansgar.katolsk.no\/index.php?rest_route=%2Fwp%2Fv2%2Fmedia&parent=8762"}],"curies":[{"name":"wp","href":"https:\/\/api.w.org\/{rel}","templated":true}]}}