{"id":41,"date":"2018-10-12T08:40:24","date_gmt":"2018-10-12T06:40:24","guid":{"rendered":"http:\/\/stansgar.katolsk.no\/?page_id=41"},"modified":"2026-01-22T14:55:30","modified_gmt":"2026-01-22T13:55:30","slug":"juniorklubben","status":"publish","type":"page","link":"https:\/\/stansgar.katolsk.no\/?page_id=41","title":{"rendered":"Juniorklubben"},"content":{"rendered":"<div class=\"separator\"><a href=\"https:\/\/4.bp.blogspot.com\/-SQZjN3XkLfo\/WbuF-GSqQ4I\/AAAAAAAAFc0\/2DpLyaqlzTAZDNRVZC5bPZ6vhhAjEUmJACPcBGAYYCw\/s1600\/juniorklubbkors.png\"><img decoding=\"async\" class=\"aligncenter\" src=\"https:\/\/4.bp.blogspot.com\/-SQZjN3XkLfo\/WbuF-GSqQ4I\/AAAAAAAAFc0\/2DpLyaqlzTAZDNRVZC5bPZ6vhhAjEUmJACPcBGAYYCw\/s1600\/juniorklubbkors.png\" border=\"0\" data-original-height=\"255\" data-original-width=\"188\" \/><\/a><\/div>\n<p><strong>\u00a0<\/strong><\/p>\n<div class=\"separator\"><a href=\"https:\/\/3.bp.blogspot.com\/-wh82QWUOrrg\/WbuF-CGgxpI\/AAAAAAAAFc0\/VkYxmMi4ox0myc8lw91H0rDsEQTfpPemgCPcBGAYYCw\/s1600\/juniorklubblogo.png\"><img loading=\"lazy\" decoding=\"async\" class=\"aligncenter\" src=\"https:\/\/3.bp.blogspot.com\/-wh82QWUOrrg\/WbuF-CGgxpI\/AAAAAAAAFc0\/VkYxmMi4ox0myc8lw91H0rDsEQTfpPemgCPcBGAYYCw\/s320\/juniorklubblogo.png\" width=\"320\" height=\"48\" border=\"0\" data-original-height=\"52\" data-original-width=\"341\" \/><\/a><\/div>\n<p><strong><em>Har du barn fra 3. til 7. trinn?<\/em><\/strong><\/p>\n<p><strong><em>I St. Ansgar juniorklubb blir barna kjent med hverandre gjennom forskjellige aktiviteter, og de f\u00e5r en fellesskapsf\u00f8lelse og en tilh\u00f8righet til St. Ansgar menighet.<\/em><\/strong><\/p>\n<p>&nbsp;<\/p>\n<p><strong>Tidspunkter for juniorklubben (v\u00e5ren 2026):<\/strong><\/p>\n<ul>\n<li>23.01.26 kl.18:30-20:45 i menighetslokalet &#8211; P\u00e5meldingsfrist: 21.01. til Dung 418 44 223<\/li>\n<li>20.02.26 kl.18:30-20:45 i menighetslokalet &#8211; P\u00e5meldingsfrist: 18.02. til Dung 418 44 223<\/li>\n<li>20.03.26 kl.18:30-20:45 i menighetslokalet &#8211; P\u00e5meldingsfrist: 18.03. til Dung 418 44 223<\/li>\n<li>24.04.26 kl.18:30-20:45 i menighetslokalet &#8211; P\u00e5meldingsfrist: 22.04. til Dung 418 44 223<\/li>\n<li>22.05.26 kl.18:30-20:45 i menighetslokalet &#8211; P\u00e5meldingsfrist: 20.05. til Dung 418 44 223<\/li>\n<\/ul>\n<p><strong>I januar har vi aktivitetskveld. Vi skal <\/strong><\/p>\n<ul>\n<li>ha konkurranseleker, quiz og pakkelek<\/li>\n<li>spise taco med salat<\/li>\n<li>be og synge i kirka<\/li>\n<\/ul>\n<p><strong>I februar har vi bingokveld. Vi skal <\/strong><\/p>\n<ul>\n<li>spille bingo med premier<\/li>\n<li>spise hamburger med salat<\/li>\n<li>be og synge i kirka<\/li>\n<\/ul>\n<p><strong>I mars har vi p\u00e5skeverksted. Vi skal \u00a0\u00a0\u00a0\u00a0\u00a0\u00a0\u00a0\u00a0\u00a0\u00a0\u00a0\u00a0\u00a0\u00a0\u00a0\u00a0\u00a0\u00a0\u00a0\u00a0<\/strong><\/p>\n<ul>\n<li>lage p\u00e5skepynt<\/li>\n<li>spise fiskepinner med salat<\/li>\n<li>be og synge i kirka<\/li>\n<\/ul>\n<p><strong>I april har vi kinokveld. Vi skal <\/strong><\/p>\n<ul>\n<li>se en kristen film<\/li>\n<li>spise pizza og popkorn<\/li>\n<li>be og synge i kirka<\/li>\n<\/ul>\n<p><strong>I mai har vi sommeravslutning.\u00a0 <\/strong><\/p>\n","protected":false},"excerpt":{"rendered":"<p>\u00a0 Har du barn fra 3. til 7. trinn? I St. Ansgar juniorklubb blir barna kjent med hverandre gjennom forskjellige aktiviteter, og de f\u00e5r en fellesskapsf\u00f8lelse og en tilh\u00f8righet til St. Ansgar menighet. &nbsp; Tidspunkter for juniorklubben (v\u00e5ren 2026): 23.01.26&#8230;<br \/><a class=\"read-more-button\" href=\"https:\/\/stansgar.katolsk.no\/?page_id=41\">Read more<\/a><\/p>\n","protected":false},"author":2,"featured_media":0,"parent":31,"menu_order":0,"comment_status":"closed","ping_status":"closed","template":"","meta":{"footnotes":""},"class_list":["post-41","page","type-page","status-publish","hentry"],"_links":{"self":[{"href":"https:\/\/stansgar.katolsk.no\/index.php?rest_route=\/wp\/v2\/pages\/41","targetHints":{"allow":["GET"]}}],"collection":[{"href":"https:\/\/stansgar.katolsk.no\/index.php?rest_route=\/wp\/v2\/pages"}],"about":[{"href":"https:\/\/stansgar.katolsk.no\/index.php?rest_route=\/wp\/v2\/types\/page"}],"author":[{"embeddable":true,"href":"https:\/\/stansgar.katolsk.no\/index.php?rest_route=\/wp\/v2\/users\/2"}],"replies":[{"embeddable":true,"href":"https:\/\/stansgar.katolsk.no\/index.php?rest_route=%2Fwp%2Fv2%2Fcomments&post=41"}],"version-history":[{"count":24,"href":"https:\/\/stansgar.katolsk.no\/index.php?rest_route=\/wp\/v2\/pages\/41\/revisions"}],"predecessor-version":[{"id":22862,"href":"https:\/\/stansgar.katolsk.no\/index.php?rest_route=\/wp\/v2\/pages\/41\/revisions\/22862"}],"up":[{"embeddable":true,"href":"https:\/\/stansgar.katolsk.no\/index.php?rest_route=\/wp\/v2\/pages\/31"}],"wp:attachment":[{"href":"https:\/\/stansgar.katolsk.no\/index.php?rest_route=%2Fwp%2Fv2%2Fmedia&parent=41"}],"curies":[{"name":"wp","href":"https:\/\/api.w.org\/{rel}","templated":true}]}}