{"id":23141,"date":"2026-05-12T13:03:24","date_gmt":"2026-05-12T11:03:24","guid":{"rendered":"https:\/\/stansgar.katolsk.no\/?page_id=23141"},"modified":"2026-05-12T13:03:24","modified_gmt":"2026-05-12T11:03:24","slug":"menighetstur-til-sogne-i-olav-den-helliges-fotspor","status":"publish","type":"page","link":"https:\/\/stansgar.katolsk.no\/?page_id=23141","title":{"rendered":"Menighetstur til S\u00f8gne \u2013 i Olav den helliges fotspor"},"content":{"rendered":"\n<div data-wp-interactive=\"core\/file\" class=\"wp-block-file\"><object data-wp-bind--hidden=\"!state.hasPdfPreview\" hidden class=\"wp-block-file__embed\" data=\"https:\/\/stansgar.katolsk.no\/wp-content\/uploads\/2026\/05\/Menighetstur-til-Sogne-13.06.26-info.pdf\" type=\"application\/pdf\" style=\"width:100%;height:600px\" aria-label=\"Innbygging av Menighetstur til S\u00f8gne 13.06.26 info\"><\/object><a id=\"wp-block-file--media-e64103cf-ff90-42bc-b758-65cfe5398deb\" href=\"https:\/\/stansgar.katolsk.no\/wp-content\/uploads\/2026\/05\/Menighetstur-til-Sogne-13.06.26-info.pdf\">Menighetstur til S\u00f8gne 13.06.26 info<\/a><a href=\"https:\/\/stansgar.katolsk.no\/wp-content\/uploads\/2026\/05\/Menighetstur-til-Sogne-13.06.26-info.pdf\" class=\"wp-block-file__button wp-element-button\" download aria-describedby=\"wp-block-file--media-e64103cf-ff90-42bc-b758-65cfe5398deb\">Last ned<\/a><\/div>\n\n\n\n<p><strong>L\u00f8rdag 13. juni 2026<\/strong><\/p>\n\n\n\n<p>I forbindelse med markeringen av at det i \u00e5r 2030 er 1000 \u00e5r siden Olav Haraldsson falt p\u00e5 Stiklestad, \u00f8nsker St.\u202fAnsgar menighet \u00e5&nbsp;l\u00e6re mer om hvilken betydning kong Olav har hatt for kristningen av Norge.<\/p>\n\n\n\n<p>Derfor inviterer vi til en menighetstur til S\u00f8gne l\u00f8rdag 13. juni 2026. Turen byr p\u00e5 historiske opplevelser, fellesskap og naturskj\u00f8nne omgivelser \u2013 inkludert b\u00e5ttur gjennom Olavssundet, bes\u00f8k i S\u00f8gne gamle kirke og S\u00f8gne gamle presteg\u00e5rd.<\/p>\n\n\n\n<hr class=\"wp-block-separator has-alpha-channel-opacity\"\/>\n\n\n\n<p><strong>Program<\/strong><\/p>\n\n\n\n<p><strong>Kl. 09.00<\/strong><br>Messe i St.\u202fAnsgar kirke<\/p>\n\n\n\n<p><strong>Kl. 10.00<\/strong><br>Avreise til S\u00f8gne gamle kirke (adressen:&nbsp;<a href=\"https:\/\/www.google.com\/maps\/place\/data=!4m2!3m1!1s0x4637f7abff703a3f:0xd2323f7a0a094e6c?sa=X&amp;ved=1t:8290&amp;ictx=111\" target=\"_blank\" rel=\"noreferrer noopener\">S\u00f8gneveien 195, 4640 S\u00f8gne<\/a>&#8211; finnes ikke direkte buss til S\u00f8gne gamle kirke)<br>\u2013 Rutebuss nr.\u202f40 fra Kristiansand rutebilstasjon til S\u00f8gne Tangvall (avreise fra Kristiansand kl.\u202f10.06 eller 10.36- ikke direkte buss fra Tangvall til S\u00f8gne gamle kirke)<br>\u2013&nbsp;Eller privat bil<\/p>\n\n\n\n<p><strong>Kl. 11.00<\/strong><br>Omvisning i S\u00f8gne gamle kirke<br>Deretter forflytning til H\u00f8llen (finnes ikke direkte buss).<\/p>\n\n\n\n<p><strong>Kl. 12.00 \u2013 Matpause p\u00e5 H\u00f8llen<\/strong><\/p>\n\n\n\n<p><strong>Kl. 13.00<\/strong><br>B\u00e5ttur til Ny\u2011Hellesund og gjennom Olavssundet<\/p>\n\n\n\n<p><strong>Kl. 14.00<\/strong><br>Tilbake til H\u00f8llen<\/p>\n\n\n\n<p><strong>Retur:<\/strong><br>Returbuss nr. 48 fra H\u00f8llen brygge til Tangvall kl. 14.22<\/p>\n\n\n\n<p>Rutebuss nr.\u202f40 fra S\u00f8gne Tangvall kl.\u202f14.04 eller 14.34<br>Vel hjem!<\/p>\n\n\n\n<p>OBS! Menighetsr\u00e5det oppfordrer deltakere til \u00e5 ta bil og samkj\u00f8re (fylle bilene). &nbsp;<\/p>\n\n\n\n<p><strong>Egenandel:<\/strong><\/p>\n\n\n\n<ul class=\"wp-block-list\">\n<li>100 kr per person<\/li>\n\n\n\n<li>200 kr per familie<\/li>\n<\/ul>\n\n\n\n<p><strong>Egenandelen dekker:<\/strong><br>\u2705 B\u00e5ttur<br>\u2705 Guide i S\u00f8gne gamle kirke<\/p>\n\n\n\n<p><strong>Deltakerne betaler selv for:<\/strong><br>\u2013 Bussbillett Kristiansand\u2013Tangvall tur\/retur<br>\u2013 Bom og parkering ved bruk av privat bil<br>\u2013 Mat og drikke<\/p>\n\n\n\n<hr class=\"wp-block-separator has-alpha-channel-opacity\"\/>\n\n\n\n<p><strong>Matpause<\/strong><\/p>\n\n\n\n<p>Medbrakt niste&nbsp;<strong>eller<\/strong>&nbsp;forh\u00e5ndsbestilt lunsj (se alternativer nedenfor)<\/p>\n\n\n\n<p><strong>Lunsj p\u00e5 Skagen Pub i H\u00f8llen (betales av den enkelte)<\/strong><\/p>\n\n\n\n<p>De som \u00f8nsker \u00e5 bestille lunsj, krysser av p\u00e5 p\u00e5meldingsskjemaet:<\/p>\n\n\n\n<ol start=\"1\" class=\"wp-block-list\">\n<li>Dansk sm\u00f8rbr\u00f8d med skagenr\u00f8re + brus \u2013\u00a0<strong>159 kr<\/strong><\/li>\n\n\n\n<li>Dansk sm\u00f8rbr\u00f8d med kylling og karrisalat + brus \u2013\u00a0<strong>159 kr<\/strong><\/li>\n\n\n\n<li>S\u00f8rlandsk fiskesuppe med ferskt br\u00f8d + brus \u2013\u00a0<strong>258 kr<\/strong><\/li>\n<\/ol>\n\n\n\n<p>Merk: Plassene inne i restauranten er i utgangspunktet forbeholdt dem som bestiller lunsj.&nbsp; Lunsjen m\u00e5 bestilles p\u00e5 forh\u00e5nd- vil du spise der- m\u00e5 du allerede n\u00e5 krysse av p\u00e5 p\u00e5meldingsskjemaet. \u00d8vrige deltakere kan benytte uteplasser og benker ved brygga.<\/p>\n\n\n\n<hr class=\"wp-block-separator has-alpha-channel-opacity\"\/>\n\n\n\n<p><strong>Praktisk informasjon<\/strong><\/p>\n\n\n\n<ul class=\"wp-block-list\">\n<li><strong>P\u00e5meldingsfrist:<\/strong>\u00a07. juni &#8211; online eller fysisk (p\u00e5meldingsskjema p\u00e5 tavla)\u00a0<\/li>\n\n\n\n<li>Det g\u00e5r\u00a0<strong>ingen direkte buss fra H\u00f8llen til Kristiansand<\/strong><br>\u2192 all retur skjer via\u00a0<strong>Tangvall<\/strong><\/li>\n\n\n\n<li>Menigheten betaler kostnader til guide og b\u00e5t (totalt ca. 6\u202f500 kr ved 36 deltakere)<\/li>\n<\/ul>\n","protected":false},"excerpt":{"rendered":"<p>L\u00f8rdag 13. juni 2026 I forbindelse med markeringen av at det i \u00e5r 2030 er 1000 \u00e5r siden Olav Haraldsson falt p\u00e5 Stiklestad, \u00f8nsker St.\u202fAnsgar menighet \u00e5&nbsp;l\u00e6re mer om hvilken betydning kong Olav har hatt for kristningen av Norge. Derfor&#8230;<br \/><a class=\"read-more-button\" href=\"https:\/\/stansgar.katolsk.no\/?page_id=23141\">Read more<\/a><\/p>\n","protected":false},"author":5,"featured_media":0,"parent":0,"menu_order":0,"comment_status":"closed","ping_status":"closed","template":"","meta":{"footnotes":""},"class_list":["post-23141","page","type-page","status-publish","hentry"],"_links":{"self":[{"href":"https:\/\/stansgar.katolsk.no\/index.php?rest_route=\/wp\/v2\/pages\/23141","targetHints":{"allow":["GET"]}}],"collection":[{"href":"https:\/\/stansgar.katolsk.no\/index.php?rest_route=\/wp\/v2\/pages"}],"about":[{"href":"https:\/\/stansgar.katolsk.no\/index.php?rest_route=\/wp\/v2\/types\/page"}],"author":[{"embeddable":true,"href":"https:\/\/stansgar.katolsk.no\/index.php?rest_route=\/wp\/v2\/users\/5"}],"replies":[{"embeddable":true,"href":"https:\/\/stansgar.katolsk.no\/index.php?rest_route=%2Fwp%2Fv2%2Fcomments&post=23141"}],"version-history":[{"count":1,"href":"https:\/\/stansgar.katolsk.no\/index.php?rest_route=\/wp\/v2\/pages\/23141\/revisions"}],"predecessor-version":[{"id":23143,"href":"https:\/\/stansgar.katolsk.no\/index.php?rest_route=\/wp\/v2\/pages\/23141\/revisions\/23143"}],"wp:attachment":[{"href":"https:\/\/stansgar.katolsk.no\/index.php?rest_route=%2Fwp%2Fv2%2Fmedia&parent=23141"}],"curies":[{"name":"wp","href":"https:\/\/api.w.org\/{rel}","templated":true}]}}