{"id":21590,"date":"2024-08-13T14:48:32","date_gmt":"2024-08-13T12:48:32","guid":{"rendered":"https:\/\/stansgar.katolsk.no\/?page_id=21590"},"modified":"2025-08-22T13:48:58","modified_gmt":"2025-08-22T11:48:58","slug":"timeplan-for-tredje-sondag-i-maneden-3-trinn","status":"publish","type":"page","link":"https:\/\/stansgar.katolsk.no\/?page_id=21590","title":{"rendered":"TIMEPLAN FOR TREDJE S\u00d8NDAG I M\u00c5NEDEN- 3. TRINN"},"content":{"rendered":"\n<h4 class=\"wp-block-heading\">S\u00d8NDAGER: KATEKESE FOR 3. TRINN- forberedelse til 1. Hellige Kommunion:<\/h4>\n\n\n\n<div class=\"wp-block-columns is-layout-flex wp-container-core-columns-is-layout-9d6595d7 wp-block-columns-is-layout-flex\">\n<div class=\"wp-block-column is-layout-flow wp-block-column-is-layout-flow\" style=\"flex-basis:100%\">\n<p>S\u00d8NDAGER: KATEKESE FOR 3. TRINN<\/p>\n\n\n\n<p><strong>H\u00f8st 2025:<\/strong> 21.9., 19.10., 16.11., 21.12.<br><strong>V\u00e5r 2026:<\/strong> 18.1., 15.3., 19.4.<\/p>\n\n\n\n<p><strong>Kl. 10:15 &#8211; 10:45 &#8211; 3. trinn:<\/strong><br>\u2022 Kl. 10:15.00 &#8211; 10:45: Katekese<br>\u2022 Messe for barn og foreldre:<\/p>\n\n\n\n<ul class=\"wp-block-list\">\n<li>kl. 09.00 p\u00e5 polsk<br>eller<\/li>\n\n\n\n<li>kl. 11.00 p\u00e5 norsk<\/li>\n<\/ul>\n<\/div>\n<\/div>\n\n\n\n<p><\/p>\n","protected":false},"excerpt":{"rendered":"<p>S\u00d8NDAGER: KATEKESE FOR 3. TRINN- forberedelse til 1. Hellige Kommunion: S\u00d8NDAGER: KATEKESE FOR 3. TRINN H\u00f8st 2025: 21.9., 19.10., 16.11., 21.12.V\u00e5r 2026: 18.1., 15.3., 19.4. Kl. 10:15 &#8211; 10:45 &#8211; 3. trinn:\u2022 Kl. 10:15.00 &#8211; 10:45: Katekese\u2022 Messe for barn&#8230;<br \/><a class=\"read-more-button\" href=\"https:\/\/stansgar.katolsk.no\/?page_id=21590\">Read more<\/a><\/p>\n","protected":false},"author":1,"featured_media":0,"parent":0,"menu_order":0,"comment_status":"closed","ping_status":"closed","template":"","meta":{"footnotes":""},"class_list":["post-21590","page","type-page","status-publish","hentry"],"_links":{"self":[{"href":"https:\/\/stansgar.katolsk.no\/index.php?rest_route=\/wp\/v2\/pages\/21590","targetHints":{"allow":["GET"]}}],"collection":[{"href":"https:\/\/stansgar.katolsk.no\/index.php?rest_route=\/wp\/v2\/pages"}],"about":[{"href":"https:\/\/stansgar.katolsk.no\/index.php?rest_route=\/wp\/v2\/types\/page"}],"author":[{"embeddable":true,"href":"https:\/\/stansgar.katolsk.no\/index.php?rest_route=\/wp\/v2\/users\/1"}],"replies":[{"embeddable":true,"href":"https:\/\/stansgar.katolsk.no\/index.php?rest_route=%2Fwp%2Fv2%2Fcomments&post=21590"}],"version-history":[{"count":6,"href":"https:\/\/stansgar.katolsk.no\/index.php?rest_route=\/wp\/v2\/pages\/21590\/revisions"}],"predecessor-version":[{"id":22447,"href":"https:\/\/stansgar.katolsk.no\/index.php?rest_route=\/wp\/v2\/pages\/21590\/revisions\/22447"}],"wp:attachment":[{"href":"https:\/\/stansgar.katolsk.no\/index.php?rest_route=%2Fwp%2Fv2%2Fmedia&parent=21590"}],"curies":[{"name":"wp","href":"https:\/\/api.w.org\/{rel}","templated":true}]}}