{"id":17,"date":"2018-10-12T08:23:52","date_gmt":"2018-10-12T06:23:52","guid":{"rendered":"http:\/\/stansgar.katolsk.no\/?page_id=17"},"modified":"2023-08-31T11:13:59","modified_gmt":"2023-08-31T09:13:59","slug":"messetider","status":"publish","type":"page","link":"https:\/\/stansgar.katolsk.no\/?page_id=17","title":{"rendered":"Messetider"},"content":{"rendered":"<p><b>Faste messetider er:<\/b><br \/>\n<b>S\u00f8ndag:<\/b><br \/>\nkl. &nbsp; 9.00 Messe p\u00e5 polsk<br \/>\nkl. 11.00 H\u00f8ymesse<br \/>\nkl. 13.00 Messe p\u00e5 vietnamesisk<\/p>\n<p><em>Msze \u015bwi\u0119te w Niedziel\u0119:<\/em><br \/>\n<em>Godz. &nbsp;9.00 Msza \u015bw: w j\u0119zyku polskim<\/em><br \/>\n<em>Godz.11.00 Suma w &nbsp;j\u0119zyku norweskim<\/em><br \/>\n<em>Godz.13.00 Msza \u015bw: w j\u0119zyku wietnamskim<\/em><\/p>\n<p><em>Przed ka\u017cd\u0105 Msz\u0105 \u015bwi\u0119t\u0105 w j\u0119zyku polskim istnieje mo\u017cliwo\u015b\u0107 skorzystania ze spowiedzi \u015bwi\u0119tej.<\/em><br \/>\n<em>Po Mszy \u015bwi\u0119tej serdecznie zapraszamy do sali parafialnej na kaw\u0119, herbat\u0119 i ciasto.<\/em><\/p>\n<p><b>Tirsdag-fredag:<\/b><br \/>\nkl. 18.00 Messe<\/p>\n<p><em>Wtorek-Pi\u0105tek <\/em><br \/>\n<em>godz. 18.00<\/em><\/p>\n<p><b>L\u00f8rdag: <\/b><br \/>\nkl.13.00 Messe p\u00e5 norsk<\/p>\n<p>kl. 18.00 Messe p\u00e5 polsk<\/p>\n<p><em>Sobota<\/em><br \/>\n<em>godz.13.00 po norwesku<\/em><br \/>\n<em>godz. 18.00 po polsku<\/em><\/p>\n<p>&nbsp;<\/p>\n<p>Mer info om messer i St Ansgar her:&nbsp;&nbsp;<a href=\"https:\/\/stansgar.katolsk.no\/?page_id=9120 .\">https:\/\/stansgar.katolsk.no\/?page_id=9120 .<\/a><\/p>\n<p>Messe i Mandal info her:&nbsp;<a href=\"https:\/\/stansgar.katolsk.no\/?page_id=22\">https:\/\/stansgar.katolsk.no\/?page_id=22<\/a> .&nbsp;<\/p>\n<p>Messe i Farsund, Lyndal i Flekkefjord infor her:&nbsp;<a href=\"https:\/\/stansgar.katolsk.no\/?page_id=25\">https:\/\/stansgar.katolsk.no\/?page_id=25<\/a> .<\/p>\n<p>Hver tirsdag etter aftenmessen er det&nbsp;<b>sakramentstilbedelse<\/b>.<br \/>\n<em>We wtorek po Mszy \u015awi\u0119tej Adoracja Naj\u015bwi\u0119tszego Sakramentu<\/em><\/p>\n<p>&nbsp;For skriftem\u00e5l&nbsp; kontakt prestene.<\/p>\n","protected":false},"excerpt":{"rendered":"<p>Faste messetider er: S\u00f8ndag: kl. &nbsp; 9.00 Messe p\u00e5 polsk kl. 11.00 H\u00f8ymesse kl. 13.00 Messe p\u00e5 vietnamesisk Msze \u015bwi\u0119te w Niedziel\u0119: Godz. &nbsp;9.00 Msza \u015bw: w j\u0119zyku polskim Godz.11.00 Suma w &nbsp;j\u0119zyku norweskim Godz.13.00 Msza \u015bw: w j\u0119zyku wietnamskim&#8230;<br \/><a class=\"read-more-button\" href=\"https:\/\/stansgar.katolsk.no\/?page_id=17\">Read more<\/a><\/p>\n","protected":false},"author":2,"featured_media":0,"parent":0,"menu_order":0,"comment_status":"closed","ping_status":"open","template":"","meta":{"footnotes":""},"class_list":["post-17","page","type-page","status-publish","hentry"],"_links":{"self":[{"href":"https:\/\/stansgar.katolsk.no\/index.php?rest_route=\/wp\/v2\/pages\/17","targetHints":{"allow":["GET"]}}],"collection":[{"href":"https:\/\/stansgar.katolsk.no\/index.php?rest_route=\/wp\/v2\/pages"}],"about":[{"href":"https:\/\/stansgar.katolsk.no\/index.php?rest_route=\/wp\/v2\/types\/page"}],"author":[{"embeddable":true,"href":"https:\/\/stansgar.katolsk.no\/index.php?rest_route=\/wp\/v2\/users\/2"}],"replies":[{"embeddable":true,"href":"https:\/\/stansgar.katolsk.no\/index.php?rest_route=%2Fwp%2Fv2%2Fcomments&post=17"}],"version-history":[{"count":9,"href":"https:\/\/stansgar.katolsk.no\/index.php?rest_route=\/wp\/v2\/pages\/17\/revisions"}],"predecessor-version":[{"id":12298,"href":"https:\/\/stansgar.katolsk.no\/index.php?rest_route=\/wp\/v2\/pages\/17\/revisions\/12298"}],"wp:attachment":[{"href":"https:\/\/stansgar.katolsk.no\/index.php?rest_route=%2Fwp%2Fv2%2Fmedia&parent=17"}],"curies":[{"name":"wp","href":"https:\/\/api.w.org\/{rel}","templated":true}]}}