{"id":1396,"date":"2018-09-25T21:11:00","date_gmt":"2018-09-25T19:11:00","guid":{"rendered":"http:\/\/stansgar.katolsk.no\/index.php\/blog-page\/"},"modified":"2024-05-22T10:04:08","modified_gmt":"2024-05-22T08:04:08","slug":"menighetsradet","status":"publish","type":"page","link":"https:\/\/stansgar.katolsk.no\/?page_id=1396","title":{"rendered":"Menighetsr\u00e5det"},"content":{"rendered":"\n<div class=\"wp-block-buttons is-layout-flex wp-block-buttons-is-layout-flex\">\n<div class=\"wp-block-button\"><a class=\"wp-block-button__link wp-element-button\" href=\"https:\/\/stansgar.katolsk.no\/?page_id=10455\">Innlegg fra menighetsr\u00e5det<\/a><\/div>\n\n\n\n<div class=\"wp-block-button is-style-outline is-style-outline--1\"><a class=\"wp-block-button__link wp-element-button\" href=\"https:\/\/stansgar.katolsk.no\/?page_id=10449\">Referater<\/a><\/div>\n<\/div>\n\n\n<h3>Menighetsr\u00e5det best\u00e5r av f\u00f8lgende medlemmer som er valgt for en 2 \u00e5rs periode, fra 15.05.2024<\/h3>\n<p>&nbsp;<\/p>\n\t\t\t\t<div id='employee_circle_panel_grid_1_emd_employee-cont' class='emd-container '>\n\t\t\t\t\t\t\t\t<div id='employee_circle_panel_grid_1_emd_employee-view' class='emd-view-results'>\n\t\t\t\t\t\t\t\t<input type='hidden' id='emd_entity' name='emd_entity' value='emd_employee'>\n\t\t\t\t<input type='hidden' id='emd_view' name='emd_view' value='employee_circle_panel_grid'>\n\t\t\t\t<input type='hidden' id='emd_view_count' name='emd_view_count' value='1'>\t\n\t\t\t\t<input type='hidden' id='emd_app' name='emd_app' value='employee_spotlight'>\n\t\t\t\t\t\t\t\t\t\t\t<input type='hidden' id='atts_filter' name='atts_filter' value='tax::groups::is::Menighetsr\u00e5det;misc::posts_per_page::is::30;misc::order::is::ASC;'>\n\t\t\t\t\t\t<div class=\"row\"><article style=\"height:350px;margin-bottom:5px\" class=\"col-md-3 col-sm-4 col-xs-6 person\">\n  <div class=\"person-thumb in\">\n     <a href=\"https:\/\/stansgar.katolsk.no\/?emd_employee=dang-quang-tien-louis\" title=\"p.  QUANG TIEN DANG\">\n<div style=\"border-color:lightblue\" class=\"person-img circle\"><img loading=\"lazy\" decoding=\"async\" class=\"emd-img thumb\" src=\"https:\/\/stansgar.katolsk.no\/wp-content\/uploads\/2018\/10\/foto1-150x150.jpg\" width=\"150\" height=\"150\" alt=\"\"\/><\/div>\n<\/a>\n<div class=\"person-tag text-center\">\n<a href=\"https:\/\/stansgar.katolsk.no\/?emd_employee=dang-quang-tien-louis\" class=\"person-name\">p.  QUANG TIEN DANG<\/a>\n<div class=\"person-jobtitle\"><small>Sogneprest, Formann i MR, <\/small><\/div>\n<\/div>\n  <div class=\"person-link\">\n<span class=\"social\">\n<\/span>\n<a class=\"person-page animate\" title=\"Go to the personal page of p.  QUANG TIEN DANG\" href=\"https:\/\/stansgar.katolsk.no\/?emd_employee=dang-quang-tien-louis\"><i class=\"fa fa-user fa-fw text-danger\"><\/i><\/a>\n  <\/div>\n<div id=\"empexcerpt\" class=\"panel-body\"><\/div>\n<\/article><article style=\"height:350px;margin-bottom:5px\" class=\"col-md-3 col-sm-4 col-xs-6 person\">\n  <div class=\"person-thumb in\">\n     <a href=\"https:\/\/stansgar.katolsk.no\/?emd_employee=tomasz-piotr-stachewicz\" title=\"Tomasz Piotr Stachewicz\">\n<div style=\"border-color:lightblue\" class=\"person-img circle\"><img loading=\"lazy\" decoding=\"async\" class=\"emd-img thumb\" src=\"https:\/\/stansgar.katolsk.no\/wp-content\/uploads\/2018\/10\/tomasz-1-150x150.jpg\" width=\"150\" height=\"150\" alt=\"\"\/><\/div>\n<\/a>\n<div class=\"person-tag text-center\">\n<a href=\"https:\/\/stansgar.katolsk.no\/?emd_employee=tomasz-piotr-stachewicz\" class=\"person-name\">Tomasz Piotr Stachewicz<\/a>\n<div class=\"person-jobtitle\"><small>MR medlem <\/small><\/div>\n<\/div>\n  <div class=\"person-link\">\n<span class=\"social\">\n<\/span>\n<a class=\"person-page animate\" title=\"Go to the personal page of Tomasz Piotr Stachewicz\" href=\"https:\/\/stansgar.katolsk.no\/?emd_employee=tomasz-piotr-stachewicz\"><i class=\"fa fa-user fa-fw text-danger\"><\/i><\/a>\n  <\/div>\n<div id=\"empexcerpt\" class=\"panel-body\"><\/div>\n<\/article><article style=\"height:350px;margin-bottom:5px\" class=\"col-md-3 col-sm-4 col-xs-6 person\">\n  <div class=\"person-thumb in\">\n     <a href=\"https:\/\/stansgar.katolsk.no\/?emd_employee=karolina-raj\" title=\"Karolina Raj\">\n<div style=\"border-color:lightblue\" class=\"person-img circle\"><img loading=\"lazy\" decoding=\"async\" class=\"emd-img thumb\" src=\"https:\/\/stansgar.katolsk.no\/wp-content\/uploads\/2018\/10\/karolina-2._121jpg-150x150.jpg\" width=\"150\" height=\"150\" alt=\"\"\/><\/div>\n<\/a>\n<div class=\"person-tag text-center\">\n<a href=\"https:\/\/stansgar.katolsk.no\/?emd_employee=karolina-raj\" class=\"person-name\">Karolina Raj<\/a>\n<div class=\"person-jobtitle\"><small>MR leder og PRO representant, Hovedkateket <\/small><\/div>\n<\/div>\n  <div class=\"person-link\">\n<span class=\"social\">\n<\/span>\n<a class=\"person-page animate\" title=\"Go to the personal page of Karolina Raj\" href=\"https:\/\/stansgar.katolsk.no\/?emd_employee=karolina-raj\"><i class=\"fa fa-user fa-fw text-danger\"><\/i><\/a>\n  <\/div>\n<div id=\"empexcerpt\" class=\"panel-body\"><\/div>\n<\/article><article style=\"height:350px;margin-bottom:5px\" class=\"col-md-3 col-sm-4 col-xs-6 person\">\n  <div class=\"person-thumb in\">\n     <a href=\"https:\/\/stansgar.katolsk.no\/?emd_employee=jocelyn-augland\" title=\"Jocelyn Augland\">\n<div style=\"border-color:lightblue\" class=\"person-img circle\"><img loading=\"lazy\" decoding=\"async\" class=\"emd-img thumb\" src=\"https:\/\/stansgar.katolsk.no\/wp-content\/uploads\/2019\/04\/jocelyn-150x150.jpg\" width=\"150\" height=\"150\" alt=\"\"\/><\/div>\n<\/a>\n<div class=\"person-tag text-center\">\n<a href=\"https:\/\/stansgar.katolsk.no\/?emd_employee=jocelyn-augland\" class=\"person-name\">Jocelyn Augland<\/a>\n<div class=\"person-jobtitle\"><small>MR medlem<\/small><\/div>\n<\/div>\n  <div class=\"person-link\">\n<span class=\"social\">\n<\/span>\n<a class=\"person-page animate\" title=\"Go to the personal page of Jocelyn Augland\" href=\"https:\/\/stansgar.katolsk.no\/?emd_employee=jocelyn-augland\"><i class=\"fa fa-user fa-fw text-danger\"><\/i><\/a>\n  <\/div>\n<div id=\"empexcerpt\" class=\"panel-body\"><\/div>\n<\/article><article style=\"height:350px;margin-bottom:5px\" class=\"col-md-3 col-sm-4 col-xs-6 person\">\n  <div class=\"person-thumb in\">\n     <a href=\"https:\/\/stansgar.katolsk.no\/?emd_employee=xuat-minh-dang\" title=\"Xuat Minh Dang\">\n<div style=\"border-color:lightblue\" class=\"person-img circle\"><img loading=\"lazy\" decoding=\"async\" class=\"emd-img thumb\" src=\"https:\/\/stansgar.katolsk.no\/wp-content\/uploads\/2019\/04\/xuat-150x150.jpg\" width=\"150\" height=\"150\" alt=\"\"\/><\/div>\n<\/a>\n<div class=\"person-tag text-center\">\n<a href=\"https:\/\/stansgar.katolsk.no\/?emd_employee=xuat-minh-dang\" class=\"person-name\">Xuat Minh Dang<\/a>\n<div class=\"person-jobtitle\"><small>MR nestleder<\/small><\/div>\n<\/div>\n  <div class=\"person-link\">\n<span class=\"social\">\n<\/span>\n<a class=\"person-page animate\" title=\"Go to the personal page of Xuat Minh Dang\" href=\"https:\/\/stansgar.katolsk.no\/?emd_employee=xuat-minh-dang\"><i class=\"fa fa-user fa-fw text-danger\"><\/i><\/a>\n  <\/div>\n<div id=\"empexcerpt\" class=\"panel-body\"><\/div>\n<\/article><article style=\"height:350px;margin-bottom:5px\" class=\"col-md-3 col-sm-4 col-xs-6 person\">\n  <div class=\"person-thumb in\">\n     <a href=\"https:\/\/stansgar.katolsk.no\/?emd_employee=jane\" title=\"Jane Andrew\">\n<div style=\"border-color:lightblue\" class=\"person-img circle\"><img loading=\"lazy\" decoding=\"async\" class=\"emd-img thumb\" src=\"https:\/\/stansgar.katolsk.no\/wp-content\/uploads\/2021\/08\/Jane-Andrew_2.-trinn-e1631694667118-140x150.jpg\" width=\"140\" height=\"150\" alt=\"\"\/><\/div>\n<\/a>\n<div class=\"person-tag text-center\">\n<a href=\"https:\/\/stansgar.katolsk.no\/?emd_employee=jane\" class=\"person-name\">Jane Andrew<\/a>\n<div class=\"person-jobtitle\"><small>MR medlem, Hjelpekateket <\/small><\/div>\n<\/div>\n  <div class=\"person-link\">\n<span class=\"social\">\n<\/span>\n<a class=\"person-page animate\" title=\"Go to the personal page of Jane Andrew\" href=\"https:\/\/stansgar.katolsk.no\/?emd_employee=jane\"><i class=\"fa fa-user fa-fw text-danger\"><\/i><\/a>\n  <\/div>\n<div id=\"empexcerpt\" class=\"panel-body\"><\/div>\n<\/article><article style=\"height:350px;margin-bottom:5px\" class=\"col-md-3 col-sm-4 col-xs-6 person\">\n  <div class=\"person-thumb in\">\n     <a href=\"https:\/\/stansgar.katolsk.no\/?emd_employee=helen-maty\" title=\"Helen Maty\">\n<div style=\"border-color:lightblue\" class=\"person-img circle\"><img loading=\"lazy\" decoding=\"async\" class=\"emd-img thumb\" src=\"https:\/\/stansgar.katolsk.no\/wp-content\/uploads\/2022\/04\/Helen-bilde._1jpg-150x150.jpg\" width=\"150\" height=\"150\" alt=\"\"\/><\/div>\n<\/a>\n<div class=\"person-tag text-center\">\n<a href=\"https:\/\/stansgar.katolsk.no\/?emd_employee=helen-maty\" class=\"person-name\">Helen Maty<\/a>\n<div class=\"person-jobtitle\"><small>MR sekret\u00e6r<\/small><\/div>\n<\/div>\n  <div class=\"person-link\">\n<span class=\"social\">\n<\/span>\n<a class=\"person-page animate\" title=\"Go to the personal page of Helen Maty\" href=\"https:\/\/stansgar.katolsk.no\/?emd_employee=helen-maty\"><i class=\"fa fa-user fa-fw text-danger\"><\/i><\/a>\n  <\/div>\n<div id=\"empexcerpt\" class=\"panel-body\"><\/div>\n<\/article><article style=\"height:350px;margin-bottom:5px\" class=\"col-md-3 col-sm-4 col-xs-6 person\">\n  <div class=\"person-thumb in\">\n     <a href=\"https:\/\/stansgar.katolsk.no\/?emd_employee=lan-ngoc-nguyen\" title=\"Lan Ngoc Nguyen\">\n<div style=\"border-color:lightblue\" class=\"person-img circle\"><img loading=\"lazy\" decoding=\"async\" class=\"emd-img thumb\" src=\"https:\/\/stansgar.katolsk.no\/wp-content\/uploads\/2022\/04\/lan-150x150.jpg\" width=\"150\" height=\"150\" alt=\"\"\/><\/div>\n<\/a>\n<div class=\"person-tag text-center\">\n<a href=\"https:\/\/stansgar.katolsk.no\/?emd_employee=lan-ngoc-nguyen\" class=\"person-name\">Lan Ngoc Nguyen<\/a>\n<div class=\"person-jobtitle\"><small>MR medlem<\/small><\/div>\n<\/div>\n  <div class=\"person-link\">\n<span class=\"social\">\n<\/span>\n<a class=\"person-page animate\" title=\"Go to the personal page of Lan Ngoc Nguyen\" href=\"https:\/\/stansgar.katolsk.no\/?emd_employee=lan-ngoc-nguyen\"><i class=\"fa fa-user fa-fw text-danger\"><\/i><\/a>\n  <\/div>\n<div id=\"empexcerpt\" class=\"panel-body\"><\/div>\n<\/article><article style=\"height:350px;margin-bottom:5px\" class=\"col-md-3 col-sm-4 col-xs-6 person\">\n  <div class=\"person-thumb in\">\n     <a href=\"https:\/\/stansgar.katolsk.no\/?emd_employee=daline-habarugira\" title=\"Daline Habarugira\">\n<div style=\"border-color:lightblue\" class=\"person-img circle\"><img loading=\"lazy\" decoding=\"async\" class=\"emd-img thumb\" src=\"https:\/\/stansgar.katolsk.no\/wp-content\/uploads\/2024\/05\/dALINE-150x150.jpg\" width=\"150\" height=\"150\" alt=\"\"\/><\/div>\n<\/a>\n<div class=\"person-tag text-center\">\n<a href=\"https:\/\/stansgar.katolsk.no\/?emd_employee=daline-habarugira\" class=\"person-name\">Daline Habarugira<\/a>\n<div class=\"person-jobtitle\"><small>MR medlem <\/small><\/div>\n<\/div>\n  <div class=\"person-link\">\n<span class=\"social\">\n<\/span>\n<a class=\"person-page animate\" title=\"Go to the personal page of Daline Habarugira\" href=\"https:\/\/stansgar.katolsk.no\/?emd_employee=daline-habarugira\"><i class=\"fa fa-user fa-fw text-danger\"><\/i><\/a>\n  <\/div>\n<div id=\"empexcerpt\" class=\"panel-body\"><\/div>\n<\/article><article style=\"height:350px;margin-bottom:5px\" class=\"col-md-3 col-sm-4 col-xs-6 person\">\n  <div class=\"person-thumb in\">\n     <a href=\"https:\/\/stansgar.katolsk.no\/?emd_employee=robert-bjornshei\" title=\"Robert Bj\u00f8rnshei\">\n<div style=\"border-color:lightblue\" class=\"person-img circle\"><img loading=\"lazy\" decoding=\"async\" class=\"emd-img thumb\" src=\"https:\/\/stansgar.katolsk.no\/wp-content\/uploads\/2024\/05\/Robert-150x150.png\" width=\"150\" height=\"150\" alt=\"\"\/><\/div>\n<\/a>\n<div class=\"person-tag text-center\">\n<a href=\"https:\/\/stansgar.katolsk.no\/?emd_employee=robert-bjornshei\" class=\"person-name\">Robert Bj\u00f8rnshei<\/a>\n<div class=\"person-jobtitle\"><small>MR medlem <\/small><\/div>\n<\/div>\n  <div class=\"person-link\">\n<span class=\"social\">\n<\/span>\n<a class=\"person-page animate\" title=\"Go to the personal page of Robert Bj\u00f8rnshei\" href=\"https:\/\/stansgar.katolsk.no\/?emd_employee=robert-bjornshei\"><i class=\"fa fa-user fa-fw text-danger\"><\/i><\/a>\n  <\/div>\n<div id=\"empexcerpt\" class=\"panel-body\"><\/div>\n<\/article><article style=\"height:350px;margin-bottom:5px\" class=\"col-md-3 col-sm-4 col-xs-6 person\">\n  <div class=\"person-thumb in\">\n     <a href=\"https:\/\/stansgar.katolsk.no\/?emd_employee=frans-agang-hansen\" title=\"Frans Agang Hansen\">\n<div style=\"border-color:lightblue\" class=\"person-img circle\"><img loading=\"lazy\" decoding=\"async\" class=\"emd-img thumb\" src=\"https:\/\/stansgar.katolsk.no\/wp-content\/uploads\/2024\/05\/frans-hansen-150x150.jpg\" width=\"150\" height=\"150\" alt=\"\"\/><\/div>\n<\/a>\n<div class=\"person-tag text-center\">\n<a href=\"https:\/\/stansgar.katolsk.no\/?emd_employee=frans-agang-hansen\" class=\"person-name\">Frans Agang Hansen<\/a>\n<div class=\"person-jobtitle\"><small>MR medlem <\/small><\/div>\n<\/div>\n  <div class=\"person-link\">\n<span class=\"social\">\n<\/span>\n<a class=\"person-page animate\" title=\"Go to the personal page of Frans Agang Hansen\" href=\"https:\/\/stansgar.katolsk.no\/?emd_employee=frans-agang-hansen\"><i class=\"fa fa-user fa-fw text-danger\"><\/i><\/a>\n  <\/div>\n<div id=\"empexcerpt\" class=\"panel-body\"><\/div>\n<\/article><article style=\"height:350px;margin-bottom:5px\" class=\"col-md-3 col-sm-4 col-xs-6 person\">\n  <div class=\"person-thumb in\">\n     <a href=\"https:\/\/stansgar.katolsk.no\/?emd_employee=dawid-efram-zerizghi\" title=\"Dawid Efram Zerizghi\">\n<div style=\"border-color:lightblue\" class=\"person-img circle\"><img loading=\"lazy\" decoding=\"async\" class=\"emd-img thumb\" src=\"https:\/\/stansgar.katolsk.no\/wp-content\/uploads\/2024\/05\/dawid-150x150.jpg\" width=\"150\" height=\"150\" alt=\"\"\/><\/div>\n<\/a>\n<div class=\"person-tag text-center\">\n<a href=\"https:\/\/stansgar.katolsk.no\/?emd_employee=dawid-efram-zerizghi\" class=\"person-name\">Dawid Efram Zerizghi<\/a>\n<div class=\"person-jobtitle\"><small>MR medlem <\/small><\/div>\n<\/div>\n  <div class=\"person-link\">\n<span class=\"social\">\n<\/span>\n<a class=\"person-page animate\" title=\"Go to the personal page of Dawid Efram Zerizghi\" href=\"https:\/\/stansgar.katolsk.no\/?emd_employee=dawid-efram-zerizghi\"><i class=\"fa fa-user fa-fw text-danger\"><\/i><\/a>\n  <\/div>\n<div id=\"empexcerpt\" class=\"panel-body\"><\/div>\n<\/article><article style=\"height:350px;margin-bottom:5px\" class=\"col-md-3 col-sm-4 col-xs-6 person\">\n  <div class=\"person-thumb in\">\n     <a href=\"https:\/\/stansgar.katolsk.no\/?emd_employee=gladys-daisy-lopez\" title=\"Gladys Daisy Lopez\">\n<div style=\"border-color:lightblue\" class=\"person-img circle\"><img loading=\"lazy\" decoding=\"async\" class=\"emd-img thumb\" src=\"https:\/\/stansgar.katolsk.no\/wp-content\/uploads\/2024\/05\/Daisy-1-150x150.jpg\" width=\"150\" height=\"150\" alt=\"\"\/><\/div>\n<\/a>\n<div class=\"person-tag text-center\">\n<a href=\"https:\/\/stansgar.katolsk.no\/?emd_employee=gladys-daisy-lopez\" class=\"person-name\">Gladys Daisy Lopez<\/a>\n<div class=\"person-jobtitle\"><small>MR medlem , hjelpekateket<\/small><\/div>\n<\/div>\n  <div class=\"person-link\">\n<span class=\"social\">\n<\/span>\n<a class=\"person-page animate\" title=\"Go to the personal page of Gladys Daisy Lopez\" href=\"https:\/\/stansgar.katolsk.no\/?emd_employee=gladys-daisy-lopez\"><i class=\"fa fa-user fa-fw text-danger\"><\/i><\/a>\n  <\/div>\n<div id=\"empexcerpt\" class=\"panel-body\"><\/div>\n<\/article><\/div>\t\t\t\t<\/div>\n\t\t\t\t<\/div>\n\t\t\t\t\n<hr>\n<p>Statutter for menighetsr\u00e5det finnes <a href=\"http:\/\/www.katolsk.no\/organisasjon\/okb\/regler\/mr\" target=\"_blank\" rel=\"noopener noreferrer\">her<\/a><\/p>","protected":false},"excerpt":{"rendered":"<p>Menighetsr\u00e5det best\u00e5r av f\u00f8lgende medlemmer som er valgt for en 2 \u00e5rs periode, fra 15.05.2024 &nbsp; Statutter for menighetsr\u00e5det finnes her<\/p>\n","protected":false},"author":3,"featured_media":0,"parent":0,"menu_order":0,"comment_status":"closed","ping_status":"closed","template":"","meta":{"footnotes":""},"class_list":["post-1396","page","type-page","status-publish","hentry"],"_links":{"self":[{"href":"https:\/\/stansgar.katolsk.no\/index.php?rest_route=\/wp\/v2\/pages\/1396","targetHints":{"allow":["GET"]}}],"collection":[{"href":"https:\/\/stansgar.katolsk.no\/index.php?rest_route=\/wp\/v2\/pages"}],"about":[{"href":"https:\/\/stansgar.katolsk.no\/index.php?rest_route=\/wp\/v2\/types\/page"}],"author":[{"embeddable":true,"href":"https:\/\/stansgar.katolsk.no\/index.php?rest_route=\/wp\/v2\/users\/3"}],"replies":[{"embeddable":true,"href":"https:\/\/stansgar.katolsk.no\/index.php?rest_route=%2Fwp%2Fv2%2Fcomments&post=1396"}],"version-history":[{"count":24,"href":"https:\/\/stansgar.katolsk.no\/index.php?rest_route=\/wp\/v2\/pages\/1396\/revisions"}],"predecessor-version":[{"id":12912,"href":"https:\/\/stansgar.katolsk.no\/index.php?rest_route=\/wp\/v2\/pages\/1396\/revisions\/12912"}],"wp:attachment":[{"href":"https:\/\/stansgar.katolsk.no\/index.php?rest_route=%2Fwp%2Fv2%2Fmedia&parent=1396"}],"curies":[{"name":"wp","href":"https:\/\/api.w.org\/{rel}","templated":true}]}}