{"id":1395,"date":"2018-09-25T21:13:00","date_gmt":"2018-09-25T19:13:00","guid":{"rendered":"http:\/\/stansgar.katolsk.no\/index.php\/finansrade\/"},"modified":"2022-06-24T13:50:20","modified_gmt":"2022-06-24T11:50:20","slug":"finansrade","status":"publish","type":"page","link":"https:\/\/stansgar.katolsk.no\/?page_id=1395","title":{"rendered":"Finansr\u00e5det"},"content":{"rendered":"\n<div class=\"wp-block-buttons is-layout-flex wp-block-buttons-is-layout-flex\">\n<div class=\"wp-block-button\"><a class=\"wp-block-button__link\" href=\"https:\/\/stansgar.katolsk.no\/?page_id=10441\">REFERATER<\/a><\/div>\n<\/div>\n\n\n<p>Finansr\u00e5det best\u00e5r av f\u00f8lgende medlemmer som er utnevnt av sognepresten<\/p>\n\t\t\t\t<div id='employee_circle_panel_grid_1_emd_employee-cont' class='emd-container '>\n\t\t\t\t\t\t\t\t<div id='employee_circle_panel_grid_1_emd_employee-view' class='emd-view-results'>\n\t\t\t\t\t\t\t\t<input type='hidden' id='emd_entity' name='emd_entity' value='emd_employee'>\n\t\t\t\t<input type='hidden' id='emd_view' name='emd_view' value='employee_circle_panel_grid'>\n\t\t\t\t<input type='hidden' id='emd_view_count' name='emd_view_count' value='1'>\t\n\t\t\t\t<input type='hidden' id='emd_app' name='emd_app' value='employee_spotlight'>\n\t\t\t\t\t\t\t\t\t\t\t<input type='hidden' id='atts_filter' name='atts_filter' value='tax::groups::is::finansr\u00e5det;misc::posts_per_page::is::30;misc::order::is::ASC;'>\n\t\t\t\t\t\t<div class=\"row\"><article style=\"height:350px;margin-bottom:5px\" class=\"col-md-3 col-sm-4 col-xs-6 person\">\n  <div class=\"person-thumb in\">\n     <a href=\"https:\/\/stansgar.katolsk.no\/?emd_employee=doan-van-thao\" title=\"Doan Van Thao\">\n<div style=\"border-color:lightblue\" class=\"person-img circle\"><img loading=\"lazy\" decoding=\"async\" class=\"emd-img thumb\" src=\"https:\/\/stansgar.katolsk.no\/wp-content\/uploads\/2019\/01\/Doan-Van-Thao-2-150x150.png\" width=\"150\" height=\"150\" alt=\"\"\/><\/div>\n<\/a>\n<div class=\"person-tag text-center\">\n<a href=\"https:\/\/stansgar.katolsk.no\/?emd_employee=doan-van-thao\" class=\"person-name\">Doan Van Thao<\/a>\n  <div class=\"person-link\">\n<span class=\"social\">\n<\/span>\n<a class=\"person-page animate\" title=\"Go to the personal page of Doan Van Thao\" href=\"https:\/\/stansgar.katolsk.no\/?emd_employee=doan-van-thao\"><i class=\"fa fa-user fa-fw text-danger\"><\/i><\/a>\n  <\/div>\n<div id=\"empexcerpt\" class=\"panel-body\"><\/div>\n<\/article><article style=\"height:350px;margin-bottom:5px\" class=\"col-md-3 col-sm-4 col-xs-6 person\">\n  <div class=\"person-thumb in\">\n     <a href=\"https:\/\/stansgar.katolsk.no\/?emd_employee=lidia-helena-urban\" title=\"Lidia Helena Urban\">\n<div style=\"border-color:lightblue\" class=\"person-img circle\"><img loading=\"lazy\" decoding=\"async\" class=\"emd-img thumb\" src=\"https:\/\/stansgar.katolsk.no\/wp-content\/uploads\/2018\/10\/user-default-150x150.png\" width=\"150\" height=\"150\" alt=\"\"\/><\/div>\n<\/a>\n<div class=\"person-tag text-center\">\n<a href=\"https:\/\/stansgar.katolsk.no\/?emd_employee=lidia-helena-urban\" class=\"person-name\">Lidia Helena Urban<\/a>\n  <div class=\"person-link\">\n<span class=\"social\">\n<\/span>\n<a class=\"person-page animate\" title=\"Go to the personal page of Lidia Helena Urban\" href=\"https:\/\/stansgar.katolsk.no\/?emd_employee=lidia-helena-urban\"><i class=\"fa fa-user fa-fw text-danger\"><\/i><\/a>\n  <\/div>\n<div id=\"empexcerpt\" class=\"panel-body\"><\/div>\n<\/article><article style=\"height:350px;margin-bottom:5px\" class=\"col-md-3 col-sm-4 col-xs-6 person\">\n  <div class=\"person-thumb in\">\n     <a href=\"https:\/\/stansgar.katolsk.no\/?emd_employee=john-a-hunnes\" title=\"John Arngrim Hunnes\">\n<div style=\"border-color:lightblue\" class=\"person-img circle\"><img loading=\"lazy\" decoding=\"async\" class=\"emd-img thumb\" src=\"https:\/\/stansgar.katolsk.no\/wp-content\/uploads\/2019\/01\/John-Arngrim-Hunnes-150x150.jpg\" width=\"150\" height=\"150\" alt=\"\"\/><\/div>\n<\/a>\n<div class=\"person-tag text-center\">\n<a href=\"https:\/\/stansgar.katolsk.no\/?emd_employee=john-a-hunnes\" class=\"person-name\">John Arngrim Hunnes<\/a>\n<div class=\"person-jobtitle\"><small> Finansr\u00e5det<\/small><\/div>\n<\/div>\n  <div class=\"person-link\">\n<span class=\"social\">\n<\/span>\n<a class=\"person-page animate\" title=\"Go to the personal page of John Arngrim Hunnes\" href=\"https:\/\/stansgar.katolsk.no\/?emd_employee=john-a-hunnes\"><i class=\"fa fa-user fa-fw text-danger\"><\/i><\/a>\n  <\/div>\n<div id=\"empexcerpt\" class=\"panel-body\"><\/div>\n<\/article><\/div>\t\t\t\t<\/div>\n\t\t\t\t<\/div>\n\t\t\t\t\n<hr>\n<p>Statutter for finansr\u00e5d finnes <a href=\"http:\/\/www.katolsk.no\/organisasjon\/okb\/regler\/fr\" target=\"_blank\" rel=\"noopener noreferrer\">her<\/a><\/p>\n\n\n<p>Dersom dere lurer p\u00e5 noe ta kontakt med kontoret for sp\u00f8rsm\u00e5l og svar.<\/p>\n","protected":false},"excerpt":{"rendered":"<p>Finansr\u00e5det best\u00e5r av f\u00f8lgende medlemmer som er utnevnt av sognepresten Statutter for finansr\u00e5d finnes her Dersom dere lurer p\u00e5 noe ta kontakt med kontoret for sp\u00f8rsm\u00e5l og svar.<\/p>\n","protected":false},"author":3,"featured_media":0,"parent":0,"menu_order":0,"comment_status":"closed","ping_status":"closed","template":"","meta":{"footnotes":""},"class_list":["post-1395","page","type-page","status-publish","hentry"],"_links":{"self":[{"href":"https:\/\/stansgar.katolsk.no\/index.php?rest_route=\/wp\/v2\/pages\/1395","targetHints":{"allow":["GET"]}}],"collection":[{"href":"https:\/\/stansgar.katolsk.no\/index.php?rest_route=\/wp\/v2\/pages"}],"about":[{"href":"https:\/\/stansgar.katolsk.no\/index.php?rest_route=\/wp\/v2\/types\/page"}],"author":[{"embeddable":true,"href":"https:\/\/stansgar.katolsk.no\/index.php?rest_route=\/wp\/v2\/users\/3"}],"replies":[{"embeddable":true,"href":"https:\/\/stansgar.katolsk.no\/index.php?rest_route=%2Fwp%2Fv2%2Fcomments&post=1395"}],"version-history":[{"count":16,"href":"https:\/\/stansgar.katolsk.no\/index.php?rest_route=\/wp\/v2\/pages\/1395\/revisions"}],"predecessor-version":[{"id":10518,"href":"https:\/\/stansgar.katolsk.no\/index.php?rest_route=\/wp\/v2\/pages\/1395\/revisions\/10518"}],"wp:attachment":[{"href":"https:\/\/stansgar.katolsk.no\/index.php?rest_route=%2Fwp%2Fv2%2Fmedia&parent=1395"}],"curies":[{"name":"wp","href":"https:\/\/api.w.org\/{rel}","templated":true}]}}