{"id":1374,"date":"2018-09-26T07:03:00","date_gmt":"2018-09-26T05:03:00","guid":{"rendered":"http:\/\/stansgar.katolsk.no\/index.php\/troskurs-for-voksne\/"},"modified":"2025-10-07T14:50:50","modified_gmt":"2025-10-07T12:50:50","slug":"troskurs-for-voksne","status":"publish","type":"page","link":"https:\/\/stansgar.katolsk.no\/?page_id=1374","title":{"rendered":"Troskurs for voksne"},"content":{"rendered":"<div class=\"MsoNormal\" style=\"line-height: 18.4px;\">\n<p><strong><span style=\"font-size: 16pt;\">Kurs i katolsk tro og trospraksis for ikke-katolikker.<\/span><\/strong><\/p>\n<p><strong>Informasjon om Troskurs 2025\/26<\/strong><\/p>\n<p>Troskurset er et tilbud til dem som \u00f8nsker \u00e5 bli kjent med den katolske tro. For dem som tar sikte p\u00e5 \u00e5 konvertere til den katolske kirke, er det to-\u00e5rige kurset forpliktende og et grunnleggende ledd i forberedelsen til \u00e5 bli tatt opp. De som \u00f8nsker \u00e5 konvertere b\u00f8r ogs\u00e5 delta i s\u00f8ndagsmessen som er kjernen i katolsk trosliv. Kurset tar sikte p\u00e5 \u00e5 gi forst\u00e5else for de vesentlige sider ved den katolske tro, l\u00e6re og trospraksis.<\/p>\n<p>Kurset holdes i St. Ansgars menighetssal, Kongens gata 13, to ganger i m\u00e5neden fra kl. 18.45 til ca. kl. 20.45. (<em>Kom gjerne ogs\u00e5 til messen kl 18.00.<\/em>)<\/p>\n<p>De fleste deltakerne begynner om h\u00f8sten, men det er ogs\u00e5 mulig \u00e5 begynne senere i \u00e5rets l\u00f8p. Man fortsetter slik at man fullf\u00f8rer hele kurset. Kursene holdes p\u00e5 <strong>torsdager<\/strong>.<\/p>\n<p>Ved personlige sp\u00f8rsm\u00e5l om den katolske tro kan deltakerne henvende seg til p. Tien eller en av kateketene for r\u00e5d og veiledning.<\/p>\n<p><strong>Kurset ledes av<\/strong>:<\/p>\n<ol>\n<li><strong> Louis Dang Quang Tien er hovedansvarlig for kurset.&nbsp; <br><br>P\u00e5melding<\/strong><\/li>\n<\/ol>\n<p>De som \u00f8nsker \u00e5 delta melder seg til pater Tien (eller til menighetens sekret\u00e6r), tlf. 95409125 eller e-mail: <a href=\"mailto:Louis.Tien@katolsk.no\">Louis.Tien@katolsk.no<\/a><\/p>\n<p><strong>Undervisningen er for tiden delegert til: <\/strong><\/p>\n<p><strong>Monika \u00d8stensen, Mogens Alb\u00e6k, og Frode Thorop<\/strong><\/p>\n<p><strong>DATOENE FOR KURSET <\/strong><\/p>\n<ul>\n<li><strong>H\u00f8sten 2025: 10 m\u00f8ter<br>V\u00e5ren 2026: 12 m\u00f8ter.<\/strong><\/li>\n<\/ul>\n<p><strong>H\u00f8sten 2025: <\/strong><strong>14. august, 28. august, 11. september, 25. september, 09. oktober, <br>23. oktober, 06. november, 20. november, 04. desember og 18. desember<\/strong><\/p>\n<p><strong>V\u00e5ren 2026:<br>08.januar; 22. januar; 05. februar; 19. februar; 05. mars; 19. mars; 09. april; 23. april; 07.mai; 21. mai; 04. juni; 18. juni <\/strong><\/p>\n<p><strong>Emner i katekismen som gjennomg\u00e5s:<\/strong><\/p>\n<ol>\n<li>TROSBEKJENNELSEN [1-217*] <strong>KKK* 1- 1065<\/strong>: Kirkens tro om treenigheten, kirken og det evige liv. (KKK *Referer til avsnitt i Den Katolske Kirkes Katekisme)<\/li>\n<li>FEIRINGEN AV DET KRISTNE MYSTERIUM [218-356] <strong>KKK 1066 \u2013 1690 <br><\/strong>Guds frelse, fullbyrdet en gang for alle ved Kristus Jesus og ved den Hellige \u00c5nd og ved de hellige handlinger i Kirkens liturgi.<\/li>\n<li>LIVET I KRISTUS [357-533] <strong>KKK 1691- 2558: <\/strong>Veier som f\u00f8rer til det evige liv.<\/li>\n<li>KRISTEN B\u00d8NN [534-597] KKK 2559 \u2013 2865 <strong><br><\/strong>B\u00f8nnens mening og betydning i den kristnes liv.<\/li>\n<\/ol>\n<p><strong>H\u00e5ndb\u00f8ker for kurset:<\/strong><\/p>\n<p><strong>Katolske Kirkes Katekisme, kompendium<\/strong>, St. Olav forlag 2007<\/p>\n<p><strong>Svar p\u00e5 101 sp\u00f8rsm\u00e5l<\/strong> om Den Katolske Kirkes Katekisme<\/p>\n<p><strong>Messebok<\/strong> for s\u00f8ndager og festdager<\/p>\n<p><strong>Den Katolske Kirkes Katekisme<\/strong><strong>, denne<\/strong> finnes ogs\u00e5 tilgjengelig p\u00e5 nettsiden <strong>katolsk.no<\/strong><strong> Finne den katolske katekismen p\u00e5 nettet<\/strong> (gratis tilgang):<\/p>\n<p>Gj\u00f8r slik:<\/p>\n<ol>\n<li>s\u00f8k &#8216;<a href=\"http:\/\/katolsk.no\">katolsk.no<\/a>&#8216;<\/li>\n<li>Klikk p\u00e5 &#8216;Den katolske kirke&#8217;<\/li>\n<li>\u00d8verst finner du linjen &#8216;meny&#8217;<\/li>\n<li>Klikk p\u00e5 &#8216;V\u00e5r tro&#8217;<\/li>\n<li>Klikk p\u00e5 katekismen, s\u00e5 kommer innholdsfortegnelsen opp og der kan du klikke p\u00e5 innholdet du vil lese, for eksempel &#8216;kirke&#8217;, s\u00e5 kommer teksten om kirken opp.<\/li>\n<\/ol>\n<p>Kursserien<strong> katolsk.no\/sycamore <\/strong>er en serie av videoer p\u00e5 engelsk som gir en god innf\u00f8ring i katolsk tro. De er et engasjerende tillegg til de mer teoretiske tekster av den katolske katekisme.<\/p>\n<p>EWTN <strong>St. Rita radio Katolske podkaster fra EWTN Norge <\/strong>byr p\u00e5 daglig b\u00f8nn, bibeltekster, helgenliv og evangelieforklaringer.<\/p>\n<p><strong>Lese bibelen p\u00e5 nettet: Klikk p\u00e5 \u00abBibelselskapet\u00bb <\/strong>Du finner bibelen under stikkordet \u00abNettbibelen\u00bb. Hvis du aldri har lest bibelen, start med Lukasevangeliet. Tips om hvordan du finner frem i bibelen og hvordan du leser den finner du under \u00abBibelselskapet\u00bb og \u00abHvordan lese bibelen\u00bb.<\/p>\n<p>&nbsp;<\/p>\n<p>&nbsp;<\/p>\n<p>&nbsp;<\/p>\n<\/div>\n\n\n<p>&nbsp;<\/p>\n","protected":false},"excerpt":{"rendered":"<p>Kurs i katolsk tro og trospraksis for ikke-katolikker. Informasjon om Troskurs 2025\/26 Troskurset er et tilbud til dem som \u00f8nsker \u00e5 bli kjent med den katolske tro. For dem som tar sikte p\u00e5 \u00e5 konvertere til den katolske kirke, er&#8230;<br \/><a class=\"read-more-button\" href=\"https:\/\/stansgar.katolsk.no\/?page_id=1374\">Read more<\/a><\/p>\n","protected":false},"author":3,"featured_media":0,"parent":0,"menu_order":0,"comment_status":"closed","ping_status":"closed","template":"","meta":{"footnotes":""},"class_list":["post-1374","page","type-page","status-publish","hentry"],"_links":{"self":[{"href":"https:\/\/stansgar.katolsk.no\/index.php?rest_route=\/wp\/v2\/pages\/1374","targetHints":{"allow":["GET"]}}],"collection":[{"href":"https:\/\/stansgar.katolsk.no\/index.php?rest_route=\/wp\/v2\/pages"}],"about":[{"href":"https:\/\/stansgar.katolsk.no\/index.php?rest_route=\/wp\/v2\/types\/page"}],"author":[{"embeddable":true,"href":"https:\/\/stansgar.katolsk.no\/index.php?rest_route=\/wp\/v2\/users\/3"}],"replies":[{"embeddable":true,"href":"https:\/\/stansgar.katolsk.no\/index.php?rest_route=%2Fwp%2Fv2%2Fcomments&post=1374"}],"version-history":[{"count":15,"href":"https:\/\/stansgar.katolsk.no\/index.php?rest_route=\/wp\/v2\/pages\/1374\/revisions"}],"predecessor-version":[{"id":22638,"href":"https:\/\/stansgar.katolsk.no\/index.php?rest_route=\/wp\/v2\/pages\/1374\/revisions\/22638"}],"wp:attachment":[{"href":"https:\/\/stansgar.katolsk.no\/index.php?rest_route=%2Fwp%2Fv2%2Fmedia&parent=1374"}],"curies":[{"name":"wp","href":"https:\/\/api.w.org\/{rel}","templated":true}]}}