{"id":1370,"date":"2018-09-30T17:56:00","date_gmt":"2018-09-30T15:56:00","guid":{"rendered":"http:\/\/stansgar.katolsk.no\/index.php\/bibelgruppe\/"},"modified":"2025-12-29T16:10:35","modified_gmt":"2025-12-29T15:10:35","slug":"bibelgruppe","status":"publish","type":"page","link":"https:\/\/stansgar.katolsk.no\/?page_id=1370","title":{"rendered":"Bibelgruppe"},"content":{"rendered":"<p>&nbsp;<\/p>\n<div class=\"separator\" style=\"clear: both; text-align: center;\"><a style=\"margin-left: 1em; margin-right: 1em;\" href=\"https:\/\/static.wixstatic.com\/media\/500e59_4444660b2f7c4774b13c1eef7a54484c~mv2.jpg\"><img loading=\"lazy\" decoding=\"async\" src=\"https:\/\/static.wixstatic.com\/media\/500e59_4444660b2f7c4774b13c1eef7a54484c~mv2.jpg\" width=\"320\" height=\"222\" border=\"0\" data-original-height=\"289\" data-original-width=\"416\" \/><\/a><\/div>\n<div class=\"MsoNormal\"><b style=\"mso-bidi-font-weight: normal;\">\u00a0<\/b><\/div>\n<h2>Bibelgruppe<\/h2>\n<div class=\"MsoNormal\">\n<p>&nbsp;<\/p>\n<p>Bibelgruppen i St. Ansgar menighet starter sine m\u00f8ter i \u00e5ret 2026 i januar.<\/p>\n<p>Vi fortsetter med \u00e5 lese <strong>Markus<\/strong><strong>evangeliet<\/strong> sammen, fordype oss i teksten, diskutere hva teksten betyr i v\u00e5rt eget liv og hvordan vi kan leve budskapet evangeliet formidler.<\/p>\n<p>Gruppen m\u00f8ter <strong>p\u00e5 onsdager <\/strong>etter kveldsmessen i biblioteket i Kiga.<\/p>\n<p><strong>Dato for bibelgruppens m\u00f8ter 2026:<\/strong><\/p>\n<ol start=\"7\">\n<li>januar, 04. februar, 04. mars, 08. april, 06.mai, 03. juni,5. august, 02. september, 07. oktober, 04. november og 02. desember.<\/li>\n<\/ol>\n<p><strong>M\u00f8te varer fra kl. 18:45 frem til kl. 20:15<\/strong><\/p>\n<p>Alle interesserte er velkommen! Vi h\u00e5per at mange vil v\u00e6re med oss p\u00e5 ferden gjennom Guds ord som skal inspirere oss og forme v\u00e5rt kristne liv.<\/p>\n<p><strong>De som \u00f8nsker \u00e5 delta kan melde seg til en av de f\u00f8lgende:<\/strong><\/p>\n<p>Monika \u00d8stensen (tlf. 90218687; e-mail: monika.ostensen@gmail.com<br \/>\npater Tien tlf. 95409125 eller e-mail: <a href=\"mailto:Louis.Tien@katolsk.no\">Louis.Tien@katolsk.no<\/a>.<\/p>\n<\/div>\n<div class=\"MsoNormal\"><\/div>\n<p>&nbsp;<\/p>\n","protected":false},"excerpt":{"rendered":"<p>&nbsp; \u00a0 Bibelgruppe &nbsp; Bibelgruppen i St. Ansgar menighet starter sine m\u00f8ter i \u00e5ret 2026 i januar. Vi fortsetter med \u00e5 lese Markusevangeliet sammen, fordype oss i teksten, diskutere hva teksten betyr i v\u00e5rt eget liv og hvordan vi kan&#8230;<br \/><a class=\"read-more-button\" href=\"https:\/\/stansgar.katolsk.no\/?page_id=1370\">Read more<\/a><\/p>\n","protected":false},"author":3,"featured_media":0,"parent":0,"menu_order":0,"comment_status":"closed","ping_status":"closed","template":"","meta":{"footnotes":""},"class_list":["post-1370","page","type-page","status-publish","hentry"],"_links":{"self":[{"href":"https:\/\/stansgar.katolsk.no\/index.php?rest_route=\/wp\/v2\/pages\/1370","targetHints":{"allow":["GET"]}}],"collection":[{"href":"https:\/\/stansgar.katolsk.no\/index.php?rest_route=\/wp\/v2\/pages"}],"about":[{"href":"https:\/\/stansgar.katolsk.no\/index.php?rest_route=\/wp\/v2\/types\/page"}],"author":[{"embeddable":true,"href":"https:\/\/stansgar.katolsk.no\/index.php?rest_route=\/wp\/v2\/users\/3"}],"replies":[{"embeddable":true,"href":"https:\/\/stansgar.katolsk.no\/index.php?rest_route=%2Fwp%2Fv2%2Fcomments&post=1370"}],"version-history":[{"count":16,"href":"https:\/\/stansgar.katolsk.no\/index.php?rest_route=\/wp\/v2\/pages\/1370\/revisions"}],"predecessor-version":[{"id":22804,"href":"https:\/\/stansgar.katolsk.no\/index.php?rest_route=\/wp\/v2\/pages\/1370\/revisions\/22804"}],"wp:attachment":[{"href":"https:\/\/stansgar.katolsk.no\/index.php?rest_route=%2Fwp%2Fv2%2Fmedia&parent=1370"}],"curies":[{"name":"wp","href":"https:\/\/api.w.org\/{rel}","templated":true}]}}