{"id":12360,"date":"2023-09-20T10:47:48","date_gmt":"2023-09-20T08:47:48","guid":{"rendered":"https:\/\/stansgar.katolsk.no\/?page_id=12360"},"modified":"2025-08-14T14:33:25","modified_gmt":"2025-08-14T12:33:25","slug":"unge-voksen-gruppen","status":"publish","type":"page","link":"https:\/\/stansgar.katolsk.no\/?page_id=12360","title":{"rendered":"UNGE VOKSNE GRUPPEN"},"content":{"rendered":"\n<p><strong>Unge voksen gruppen (18 \u00e5r \u2013 35 \u00e5r)  2025<\/strong><\/p>\n\n\n\n<p>Unge voksen gruppen m\u00f8tes noen torsdager i \u00e5ret i Ungdomskjelleren kl. 19.00 \u2013 22.00. Det blir kunngjort i s\u00f8ndagsmessen n\u00e5r det er m\u00f8te.<\/p>\n\n\n\n<p>De som \u00f8nsker det, kan deltar f\u00f8rst p\u00e5 messen kl. 18.00 .<\/p>\n\n\n\n<p>Oppm\u00f8tested er i inngangspartiet i kirka.<\/p>\n\n\n\n<figure class=\"wp-block-gallery has-nested-images columns-default is-cropped wp-block-gallery-1 is-layout-flex wp-block-gallery-is-layout-flex\">\n<figure class=\"wp-block-image size-large\"><img loading=\"lazy\" decoding=\"async\" width=\"724\" height=\"1024\" data-id=\"22401\" src=\"https:\/\/stansgar.katolsk.no\/wp-content\/uploads\/2025\/08\/Bilde-St-hieronymus-1-724x1024.png\" alt=\"\" class=\"wp-image-22401\" srcset=\"https:\/\/stansgar.katolsk.no\/wp-content\/uploads\/2025\/08\/Bilde-St-hieronymus-1-724x1024.png 724w, https:\/\/stansgar.katolsk.no\/wp-content\/uploads\/2025\/08\/Bilde-St-hieronymus-1-212x300.png 212w, https:\/\/stansgar.katolsk.no\/wp-content\/uploads\/2025\/08\/Bilde-St-hieronymus-1-768x1086.png 768w, https:\/\/stansgar.katolsk.no\/wp-content\/uploads\/2025\/08\/Bilde-St-hieronymus-1-1086x1536.png 1086w, https:\/\/stansgar.katolsk.no\/wp-content\/uploads\/2025\/08\/Bilde-St-hieronymus-1-1448x2048.png 1448w, https:\/\/stansgar.katolsk.no\/wp-content\/uploads\/2025\/08\/Bilde-St-hieronymus-1-956x1352.png 956w, https:\/\/stansgar.katolsk.no\/wp-content\/uploads\/2025\/08\/Bilde-St-hieronymus-1.png 1591w\" sizes=\"auto, (max-width: 724px) 100vw, 724px\" \/><\/figure>\n<\/figure>\n\n\n\n<p><\/p>\n","protected":false},"excerpt":{"rendered":"<p>Unge voksen gruppen (18 \u00e5r \u2013 35 \u00e5r) 2025 Unge voksen gruppen m\u00f8tes noen torsdager i \u00e5ret i Ungdomskjelleren kl. 19.00 \u2013 22.00. Det blir kunngjort i s\u00f8ndagsmessen n\u00e5r det er m\u00f8te. De som \u00f8nsker det, kan deltar f\u00f8rst p\u00e5&#8230;<br \/><a class=\"read-more-button\" href=\"https:\/\/stansgar.katolsk.no\/?page_id=12360\">Read more<\/a><\/p>\n","protected":false},"author":1,"featured_media":0,"parent":0,"menu_order":0,"comment_status":"closed","ping_status":"closed","template":"","meta":{"footnotes":""},"class_list":["post-12360","page","type-page","status-publish","hentry"],"_links":{"self":[{"href":"https:\/\/stansgar.katolsk.no\/index.php?rest_route=\/wp\/v2\/pages\/12360","targetHints":{"allow":["GET"]}}],"collection":[{"href":"https:\/\/stansgar.katolsk.no\/index.php?rest_route=\/wp\/v2\/pages"}],"about":[{"href":"https:\/\/stansgar.katolsk.no\/index.php?rest_route=\/wp\/v2\/types\/page"}],"author":[{"embeddable":true,"href":"https:\/\/stansgar.katolsk.no\/index.php?rest_route=\/wp\/v2\/users\/1"}],"replies":[{"embeddable":true,"href":"https:\/\/stansgar.katolsk.no\/index.php?rest_route=%2Fwp%2Fv2%2Fcomments&post=12360"}],"version-history":[{"count":7,"href":"https:\/\/stansgar.katolsk.no\/index.php?rest_route=\/wp\/v2\/pages\/12360\/revisions"}],"predecessor-version":[{"id":22403,"href":"https:\/\/stansgar.katolsk.no\/index.php?rest_route=\/wp\/v2\/pages\/12360\/revisions\/22403"}],"wp:attachment":[{"href":"https:\/\/stansgar.katolsk.no\/index.php?rest_route=%2Fwp%2Fv2%2Fmedia&parent=12360"}],"curies":[{"name":"wp","href":"https:\/\/api.w.org\/{rel}","templated":true}]}}