{"id":10944,"date":"2022-08-23T14:40:12","date_gmt":"2022-08-23T12:40:12","guid":{"rendered":"https:\/\/stansgar.katolsk.no\/?page_id=10944"},"modified":"2025-08-20T11:38:12","modified_gmt":"2025-08-20T09:38:12","slug":"oppgaver-i-katekesemessen","status":"publish","type":"page","link":"https:\/\/stansgar.katolsk.no\/?page_id=10944","title":{"rendered":"Oppgaver i katekesemessen"},"content":{"rendered":"\n<ul class=\"wp-block-list\">\n<li><strong>OPPGAVER I KATEKESEMESSENE 2025\/2026 for 8. og 9. trinn<\/strong><br><strong>f\u00f8rste l\u00f8rdag i m\u00e5neden<\/strong>:<\/li>\n<\/ul>\n\n\n\n<div class=\"wp-block-file\"><a id=\"wp-block-file--media-c0b59c43-4187-470e-9db5-ddf31224b484\" href=\"https:\/\/stansgar.katolsk.no\/wp-content\/uploads\/2025\/08\/Katekesemessen_Oppgaver_1.-lordag_2025-2026_30.07_.pdf\">Katekesemessen_Oppgaver_1. l\u00f8rdag_2025-2026_30.07_<\/a><a href=\"https:\/\/stansgar.katolsk.no\/wp-content\/uploads\/2025\/08\/Katekesemessen_Oppgaver_1.-lordag_2025-2026_30.07_.pdf\" class=\"wp-block-file__button wp-element-button\" download aria-describedby=\"wp-block-file--media-c0b59c43-4187-470e-9db5-ddf31224b484\">Last ned<\/a><\/div>\n\n\n\n<div style=\"height:100px\" aria-hidden=\"true\" class=\"wp-block-spacer\"><\/div>\n\n\n\n<ul class=\"wp-block-list\">\n<li><strong>OPPGAVER I KATEKESEMESSENE 2025\/202<\/strong>6 <strong>for 1., 2., 3., 4., 5., 6. og 7. trinn <\/strong><br><strong>andre l\u00f8rdag i m\u00e5neden<\/strong>:<\/li>\n<\/ul>\n\n\n\n<div class=\"wp-block-file\"><a id=\"wp-block-file--media-6f84d3c6-6594-4a1e-a9c5-b0be6a33ddbc\" href=\"https:\/\/stansgar.katolsk.no\/wp-content\/uploads\/2025\/08\/Katekesemessen_Oppgaver_2.-lordag_2025-2026_30.07_.pdf\">Katekesemessen_Oppgaver_2. l\u00f8rdag_2025-2026_30.07_<\/a><a href=\"https:\/\/stansgar.katolsk.no\/wp-content\/uploads\/2025\/08\/Katekesemessen_Oppgaver_2.-lordag_2025-2026_30.07_.pdf\" class=\"wp-block-file__button wp-element-button\" download aria-describedby=\"wp-block-file--media-6f84d3c6-6594-4a1e-a9c5-b0be6a33ddbc\">Last ned<\/a><\/div>\n\n\n\n<p><\/p>\n","protected":false},"excerpt":{"rendered":"","protected":false},"author":1,"featured_media":0,"parent":0,"menu_order":0,"comment_status":"closed","ping_status":"closed","template":"","meta":{"footnotes":""},"class_list":["post-10944","page","type-page","status-publish","hentry"],"_links":{"self":[{"href":"https:\/\/stansgar.katolsk.no\/index.php?rest_route=\/wp\/v2\/pages\/10944","targetHints":{"allow":["GET"]}}],"collection":[{"href":"https:\/\/stansgar.katolsk.no\/index.php?rest_route=\/wp\/v2\/pages"}],"about":[{"href":"https:\/\/stansgar.katolsk.no\/index.php?rest_route=\/wp\/v2\/types\/page"}],"author":[{"embeddable":true,"href":"https:\/\/stansgar.katolsk.no\/index.php?rest_route=\/wp\/v2\/users\/1"}],"replies":[{"embeddable":true,"href":"https:\/\/stansgar.katolsk.no\/index.php?rest_route=%2Fwp%2Fv2%2Fcomments&post=10944"}],"version-history":[{"count":14,"href":"https:\/\/stansgar.katolsk.no\/index.php?rest_route=\/wp\/v2\/pages\/10944\/revisions"}],"predecessor-version":[{"id":22423,"href":"https:\/\/stansgar.katolsk.no\/index.php?rest_route=\/wp\/v2\/pages\/10944\/revisions\/22423"}],"wp:attachment":[{"href":"https:\/\/stansgar.katolsk.no\/index.php?rest_route=%2Fwp%2Fv2%2Fmedia&parent=10944"}],"curies":[{"name":"wp","href":"https:\/\/api.w.org\/{rel}","templated":true}]}}