{"id":10856,"date":"2022-08-18T14:42:17","date_gmt":"2022-08-18T12:42:17","guid":{"rendered":"https:\/\/stansgar.katolsk.no\/?page_id=10856"},"modified":"2025-08-14T13:41:03","modified_gmt":"2025-08-14T11:41:03","slug":"timeplaner","status":"publish","type":"page","link":"https:\/\/stansgar.katolsk.no\/?page_id=10856","title":{"rendered":"Timeplaner"},"content":{"rendered":"\n<div class=\"wp-block-buttons is-layout-flex wp-block-buttons-is-layout-flex\">\n<div class=\"wp-block-button is-style-outline is-style-outline--1\"><a class=\"wp-block-button__link has-vivid-cyan-blue-color has-text-color wp-element-button\" href=\"https:\/\/stansgar.katolsk.no\/?page_id=10896\"><strong>TIMEPLAN FOR F\u00d8RSTE L\u00d8RDAG I M\u00c5NEDEN FOR <\/strong><br><strong>8. og 9. TRINN I KATEKESE\u00c5RET 202<\/strong>5<strong> &#8211; 202<\/strong>6<\/a><\/div>\n<\/div>\n\n\n\n<div class=\"wp-block-buttons is-layout-flex wp-block-buttons-is-layout-flex\">\n<div class=\"wp-block-button is-style-outline is-style-outline--2\"><a class=\"wp-block-button__link has-vivid-red-color has-text-color wp-element-button\" href=\"https:\/\/stansgar.katolsk.no\/?page_id=10961\"><strong>TIMEPLANER FOR ANDRE L\u00d8RDAG I M\u00c5NEDEN FOR 1., 2., 3., 5. OG  4., 6., 7. TRINN I KATEKESE\u00c5RET 202<\/strong>5<strong> &#8211; 202<\/strong>6<\/a><\/div>\n\n\n\n<div class=\"wp-block-button is-style-outline is-style-outline--3\"><a class=\"wp-block-button__link has-luminous-vivid-amber-color has-text-color has-link-color wp-element-button\" href=\"https:\/\/stansgar.katolsk.no\/?page_id=21590\">TIMEPLAN FOR TREDJE S\u00d8NDAG I M\u00c5NEDEN &#8211; 3. TRINN , KATEKESE\u00c5RET 2025-2026<\/a><\/div>\n\n\n\n<div class=\"wp-block-button is-style-outline is-style-outline--4\"><a class=\"wp-block-button__link wp-element-button\" href=\"https:\/\/stansgar.katolsk.no\/?page_id=10965\">TIMEPLAN FOR KATEKESEAVSLUTNING I JUNI 2026<\/a><\/div>\n<\/div>\n\n\n\n<div class=\"wp-block-buttons is-layout-flex wp-block-buttons-is-layout-flex\">\n<div class=\"wp-block-button is-style-outline is-style-outline--5\"><a class=\"wp-block-button__link has-vivid-green-cyan-color has-text-color wp-element-button\" href=\"https:\/\/stansgar.katolsk.no\/?page_id=10977\">TRIVSELSVAKTPLAN<\/a><\/div>\n<\/div>\n\n\n\n<div class=\"wp-block-buttons is-layout-flex wp-block-buttons-is-layout-flex\">\n<div class=\"wp-block-button is-style-outline is-style-outline--6\"><a class=\"wp-block-button__link has-vivid-purple-color has-text-color wp-element-button\" href=\"https:\/\/stansgar.katolsk.no\/?page_id=11350\">SKRIFTETIMEPLAN 2025-2026<\/a><\/div>\n<\/div>\n\n\n\n<div class=\"wp-block-buttons is-layout-flex wp-block-buttons-is-layout-flex\"><\/div>\n","protected":false},"excerpt":{"rendered":"","protected":false},"author":1,"featured_media":0,"parent":0,"menu_order":0,"comment_status":"closed","ping_status":"closed","template":"","meta":{"footnotes":""},"class_list":["post-10856","page","type-page","status-publish","hentry"],"_links":{"self":[{"href":"https:\/\/stansgar.katolsk.no\/index.php?rest_route=\/wp\/v2\/pages\/10856","targetHints":{"allow":["GET"]}}],"collection":[{"href":"https:\/\/stansgar.katolsk.no\/index.php?rest_route=\/wp\/v2\/pages"}],"about":[{"href":"https:\/\/stansgar.katolsk.no\/index.php?rest_route=\/wp\/v2\/types\/page"}],"author":[{"embeddable":true,"href":"https:\/\/stansgar.katolsk.no\/index.php?rest_route=\/wp\/v2\/users\/1"}],"replies":[{"embeddable":true,"href":"https:\/\/stansgar.katolsk.no\/index.php?rest_route=%2Fwp%2Fv2%2Fcomments&post=10856"}],"version-history":[{"count":21,"href":"https:\/\/stansgar.katolsk.no\/index.php?rest_route=\/wp\/v2\/pages\/10856\/revisions"}],"predecessor-version":[{"id":22399,"href":"https:\/\/stansgar.katolsk.no\/index.php?rest_route=\/wp\/v2\/pages\/10856\/revisions\/22399"}],"wp:attachment":[{"href":"https:\/\/stansgar.katolsk.no\/index.php?rest_route=%2Fwp%2Fv2%2Fmedia&parent=10856"}],"curies":[{"name":"wp","href":"https:\/\/api.w.org\/{rel}","templated":true}]}}