{"id":10839,"date":"2022-08-16T15:04:44","date_gmt":"2022-08-16T13:04:44","guid":{"rendered":"https:\/\/stansgar.katolsk.no\/?page_id=10839"},"modified":"2025-07-03T15:03:54","modified_gmt":"2025-07-03T13:03:54","slug":"viktige-datoer","status":"publish","type":"page","link":"https:\/\/stansgar.katolsk.no\/?page_id=10839","title":{"rendered":"VIKTIGE DATOER"},"content":{"rendered":"\n<p>Katekese\u00e5ret 2025\/2026:<\/p>\n\n\n\n<p><strong>2025:<\/strong><\/p>\n\n\n\n<ul class=\"wp-block-list\">\n<li>03.09.25: Forberedelse til konfirmasjonsdagen kl. 16.30 i St. Ansgar kirke<br><br><\/li>\n\n\n\n<li>06.09.25: Konfirmasjon i Lund kirke kl. 11.00.<br><br><\/li>\n\n\n\n<li>13.09.25: Katekeseoppstart for 1., 2., 3. og 4. trinn og&nbsp; 5., 6. og 7. trinn<ul><li>Kl. 10.00 &#8211; 10.30: 1., 2., 3., og 4. trinn har oppstartsm\u00f8te i kirken<\/li><\/ul><ul><li>Kl. 13.00 &#8211; 14.00: Katekesemesse for 1., 2., 3., 4., 5., 6. og 7. trinn<\/li><\/ul>\n<ul class=\"wp-block-list\">\n<li>Kl. 14.00 &#8211; 14.30: 5., 6. og 7. trinn har oppstartsm\u00f8te i kirken<br><br><\/li>\n<\/ul>\n<\/li>\n\n\n\n<li>20.09.25: Katekeseoppstart for 8. trinn<ul><li>Kl. 10.00 &#8211; 10.30: 8. trinn har oppstartsm\u00f8te i kirken<\/li><\/ul>\n<ul class=\"wp-block-list\">\n<li>Kl. 13.00 &#8211; 14.00: Katekesemesse for&nbsp; 8. trinn<br><\/li>\n<\/ul>\n<\/li>\n\n\n\n<li>19.09. \u2013 21.09.25: Leir for andre\u00e5rskonfirmanter (9. trinn) p\u00e5 Stella Maris<br><\/li>\n\n\n\n<li>18.10.25: Katekeseoppstart for 9. trinn ( 9. trinn er p\u00e5 leir i september. Derfor er oppstartm\u00f8tet i oktober.)<br><ul><li>Kl. 10.00 &#8211; 10.30: 9. trinn har oppstartsm\u00f8te i kirken<\/li><\/ul><br><\/li>\n\n\n\n<li>SKRIFTEM\u00c5L<\/li>\n<\/ul>\n\n\n\n<ul class=\"wp-block-list\">\n<li>06.12.25  Skriftem\u00e5l for 8. og 9. trinn<br><br><\/li>\n\n\n\n<li>13.12.25 Skriftem\u00e5l for 4., 5., 6. og 7. trinn<\/li>\n<\/ul>\n\n\n\n<p><strong>2026<\/strong><strong>:<\/strong><\/p>\n\n\n\n<ul class=\"wp-block-list\">\n<li> 07.03.26: Skriftem\u00e5l for 8. og 9. trinn<\/li>\n<\/ul>\n\n\n\n<ul class=\"wp-block-list\">\n<li>14.03.26 Skriftem\u00e5l for 4., 5., &nbsp;6. og 7. trinn<br><\/li>\n\n\n\n<li>11.04. 9. trinn har praksis p\u00e5 1.- 4. trinn kl. 10.00-14.00. NB! 9. trinn har ikke katekese 18.04.<br><\/li>\n\n\n\n<li>11.04.26 kl. 14.00-15.00 er det foreldrem\u00f8te &#8211; gjelder barn som forbereder seg til 1. Hellige Kommunion<br><\/li>\n\n\n\n<li>28.05. kl. 16.30-20.00 er det skriftem\u00e5l og \u00f8velse for f\u00f8rstehelligekommunionsbarn<\/li>\n<\/ul>\n\n\n\n<ul class=\"wp-block-list\">\n<li>06.06.26: Felles avslutning i katekesen for 1., 2., 3., 4., 5., 6., 7., 8., og 9. trinn (NB! 8. og 9. trinn kommer til messe kl. 13.00 og har katekese etterp\u00e5)<\/li>\n<\/ul>\n\n\n\n<ul class=\"wp-block-list\">\n<li>30.05.26: 1. Hellige Kommunion<br><\/li>\n\n\n\n<li>&nbsp;Konfirmasjon: 29.08.2026<\/li>\n<\/ul>\n\n\n\n<p><br><\/p>\n\n\n\n<p><\/p>\n","protected":false},"excerpt":{"rendered":"<p>Katekese\u00e5ret 2025\/2026: 2025: 2026:<\/p>\n","protected":false},"author":1,"featured_media":0,"parent":0,"menu_order":0,"comment_status":"closed","ping_status":"closed","template":"","meta":{"footnotes":""},"class_list":["post-10839","page","type-page","status-publish","hentry"],"_links":{"self":[{"href":"https:\/\/stansgar.katolsk.no\/index.php?rest_route=\/wp\/v2\/pages\/10839","targetHints":{"allow":["GET"]}}],"collection":[{"href":"https:\/\/stansgar.katolsk.no\/index.php?rest_route=\/wp\/v2\/pages"}],"about":[{"href":"https:\/\/stansgar.katolsk.no\/index.php?rest_route=\/wp\/v2\/types\/page"}],"author":[{"embeddable":true,"href":"https:\/\/stansgar.katolsk.no\/index.php?rest_route=\/wp\/v2\/users\/1"}],"replies":[{"embeddable":true,"href":"https:\/\/stansgar.katolsk.no\/index.php?rest_route=%2Fwp%2Fv2%2Fcomments&post=10839"}],"version-history":[{"count":23,"href":"https:\/\/stansgar.katolsk.no\/index.php?rest_route=\/wp\/v2\/pages\/10839\/revisions"}],"predecessor-version":[{"id":22323,"href":"https:\/\/stansgar.katolsk.no\/index.php?rest_route=\/wp\/v2\/pages\/10839\/revisions\/22323"}],"wp:attachment":[{"href":"https:\/\/stansgar.katolsk.no\/index.php?rest_route=%2Fwp%2Fv2%2Fmedia&parent=10839"}],"curies":[{"name":"wp","href":"https:\/\/api.w.org\/{rel}","templated":true}]}}