{"id":10705,"date":"2022-07-08T23:09:58","date_gmt":"2022-07-08T21:09:58","guid":{"rendered":"https:\/\/stansgar.katolsk.no\/?page_id=10705"},"modified":"2024-07-05T10:24:55","modified_gmt":"2024-07-05T08:24:55","slug":"nyttige-lenker","status":"publish","type":"page","link":"https:\/\/stansgar.katolsk.no\/?page_id=10705","title":{"rendered":"Nyttige lenker"},"content":{"rendered":"\n<ul class=\"wp-block-list\">\n<li>NUK:  <a href=\"https:\/\/www.nuk.no\/\">https:\/\/www.nuk.no\/<\/a><\/li>\n\n\n\n<li>KATEKETISK SENTER: <a href=\"https:\/\/katekese.no\/\">https:\/\/katekese.no\/<\/a><\/li>\n\n\n\n<li>FORELDRENETTVERKET :  <a href=\"https:\/\/www.foreldrenettverket.no\/\">https:\/\/www.foreldrenettverket.no\/<\/a><br>Foreldrenettverket.no er et selvstendig og uavhengig nettverk av foreldre som vil verne om og forsvare barns rettigheter, barns beste og foreldreretten i m\u00f8te med Pride-ideologi og skeiv teori i barnehager og skoler.<\/li>\n\n\n\n<li>OASEN SKOLE: <a href=\"https:\/\/oasenskole.no\/\">https:\/\/oasenskole.no\/<\/a><\/li>\n<\/ul>\n\n\n\n<div class=\"wp-block-group\"><div class=\"wp-block-group__inner-container is-layout-flow wp-block-group-is-layout-flow\">\n<div class=\"wp-block-group\"><div class=\"wp-block-group__inner-container is-layout-flow wp-block-group-is-layout-flow\">\n<ul class=\"wp-block-list\">\n<li>Katekeseside: <a href=\"https:\/\/eur01.safelinks.protection.outlook.com\/?url=https%3A%2F%2Fblilys.no%2F&amp;data=05%7C01%7C%7Cffe0d93c8f954a540fd808da86cb2f83%7Cad74fffa08bb480d939a496b7603f45d%7C0%7C0%7C637970504626270869%7CUnknown%7CTWFpbGZsb3d8eyJWIjoiMC4wLjAwMDAiLCJQIjoiV2luMzIiLCJBTiI6Ik1haWwiLCJXVCI6Mn0%3D%7C3000%7C%7C%7C&amp;sdata=HsihjtCNIxWUW5zC2thaMtfDqs%2FLNthD3bTZw2bTywA%3D&amp;reserved=0\">Bli Lys!<\/a><\/li>\n\n\n\n<li>Filmer som forklarer messen for barn: <a href=\"https:\/\/eur01.safelinks.protection.outlook.com\/?url=https%3A%2F%2Fblilys.no%2Ffilmer%2Ffilm-om-messen-for-barn%2F&amp;data=05%7C01%7C%7Cffe0d93c8f954a540fd808da86cb2f83%7Cad74fffa08bb480d939a496b7603f45d%7C0%7C0%7C637970504626270869%7CUnknown%7CTWFpbGZsb3d8eyJWIjoiMC4wLjAwMDAiLCJQIjoiV2luMzIiLCJBTiI6Ik1haWwiLCJXVCI6Mn0%3D%7C3000%7C%7C%7C&amp;sdata=LjkHrQEiDg3rksGIARogGap63CBiRip4hWNHdOKCI80%3D&amp;reserved=0\">Film om messen for barn \u2013 Bli Lys!<\/a><\/li>\n\n\n\n<li>Filmer for barn og ungdommer: <a href=\"https:\/\/eur01.safelinks.protection.outlook.com\/?url=https%3A%2F%2Fblilys.no%2Ffilmer%2F&amp;data=05%7C01%7C%7Cffe0d93c8f954a540fd808da86cb2f83%7Cad74fffa08bb480d939a496b7603f45d%7C0%7C0%7C637970504626270869%7CUnknown%7CTWFpbGZsb3d8eyJWIjoiMC4wLjAwMDAiLCJQIjoiV2luMzIiLCJBTiI6Ik1haWwiLCJXVCI6Mn0%3D%7C3000%7C%7C%7C&amp;sdata=tIvVHlrL8FQ1%2F1x%2BZ8Dyl4VU%2BoTodeLcAck2hVeG3f4%3D&amp;reserved=0\">Filmer \u2013 Bli Lys!<\/a><\/li>\n\n\n\n<li>Konfirmantvideoer: <a href=\"https:\/\/eur01.safelinks.protection.outlook.com\/?url=https%3A%2F%2Fblilys.no%2Fkatekese%2Fkonfirmant-1-ar%2F&amp;data=05%7C01%7C%7Cffe0d93c8f954a540fd808da86cb2f83%7Cad74fffa08bb480d939a496b7603f45d%7C0%7C0%7C637970504626270869%7CUnknown%7CTWFpbGZsb3d8eyJWIjoiMC4wLjAwMDAiLCJQIjoiV2luMzIiLCJBTiI6Ik1haWwiLCJXVCI6Mn0%3D%7C3000%7C%7C%7C&amp;sdata=L2%2BQO8nZgTdFRE%2F64C5tpOHZ2DJ9F6rDzrixuBYTBh0%3D&amp;reserved=0\">Konfirmant 1 \u00e5r \u2013 Bli Lys!<\/a><\/li>\n\n\n\n<li>Svar p\u00e5 sp\u00f8rsm\u00e5l i Youcat: <a href=\"https:\/\/eur01.safelinks.protection.outlook.com\/?url=https%3A%2F%2Fblilys.no%2Ffilmer%2Falle-youcat-sporsmal%2F&amp;data=05%7C01%7C%7Cffe0d93c8f954a540fd808da86cb2f83%7Cad74fffa08bb480d939a496b7603f45d%7C0%7C0%7C637970504626270869%7CUnknown%7CTWFpbGZsb3d8eyJWIjoiMC4wLjAwMDAiLCJQIjoiV2luMzIiLCJBTiI6Ik1haWwiLCJXVCI6Mn0%3D%7C3000%7C%7C%7C&amp;sdata=tyccl4bHeuMC%2Fra7MDiw8bxWazZhqBtAcUHv1brxqOM%3D&amp;reserved=0\">Alle YOUCAT-sp\u00f8rsm\u00e5l \u2013 Bli Lys!<\/a><\/li>\n\n\n\n<li>For kateketer: <a href=\"https:\/\/eur01.safelinks.protection.outlook.com\/?url=https%3A%2F%2Fblogg.blilys.no%2F&amp;data=05%7C01%7C%7Cffe0d93c8f954a540fd808da86cb2f83%7Cad74fffa08bb480d939a496b7603f45d%7C0%7C0%7C637970504626270869%7CUnknown%7CTWFpbGZsb3d8eyJWIjoiMC4wLjAwMDAiLCJQIjoiV2luMzIiLCJBTiI6Ik1haWwiLCJXVCI6Mn0%3D%7C3000%7C%7C%7C&amp;sdata=TyGFw0Q9jfpPXi67UMkg9MYjkZygEKEBiZJrwp5aqAI%3D&amp;reserved=0\">Blogg for katolske kateketer i Norge (blilys.no)<\/a><\/li>\n<\/ul>\n\n\n\n<ul class=\"wp-block-list\" start=\"7\">\n<li>Katolske bisped\u00f8mmers Youtube kanal: <a href=\"https:\/\/eur01.safelinks.protection.outlook.com\/?url=https%3A%2F%2Fwww.youtube.com%2Fuser%2Fkatolskekirke%2Ffeatured&amp;data=05%7C01%7C%7Cffe0d93c8f954a540fd808da86cb2f83%7Cad74fffa08bb480d939a496b7603f45d%7C0%7C0%7C637970504626270869%7CUnknown%7CTWFpbGZsb3d8eyJWIjoiMC4wLjAwMDAiLCJQIjoiV2luMzIiLCJBTiI6Ik1haWwiLCJXVCI6Mn0%3D%7C3000%7C%7C%7C&amp;sdata=yVw7QePgzoQDScXbfl9dKfU3knZVq0mU2bVYCjkg4Z8%3D&amp;reserved=0\">(1389) Katolsk no &#8211; YouTube<\/a><\/li>\n\n\n\n<li>Katolsk grovbr\u00f8d \u2013 foredrag: <a href=\"https:\/\/eur01.safelinks.protection.outlook.com\/?url=https%3A%2F%2Fwww.youtube.com%2Fuser%2Fkatolskekirke%2Fsearch%3Fquery%3Dkatolsk%2520grovbr%25C3%25B8d&amp;data=05%7C01%7C%7Cffe0d93c8f954a540fd808da86cb2f83%7Cad74fffa08bb480d939a496b7603f45d%7C0%7C0%7C637970504626270869%7CUnknown%7CTWFpbGZsb3d8eyJWIjoiMC4wLjAwMDAiLCJQIjoiV2luMzIiLCJBTiI6Ik1haWwiLCJXVCI6Mn0%3D%7C3000%7C%7C%7C&amp;sdata=BW%2B3amVqnEHyPKQrYp5X4GzLVmHrnh7cXqxoQSYC37k%3D&amp;reserved=0\">(1389) Katolsk no &#8211; YouTube<\/a><\/li>\n\n\n\n<li>St. Rita radio: <a href=\"https:\/\/eur01.safelinks.protection.outlook.com\/?url=https%3A%2F%2Fwww.katolskradio.no%2F&amp;data=05%7C01%7C%7Cffe0d93c8f954a540fd808da86cb2f83%7Cad74fffa08bb480d939a496b7603f45d%7C0%7C0%7C637970504626270869%7CUnknown%7CTWFpbGZsb3d8eyJWIjoiMC4wLjAwMDAiLCJQIjoiV2luMzIiLCJBTiI6Ik1haWwiLCJXVCI6Mn0%3D%7C3000%7C%7C%7C&amp;sdata=OEzferLXluh85335Oc%2BUFu%2FrR4cP736%2BEPCMPL%2BmrXU%3D&amp;reserved=0\">Nettradio | St Rita Radio (katolskradio.no)<\/a><\/li>\n\n\n\n<li>Sycamore \u2013 En filmserie om katolsk tro: <a href=\"https:\/\/eur01.safelinks.protection.outlook.com\/?url=https%3A%2F%2Fwww.youtube.com%2Fplaylist%3Flist%3DPL-sSP3LQdJqMgw20Hru_1YFIwemwmyqSQ&amp;data=05%7C01%7C%7Cffe0d93c8f954a540fd808da86cb2f83%7Cad74fffa08bb480d939a496b7603f45d%7C0%7C0%7C637970504626270869%7CUnknown%7CTWFpbGZsb3d8eyJWIjoiMC4wLjAwMDAiLCJQIjoiV2luMzIiLCJBTiI6Ik1haWwiLCJXVCI6Mn0%3D%7C3000%7C%7C%7C&amp;sdata=v2Dl0p1nmfHXYilnhEEKmGA0wps4vF2SKP2KTeRt1yk%3D&amp;reserved=0\">(1389) SYCAMORE \u2013 en filmserie om katolsk tro &#8211; YouTube<\/a><\/li>\n<\/ul>\n<\/div><\/div>\n<\/div><\/div>\n\n\n\n<ul class=\"wp-block-list\">\n<li><\/li>\n<\/ul>\n\n\n\n<p><\/p>\n","protected":false},"excerpt":{"rendered":"","protected":false},"author":5,"featured_media":0,"parent":0,"menu_order":0,"comment_status":"closed","ping_status":"closed","template":"","meta":{"footnotes":""},"class_list":["post-10705","page","type-page","status-publish","hentry"],"_links":{"self":[{"href":"https:\/\/stansgar.katolsk.no\/index.php?rest_route=\/wp\/v2\/pages\/10705","targetHints":{"allow":["GET"]}}],"collection":[{"href":"https:\/\/stansgar.katolsk.no\/index.php?rest_route=\/wp\/v2\/pages"}],"about":[{"href":"https:\/\/stansgar.katolsk.no\/index.php?rest_route=\/wp\/v2\/types\/page"}],"author":[{"embeddable":true,"href":"https:\/\/stansgar.katolsk.no\/index.php?rest_route=\/wp\/v2\/users\/5"}],"replies":[{"embeddable":true,"href":"https:\/\/stansgar.katolsk.no\/index.php?rest_route=%2Fwp%2Fv2%2Fcomments&post=10705"}],"version-history":[{"count":8,"href":"https:\/\/stansgar.katolsk.no\/index.php?rest_route=\/wp\/v2\/pages\/10705\/revisions"}],"predecessor-version":[{"id":13093,"href":"https:\/\/stansgar.katolsk.no\/index.php?rest_route=\/wp\/v2\/pages\/10705\/revisions\/13093"}],"wp:attachment":[{"href":"https:\/\/stansgar.katolsk.no\/index.php?rest_route=%2Fwp%2Fv2%2Fmedia&parent=10705"}],"curies":[{"name":"wp","href":"https:\/\/api.w.org\/{rel}","templated":true}]}}