{"id":10635,"date":"2022-07-08T10:09:23","date_gmt":"2022-07-08T08:09:23","guid":{"rendered":"https:\/\/stansgar.katolsk.no\/?page_id=10635"},"modified":"2022-07-08T23:41:12","modified_gmt":"2022-07-08T21:41:12","slug":"ofte-stilte-sporsmal-om-katekese","status":"publish","type":"page","link":"https:\/\/stansgar.katolsk.no\/?page_id=10635","title":{"rendered":"Ofte stilte sp\u00f8rsm\u00e5l om katekese"},"content":{"rendered":"\r\n<ol class=\"wp-block-list\">\r\n<li><strong><strong>BARNET MITT VAR INNMELDT I KATEKESEN I FJOR. HVORFOR M\u00c5 JEG REGISTRERE HAN\/HUN IGJEN?<br><\/strong><\/strong>[bg_collapse view=&raquo;button-orange&raquo; color=&raquo;#4a4949&#8243; expand_text=&raquo;Vis svar&raquo; collapse_text=&raquo;Skjul svar&raquo; ]<br>\r\n<p>Vi ber om at foreldre fyller ut et innmeldingsskjema hvert \u00e5r for at vi aktivt skal se hvem som \u00f8nsker \u00e5 g\u00e5 i katekesen hos oss. <br><br><\/p>\r\n<ul>\r\n<li>Vi \u00f8nsker ogs\u00e5 \u00e5 sikre at all kontaktinformasjon om foreldre og barn er riktig.<\/li>\r\n<li>Vi opplever at familier flytter eller endrer kontaktinformasjon, eller kanskje at barnet har f\u00e5tt allergi eller annet vi m\u00e5 ta hensyn til.&nbsp;<\/li>\r\n<li>For hvert barn som er meldt inn i katekesen og har betalt katekesekontingenten til og med 31.12. hvert \u00e5r, f\u00e5r vi \u00f8konomisk st\u00f8tte av Kristiansand kommune og Norges Unge Katolikker til katekesen.<\/li>\r\n<\/ul>\r\n<br>[\/bg_collapse]<\/li>\r\n<li><strong>HVA G\u00c5R KATEKESEKONTINGENTEN TIL?<\/strong> <br>[bg_collapse view=&raquo;button-orange&raquo; color=&raquo;#4a4949&#8243; expand_text=&raquo;Vis svar&raquo; collapse_text=&raquo;Skjul svar&raquo; ]<br>Katekesekontingenten dekker blant annet:<br>\r\n<ul>\r\n<li>P\u00f8lser, p\u00f8lsebr\u00f8d og saft til lunsj i l\u00f8rdagskatekesen<\/li>\r\n<li>Brev som sendes til 1., 3. og 8. trinn ved oppstarten av hvert katekese\u00e5r og andre brev som m\u00e5 sendes i l\u00f8pet av katekese\u00e5ret.<\/li>\r\n<li>SMSer som sendes ved behov.<\/li>\r\n<li>Undervisningsmaterialer som whiteboard tusjer, b\u00f8ker, skrivesaker og annet materiell til katekesen<\/li>\r\n<li>Sommeravslutning<\/li>\r\n<\/ul>\r\n<br>[\/bg_collapse]<br><br><\/li>\r\n<li>\r\n<p><strong> M\u00c5 JEG LEVERE D\u00c5PSATTEST HVERT \u00c5R? <br>[bg_collapse view=&raquo;button-orange&raquo; color=&raquo;#4a4949&#8243; expand_text=&raquo;Vis svar&raquo; collapse_text=&raquo;Skjul svar&raquo; ]<\/strong><\/p>\r\n<p>Nei!<\/p>\r\n<ul>\r\n<li>Det er bare barn som ikke er d\u00f8pt i St. Ansgar menighet som skal levere d\u00e5psattesten f\u00f8r den F\u00f8rste Hellige kommunion.<\/li>\r\n<li>Ungdommer som ikke er d\u00f8pt i St. Ansgar menighet m\u00e5 ogs\u00e5 levere d\u00e5psattesten f\u00f8r de mottar konfirmasjonens sakrament.<\/li>\r\n<\/ul>\r\n<p><strong> <br>[\/bg_collapse]<br><\/strong><\/p>\r\n<\/li>\r\n<li><strong><strong>HVOR MANGE \u00c5R ER FORBEREDELSEN TIL KONFIRMASJONENS SAKRAMENT?<br>[bg_collapse view=&raquo;button-orange&raquo; color=&raquo;#4a4949&#8243; expand_text=&raquo;Vis svar&raquo; collapse_text=&raquo;Skjul svar&raquo; ]<br><\/strong><\/strong>\r\n<p>I Den katolske kirke varer konfirmasjonsforberedelsen i to \u00e5r, fra 8. trinn.<\/p>\r\n<strong>Ungdommer som g\u00e5r i 9. og 10. trinn p\u00e5 grunnskolen eller p\u00e5 videreg\u00e5ende, som vil motta konfirmasjonens sakrament, m\u00e5 ogs\u00e5 begynne p\u00e5 konfirmantkurs for f\u00f8rste\u00e5rskonfirmanter.<br><br>[\/bg_collapse]<\/strong><\/li>\r\n<li><strong><strong>HVOR MANGE \u00c5R ER FORBEREDELSEN TIL F\u00d8RSTE HELLIGE KOMMUNION?<br>[bg_collapse view=&raquo;button-orange&raquo; color=&raquo;#4a4949&#8243; expand_text=&raquo;Vis svar&raquo; collapse_text=&raquo;Skjul svar&raquo; ]<br><\/strong><\/strong>Forberedelsen til F\u00f8rste Hellige Kommunion er et \u00e5r.\r\n<p>Barna har katekese to ganger i m\u00e5neden<strong>:<\/strong><\/p>\r\n<strong>-Den tredje fredagen i m\u00e5neden.<br>-Den andre l\u00f8rdagen i m\u00e5neden <br>[\/bg_collapse]<\/strong><\/li>\r\n<li><strong>KONFIRMASJONSKANDIDATEN <\/strong><strong>HAR IKKE MOTTATT F\u00d8RSTEKOMMUNION. HVA GJ\u00d8R JEG?<br>[bg_collapse view=&raquo;button-orange&raquo; color=&raquo;#4a4949&#8243; expand_text=&raquo;Vis svar&raquo; collapse_text=&raquo;Skjul svar&raquo; ]<br><\/strong>-Skriv dette p\u00e5 innmeldingsskjemaet. <br>-Menighetskontoret sjekker all informasjon og informerer katekesekoordinatoren om dette.<br>-Katekesekoordinatoren tar kontakt med foreldre.<strong><br>[\/bg_collapse]<br><\/strong><\/li>\r\n<li><strong>JEG HAR FLERE BARN I KATEKESEN, M\u00c5 JEG BETALE FULL PRIS FOR ALLE?<br>[bg_collapse view=&raquo;button-orange&raquo; color=&raquo;#4a4949&#8243; expand_text=&raquo;Vis svar&raquo; collapse_text=&raquo;Skjul svar&raquo; ]<br><\/strong>Du vil motta s\u00f8skenrabatt. Sjekk fanen for kontingent her:&nbsp;<a href=\"https:\/\/stansgar.katolsk.no\/?page_id=10625\">https:\/\/stansgar.katolsk.no\/?page_id=10625<\/a><strong><br>[\/bg_collapse]<br><\/strong><\/li>\r\n<li><strong>HVA SKJER DERSOM KATEKESEBARNET OVERSTIGER FRAV\u00c6RSGRENSA?<br>[bg_collapse view=&raquo;button-orange&raquo; color=&raquo;#4a4949&#8243; expand_text=&raquo;Vis svar&raquo; collapse_text=&raquo;Skjul svar&raquo; ]<br><\/strong>\r\n<ul>\r\n<li>F\u00f8rste hellige kommunionsbarn og ungdommer som forbereder seg til konfirmasjonens sakrament kan <strong>bare<\/strong> v\u00e6re borte fra katekesen tre (3) ganger i l\u00f8pet av et katekese\u00e5r.<\/li>\r\n<li>Liste over tilstedev\u00e6relse f\u00f8res for hver undervisning.<\/li>\r\n<li>Ved kronisk sykdom ta kontakt med sognepresten eller koordinatoren i katekesen. <br><br><\/li>\r\n<li>Dersom barnet eller ungdommen er borte <strong>mer<\/strong> enn <strong>tre ganger <\/strong>i et katekese\u00e5r, kan de ikke motta F\u00f8rste Hellige Kommunion eller Konfirmasjonens sakrament for andre\u00e5rskonfirmantene i det samme katekese\u00e5ret. Barnet eller ungdommen m\u00e5 da vente til \u00e5ret etter.<\/li>\r\n<\/ul>\r\n<p>&nbsp;<\/p>\r\n<strong>Vi ber foreldre og foresatte om \u00e5 prioritere katekesen.<br><br>[\/bg_collapse]<\/strong><\/li>\r\n<li><strong><strong>HVORFOR KOSTER DET EKSTRA FOR 9. TRINN? <br>[bg_collapse view=&raquo;button-orange&raquo; color=&raquo;#4a4949&#8243; expand_text=&raquo;Vis svar&raquo; collapse_text=&raquo;Skjul svar&raquo; ]<\/strong><\/strong>\r\n<p>Ekstra kontingent for 9. trinn er 400 kroner. Dette dekker utgifter til konfirmantleir p\u00e5 Stella Maris, blomsterpynt og gaver til konfirmantene p\u00e5 konfirmasjonsdagen.<\/p>\r\n<strong>[\/bg_collapse]<\/strong><\/li>\r\n<li><strong><strong>BARNET MITT ER D\u00d8PT I UTLANDET OG JEG HAR IKKE D\u00c5PSATTESTEN I NORGE. HVA SKAL JEG GJ\u00d8RE?<br>[bg_collapse view=&raquo;button-orange&raquo; color=&raquo;#4a4949&#8243; expand_text=&raquo;Vis svar&raquo; collapse_text=&raquo;Skjul svar&raquo; ]<br><\/strong><\/strong>\r\n<p>Ta kontakt med menigheten hvor barnet ditt ble d\u00f8pt og be dem om \u00e5 sende en kopi av d\u00e5psattesten. Barnet eller ungdommen kan ikke motta sakramentet uten \u00e5 ha levert d\u00e5psattesten.<\/p>\r\n<strong>[\/bg_collapse]<\/strong><\/li>\r\n<li><strong>M\u00c5 ALLE FADDERE V\u00c6RE KATOLIKKER?<br>[bg_collapse view=&raquo;button-orange&raquo; color=&raquo;#4a4949&#8243; expand_text=&raquo;Vis svar&raquo; collapse_text=&raquo;Skjul svar&raquo; ]<br><\/strong>\r\n<p>Ja!<br>N\u00e5r man er fadder tar man h\u00f8ytidelig p\u00e5 seg det oppdrag \u00e5 l\u00e6re barnet opp i den katolske tro i samarbeid med foreldrene. Derfor kreves det ogs\u00e5 at fadderne er konfirmerte katolikker.<\/p>\r\n<p>Mange har den samme fadderen som da barnet ble d\u00f8pt, men dette er ikke noe en m\u00e5 ha. N\u00e5r du skal velge fadder, tenk gjennom hvem som er et godt og hellig forbilde for barnet ditt, og som samvittighetsfullt kommer til \u00e5 utf\u00f8re denne oppgaven.<\/p>\r\n<strong><br>[\/bg_collapse]<\/strong><\/li>\r\n<li><strong><strong>HVA ER DEN GODE HYRDE KATEKESE?<br>[bg_collapse view=&raquo;button-orange&raquo; color=&raquo;#4a4949&#8243; expand_text=&raquo;Vis svar&raquo; collapse_text=&raquo;Skjul svar&raquo; ]<br><\/strong><\/strong>\r\n<p>Noen av klassene i katekesen bruker <em>Den Gode Hyrde Katekese<\/em> (DGHK) i katekesen.<br>I denne katekesen f\u00e5r barna n\u00e6r\u00adme seg troens mysterier i sitt eget tempo. De f\u00e5r presentert emner fra Bibelen og liturgien ved hjelp av materiell som er spesielt tilrettelagt for deres aldersgruppe.<\/p>\r\n<p>Barna f\u00e5r s\u00e5 velge \u00e5 arbeide videre med materiellet og innholdet p\u00e5 forskjellige m\u00e5ter. M\u00e5let for denne katekesen er \u00e5 hjelpe barna til selv \u00e5 komme n\u00e6rmere Gud. B\u00f8nnen har en sentral plass i det rommet der denne katekesen foreg\u00e5r, atriet.<\/p>\r\n<p>&nbsp;<\/p>\r\n<p>Den Gode Hyrde Katekese er utviklet av den italienske, katol\u00adske bibelforskeren Sophia Cavalletti i samarbeid med Gianna Gobbi for om lag 50 \u00e5r siden. Katekesen er bygget opp p\u00e5 Maria Montessorris pedagogiske metode, og er fra 3-12 \u00e5r. Katekesen er i dag spredt omkring i omlag 40 land i verden.<\/p>\r\n<strong><br>[\/bg_collapse]<\/strong><\/li>\r\n<\/ol>\r\n","protected":false},"excerpt":{"rendered":"<p>BARNET MITT VAR INNMELDT I KATEKESEN I FJOR. HVORFOR M\u00c5 JEG REGISTRERE HAN\/HUN IGJEN?[bg_collapse view=&raquo;button-orange&raquo; color=&raquo;#4a4949&#8243; expand_text=&raquo;Vis svar&raquo; collapse_text=&raquo;Skjul svar&raquo; ] Vi ber om at foreldre fyller ut et innmeldingsskjema hvert \u00e5r for at vi aktivt skal se hvem som&#8230;<br \/><a class=\"read-more-button\" href=\"https:\/\/stansgar.katolsk.no\/?page_id=10635\">Read more<\/a><\/p>\n","protected":false},"author":1,"featured_media":0,"parent":0,"menu_order":0,"comment_status":"closed","ping_status":"closed","template":"","meta":{"footnotes":""},"class_list":["post-10635","page","type-page","status-publish","hentry"],"_links":{"self":[{"href":"https:\/\/stansgar.katolsk.no\/index.php?rest_route=\/wp\/v2\/pages\/10635","targetHints":{"allow":["GET"]}}],"collection":[{"href":"https:\/\/stansgar.katolsk.no\/index.php?rest_route=\/wp\/v2\/pages"}],"about":[{"href":"https:\/\/stansgar.katolsk.no\/index.php?rest_route=\/wp\/v2\/types\/page"}],"author":[{"embeddable":true,"href":"https:\/\/stansgar.katolsk.no\/index.php?rest_route=\/wp\/v2\/users\/1"}],"replies":[{"embeddable":true,"href":"https:\/\/stansgar.katolsk.no\/index.php?rest_route=%2Fwp%2Fv2%2Fcomments&post=10635"}],"version-history":[{"count":25,"href":"https:\/\/stansgar.katolsk.no\/index.php?rest_route=\/wp\/v2\/pages\/10635\/revisions"}],"predecessor-version":[{"id":10725,"href":"https:\/\/stansgar.katolsk.no\/index.php?rest_route=\/wp\/v2\/pages\/10635\/revisions\/10725"}],"wp:attachment":[{"href":"https:\/\/stansgar.katolsk.no\/index.php?rest_route=%2Fwp%2Fv2%2Fmedia&parent=10635"}],"curies":[{"name":"wp","href":"https:\/\/api.w.org\/{rel}","templated":true}]}}