{"id":10625,"date":"2022-07-08T09:55:05","date_gmt":"2022-07-08T07:55:05","guid":{"rendered":"https:\/\/stansgar.katolsk.no\/?page_id=10625"},"modified":"2025-09-23T10:00:51","modified_gmt":"2025-09-23T08:00:51","slug":"kontingent","status":"publish","type":"page","link":"https:\/\/stansgar.katolsk.no\/?page_id=10625","title":{"rendered":"Kontingent"},"content":{"rendered":"\n<p class=\"has-luminous-vivid-orange-color has-text-color has-medium-font-size\">Kontingent for katekese\u00e5ret 2025\/2026<\/p>\n\n\n\n<p>OBS! Familier som har d\u00e5rlig \u00f8konomi, trenger ikke \u00e5 betale kontingenten. Vennligst send en SMS eller en e-post til p. Tien eller Mona for \u00e5 unng\u00e5 \u00e5 motta p\u00e5minnelse om \u00e5 betale katekesekontingenten.<\/p>\n\n\n\n<p class=\"has-medium-font-size\"><strong>1.-2. trinn og 4.-8. trinn<\/strong><\/p>\n\n\n\n<p>Kontingent for katekesen er kr. 400 for et barn. Familier med to eller flere barn betaler kr 800,- per familie. Dette dekker lunsj med p\u00f8lser og saft, b\u00f8ker og skrivesaker.<br><\/p>\n\n\n\n<hr class=\"wp-block-separator has-css-opacity\"\/>\n\n\n\n<p class=\"has-medium-font-size\"><strong>3. trinn: forberedelse til 1. Hellige Kommunion<\/strong><\/p>\n\n\n\n<p class=\"has-vivid-red-color has-text-color\"><em><strong>For et barn som skal motta 1. kommunion:<\/strong><\/em><\/p>\n\n\n\n<p>&#8211; 500 kroner for katekese\u00e5ret 2025\/2026 som dekker b\u00f8ker, skrivesaker og p\u00f8lser, p\u00f8lsebr\u00f8d og saft til lunsj. \u00a0Kontingenten dekker ogs\u00e5 blomster til pynt i kirken og gaver til barnet p\u00e5 F\u00f8rste Hellige Kommunionsdagen.<br><br>\u00a0\u00a0\u00a0\u00a0\u00a0\u00a0 &#8211; 400 kroner hvis barnet skal motta 1. Hellige Kommunion i et annet land.<br><\/p>\n\n\n\n<p class=\"has-vivid-red-color has-text-color\"><em><strong>Familier med to eller flere barn i katekesen, av disse er det et eller to barn som skal motta 1. Hellige Kommunion:<\/strong><\/em><\/p>\n\n\n\n<p>&#8211; 900 kroner per familie for katekese\u00e5ret 2025\/2026 som dekker b\u00f8ker, skrivesaker og p\u00f8lser, p\u00f8lsebr\u00f8d og saft til\u00a0\u00a0lunsj. Kontingenten dekker ogs\u00e5 blomster til kirken og gaver til barnet p\u00e5 F\u00f8rste Hellige Kommunionsdagen.<br><br>\u00a0\u00a0\u00a0\u00a0 &#8211; 800 kroner hvis barnet skal motta 1. Hellige Kommunion i et annet land.<\/p>\n\n\n\n<hr class=\"wp-block-separator has-css-opacity\"\/>\n\n\n\n<p class=\"has-medium-font-size\"><strong>9. trinn &#8211; andre\u00e5rskonfirmanter<\/strong><\/p>\n\n\n\n<p class=\"has-vivid-red-color has-text-color\"><em>&#8211; <strong> For det eneste barnet i familien:<\/strong><\/em><\/p>\n\n\n\n<p>&#8211; 400 kroner for katekese\u00e5ret 2025\/2026 som dekker b\u00f8ker, skrivesaker og p\u00f8lser, p\u00f8lsebr\u00f8d og saft til lunsj<\/p>\n\n\n\n<p>&#8211; pluss 500 kr til konfirmantleir og blomster til pynt i kirken og gaver p\u00e5 konfirmasjonsdagen<br><br><\/p>\n\n\n\n<p class=\"has-vivid-red-color has-text-color\"><em><strong>Familier med to eller flere barn i katekesen, av disse er det en eller to konfirmanter:<\/strong><\/em><\/p>\n\n\n\n<p>&#8211; 800 kroner for katekese\u00e5ret 2025\/2026 som dekker b\u00f8ker, skrivesaker og p\u00f8lser, p\u00f8lsebr\u00f8d og saft til lunsj<\/p>\n\n\n\n<p>&#8211; pluss 500 kr. for konfirmantleir, blomster til pynt i kirken og gaver p\u00e5 konfirmasjonsdagen<\/p>\n\n\n\n<p><strong>BETALINGER:<\/strong><\/p>\n\n\n\n<p>Kontingenten kan betales p\u00e5 nettbank til menighetens <strong>konto 3000.16.55864 eller med Vipps til 534797.<\/strong> <br>Husk alltid \u00e5 merke betalingen med <strong>katekese, barnets\/ungdommens navn og klassetrinn.<\/strong><br><br><\/p>\n\n\n\n<ul class=\"wp-block-list\">\n<li>Vipps: 534797<\/li>\n\n\n\n<li>Bankkonto nr: 3000.16.55864<\/li>\n<\/ul>\n\n\n\n<p>Husk \u00e5 merke betaling med: \u00abkatekese\u00bb, barnets navn, trinn!<\/p>\n","protected":false},"excerpt":{"rendered":"<p>Kontingent for katekese\u00e5ret 2025\/2026 OBS! Familier som har d\u00e5rlig \u00f8konomi, trenger ikke \u00e5 betale kontingenten. Vennligst send en SMS eller en e-post til p. Tien eller Mona for \u00e5 unng\u00e5 \u00e5 motta p\u00e5minnelse om \u00e5 betale katekesekontingenten. 1.-2. trinn og&#8230;<br \/><a class=\"read-more-button\" href=\"https:\/\/stansgar.katolsk.no\/?page_id=10625\">Read more<\/a><\/p>\n","protected":false},"author":1,"featured_media":0,"parent":0,"menu_order":0,"comment_status":"closed","ping_status":"closed","template":"","meta":{"footnotes":""},"class_list":["post-10625","page","type-page","status-publish","hentry"],"_links":{"self":[{"href":"https:\/\/stansgar.katolsk.no\/index.php?rest_route=\/wp\/v2\/pages\/10625","targetHints":{"allow":["GET"]}}],"collection":[{"href":"https:\/\/stansgar.katolsk.no\/index.php?rest_route=\/wp\/v2\/pages"}],"about":[{"href":"https:\/\/stansgar.katolsk.no\/index.php?rest_route=\/wp\/v2\/types\/page"}],"author":[{"embeddable":true,"href":"https:\/\/stansgar.katolsk.no\/index.php?rest_route=\/wp\/v2\/users\/1"}],"replies":[{"embeddable":true,"href":"https:\/\/stansgar.katolsk.no\/index.php?rest_route=%2Fwp%2Fv2%2Fcomments&post=10625"}],"version-history":[{"count":30,"href":"https:\/\/stansgar.katolsk.no\/index.php?rest_route=\/wp\/v2\/pages\/10625\/revisions"}],"predecessor-version":[{"id":22591,"href":"https:\/\/stansgar.katolsk.no\/index.php?rest_route=\/wp\/v2\/pages\/10625\/revisions\/22591"}],"wp:attachment":[{"href":"https:\/\/stansgar.katolsk.no\/index.php?rest_route=%2Fwp%2Fv2%2Fmedia&parent=10625"}],"curies":[{"name":"wp","href":"https:\/\/api.w.org\/{rel}","templated":true}]}}