{"id":10511,"date":"2022-06-24T13:35:55","date_gmt":"2022-06-24T11:35:55","guid":{"rendered":"https:\/\/stansgar.katolsk.no\/?page_id=10511"},"modified":"2022-06-30T14:41:37","modified_gmt":"2022-06-30T12:41:37","slug":"er-du-registrert","status":"publish","type":"page","link":"https:\/\/stansgar.katolsk.no\/?page_id=10511","title":{"rendered":"Registrer deg!"},"content":{"rendered":"\n<p>For at Den katolske kirke i Norge skal f\u00e5 offentlige tilskudd for medlemmene, m\u00e5 katolikker i Norge v\u00e6re registrert med f\u00f8dselsnummer.<br><\/p>\n\n\n\n<p>Les mer her: <a href=\"https:\/\/www.katolsk.no\/organisasjon\/norge\/personnummer\">https:\/\/www.katolsk.no\/organisasjon\/norge\/personnummer<\/a><\/p>\n\n\n\n<div class=\"wp-block-group\"><div class=\"wp-block-group__inner-container is-layout-flow wp-block-group-is-layout-flow\">\n<div class=\"wp-block-group has-background\" style=\"background-color:#c2e6fd\"><div class=\"wp-block-group__inner-container is-layout-flow wp-block-group-is-layout-flow\">\n<p>ALTERNATIV 1<br><\/p>\n\n\n\n<p><strong>SMS<\/strong><\/p>\n\n\n\n<p>Send SMS til nr.&nbsp;417 16 052<br>med tekst: ETTERNAVN, FORNAVN, F\u00d8DSELSDATO (f.eks.: HANSEN, OLAV, 1984\u201312\u201331).<br>Send \u00e9n SMS per person<\/p>\n<\/div><\/div>\n<\/div><\/div>\n\n\n\n<div class=\"wp-block-group has-background\" style=\"background-color:#dce1e4\"><div class=\"wp-block-group__inner-container is-layout-flow wp-block-group-is-layout-flow\">\n<p>ALTERNATIV 2<\/p>\n\n\n\n<p><strong>Papirskjema<\/strong><\/p>\n\n\n\n<p>Skjemaet finner du bak i kirken. Du kan ogs\u00e5 kontakte menighetskontoret for \u00e5 f\u00e5 et skjema.<\/p>\n<\/div><\/div>\n\n\n\n<div class=\"wp-block-group has-background\" style=\"background-color:#c2e6fd\"><div class=\"wp-block-group__inner-container is-layout-flow wp-block-group-is-layout-flow\">\n<p>ALTERNATIV 3<\/p>\n\n\n\n<p><strong>P\u00e5 nett<\/strong><\/p>\n\n\n\n<p>Du kan registrere deg og din familie p\u00e5&nbsp;<a href=\"https:\/\/www.katolsk.no\/services\/registrering\/\" target=\"_blank\" rel=\"noreferrer noopener\">medlem.katolsk.no<\/a><\/p>\n\n\n\n<p>Skjemaet er kryptert slik at du sender informasjonen sikkert.<\/p>\n<\/div><\/div>\n\n\n\n<p><\/p>\n","protected":false},"excerpt":{"rendered":"<p>For at Den katolske kirke i Norge skal f\u00e5 offentlige tilskudd for medlemmene, m\u00e5 katolikker i Norge v\u00e6re registrert med f\u00f8dselsnummer. Les mer her: https:\/\/www.katolsk.no\/organisasjon\/norge\/personnummer ALTERNATIV 1 SMS Send SMS til nr.&nbsp;417 16 052med tekst: ETTERNAVN, FORNAVN, F\u00d8DSELSDATO (f.eks.: HANSEN,&#8230;<br \/><a class=\"read-more-button\" href=\"https:\/\/stansgar.katolsk.no\/?page_id=10511\">Read more<\/a><\/p>\n","protected":false},"author":1,"featured_media":0,"parent":0,"menu_order":0,"comment_status":"closed","ping_status":"closed","template":"","meta":{"footnotes":""},"class_list":["post-10511","page","type-page","status-publish","hentry"],"_links":{"self":[{"href":"https:\/\/stansgar.katolsk.no\/index.php?rest_route=\/wp\/v2\/pages\/10511","targetHints":{"allow":["GET"]}}],"collection":[{"href":"https:\/\/stansgar.katolsk.no\/index.php?rest_route=\/wp\/v2\/pages"}],"about":[{"href":"https:\/\/stansgar.katolsk.no\/index.php?rest_route=\/wp\/v2\/types\/page"}],"author":[{"embeddable":true,"href":"https:\/\/stansgar.katolsk.no\/index.php?rest_route=\/wp\/v2\/users\/1"}],"replies":[{"embeddable":true,"href":"https:\/\/stansgar.katolsk.no\/index.php?rest_route=%2Fwp%2Fv2%2Fcomments&post=10511"}],"version-history":[{"count":7,"href":"https:\/\/stansgar.katolsk.no\/index.php?rest_route=\/wp\/v2\/pages\/10511\/revisions"}],"predecessor-version":[{"id":10557,"href":"https:\/\/stansgar.katolsk.no\/index.php?rest_route=\/wp\/v2\/pages\/10511\/revisions\/10557"}],"wp:attachment":[{"href":"https:\/\/stansgar.katolsk.no\/index.php?rest_route=%2Fwp%2Fv2%2Fmedia&parent=10511"}],"curies":[{"name":"wp","href":"https:\/\/api.w.org\/{rel}","templated":true}]}}