{"id":10449,"date":"2022-06-22T11:20:21","date_gmt":"2022-06-22T09:20:21","guid":{"rendered":"https:\/\/stansgar.katolsk.no\/?page_id=10449"},"modified":"2026-01-20T14:52:19","modified_gmt":"2026-01-20T13:52:19","slug":"referater-menighetsrad","status":"publish","type":"page","link":"https:\/\/stansgar.katolsk.no\/?page_id=10449","title":{"rendered":"Referater menighetsr\u00e5d"},"content":{"rendered":"\n<div class=\"wp-block-file\"><a id=\"wp-block-file--media-925e064a-3507-4fd3-b355-081d173d39bb\" href=\"https:\/\/stansgar.katolsk.no\/wp-content\/uploads\/2026\/01\/MR-mote-7.01.26-1.pdf\">MR m\u00f8te 7.01.26.<\/a><a href=\"https:\/\/stansgar.katolsk.no\/wp-content\/uploads\/2026\/01\/MR-mote-7.01.26-1.pdf\" class=\"wp-block-file__button wp-element-button\" download aria-describedby=\"wp-block-file--media-925e064a-3507-4fd3-b355-081d173d39bb\">Last ned<\/a><\/div>\n\n\n\n<div class=\"wp-block-file\"><a id=\"wp-block-file--media-b5b629d3-d437-4d9f-a2f3-3e0bb0a094f8\" href=\"https:\/\/stansgar.katolsk.no\/wp-content\/uploads\/2025\/11\/Menighetsradsmote-12.november-2025_per-28.11.pdf\">Menighetsr\u00e5dsm\u00f8te 12.november 2025_per 28.11<\/a><a href=\"https:\/\/stansgar.katolsk.no\/wp-content\/uploads\/2025\/11\/Menighetsradsmote-12.november-2025_per-28.11.pdf\" class=\"wp-block-file__button wp-element-button\" download aria-describedby=\"wp-block-file--media-b5b629d3-d437-4d9f-a2f3-3e0bb0a094f8\">Last ned<\/a><\/div>\n\n\n\n<div class=\"wp-block-file\"><a id=\"wp-block-file--media-38d62567-b078-4b52-a8a6-22b312d7ba36\" href=\"https:\/\/stansgar.katolsk.no\/wp-content\/uploads\/2025\/09\/Referat_Menighetsradsmote-11.-september-_25.pdf\">Referat_Menighetsr\u00e5dsm\u00f8te 11. september _25<\/a><a href=\"https:\/\/stansgar.katolsk.no\/wp-content\/uploads\/2025\/09\/Referat_Menighetsradsmote-11.-september-_25.pdf\" class=\"wp-block-file__button wp-element-button\" download aria-describedby=\"wp-block-file--media-38d62567-b078-4b52-a8a6-22b312d7ba36\">Last ned<\/a><\/div>\n\n\n\n<div class=\"wp-block-file\"><a id=\"wp-block-file--media-547aaced-3dbe-4291-a0bf-5c03c869d2df\" href=\"https:\/\/stansgar.katolsk.no\/wp-content\/uploads\/2025\/05\/Menighetsradsmote-14.05.2025-1.pdf\">Menighetsra\u030adsm\u00f8te 14.05.2025<\/a><a href=\"https:\/\/stansgar.katolsk.no\/wp-content\/uploads\/2025\/05\/Menighetsradsmote-14.05.2025-1.pdf\" class=\"wp-block-file__button wp-element-button\" download aria-describedby=\"wp-block-file--media-547aaced-3dbe-4291-a0bf-5c03c869d2df\">Last ned<\/a><\/div>\n\n\n\n<div class=\"wp-block-file\"><a id=\"wp-block-file--media-3ff57080-6756-4e92-8e78-2d1445ea4135\" href=\"https:\/\/stansgar.katolsk.no\/wp-content\/uploads\/2025\/04\/Referat-Menighetsradsmote-Onsdag-12.03.25.pdf\">Referat-Menighetsra\u030adsm\u00f8te-Onsdag-12.03.25<\/a><a href=\"https:\/\/stansgar.katolsk.no\/wp-content\/uploads\/2025\/04\/Referat-Menighetsradsmote-Onsdag-12.03.25.pdf\" class=\"wp-block-file__button wp-element-button\" download aria-describedby=\"wp-block-file--media-3ff57080-6756-4e92-8e78-2d1445ea4135\">Last ned<\/a><\/div>\n\n\n\n<div class=\"wp-block-file\"><a id=\"wp-block-file--media-cab6a4c6-6811-4a40-a7f9-30b808768105\" href=\"https:\/\/stansgar.katolsk.no\/wp-content\/uploads\/2025\/01\/2.-versjon_Menighetsradsmote-8.-januar-_25-1-1.pdf\">2. versjon_Menighetsra\u030adsm\u00f8te 8. januar _25-1<\/a><a href=\"https:\/\/stansgar.katolsk.no\/wp-content\/uploads\/2025\/01\/2.-versjon_Menighetsradsmote-8.-januar-_25-1-1.pdf\" class=\"wp-block-file__button wp-element-button\" download aria-describedby=\"wp-block-file--media-cab6a4c6-6811-4a40-a7f9-30b808768105\">Last ned<\/a><\/div>\n\n\n\n<div class=\"wp-block-file\"><a id=\"wp-block-file--media-c8f3d64c-8651-4811-903d-5d6d9c7442b9\" href=\"https:\/\/stansgar.katolsk.no\/wp-content\/uploads\/2024\/11\/Referat-Menighetsradsmote-Onsdag-13.11.24-1.pdf\">Referat-Menighetsra\u030adsm\u00f8te-Onsdag-13.11.24-1<\/a><a href=\"https:\/\/stansgar.katolsk.no\/wp-content\/uploads\/2024\/11\/Referat-Menighetsradsmote-Onsdag-13.11.24-1.pdf\" class=\"wp-block-file__button wp-element-button\" download aria-describedby=\"wp-block-file--media-c8f3d64c-8651-4811-903d-5d6d9c7442b9\">Last ned<\/a><\/div>\n\n\n\n<div class=\"wp-block-file\"><a id=\"wp-block-file--media-391e0d37-73fd-4b43-a229-0ec4691c48c3\" href=\"https:\/\/stansgar.katolsk.no\/wp-content\/uploads\/2024\/09\/Referat-Meninghetsradmote-Onsdag-11.09.24.pdf\">Referat Meninghetsr\u00e5dm\u00f8te Onsdag 11.09.24<\/a><a href=\"https:\/\/stansgar.katolsk.no\/wp-content\/uploads\/2024\/09\/Referat-Meninghetsradmote-Onsdag-11.09.24.pdf\" class=\"wp-block-file__button wp-element-button\" download aria-describedby=\"wp-block-file--media-391e0d37-73fd-4b43-a229-0ec4691c48c3\">Last ned<\/a><\/div>\n\n\n\n<div class=\"wp-block-file\"><a id=\"wp-block-file--media-34313de9-ccbd-471e-8d41-52cdc5807f07\" href=\"https:\/\/stansgar.katolsk.no\/wp-content\/uploads\/2024\/05\/Menighetsradsmote-22.05.24-referat-1-1.pdf\">Menighetsradsmote-22.05.24-referat-1-1<\/a><a href=\"https:\/\/stansgar.katolsk.no\/wp-content\/uploads\/2024\/05\/Menighetsradsmote-22.05.24-referat-1-1.pdf\" class=\"wp-block-file__button wp-element-button\" download aria-describedby=\"wp-block-file--media-34313de9-ccbd-471e-8d41-52cdc5807f07\">Last ned<\/a><\/div>\n\n\n\n<div class=\"wp-block-file\"><a id=\"wp-block-file--media-fe653e9f-d9bf-4f88-940e-8047c5a48cfa\" href=\"https:\/\/stansgar.katolsk.no\/wp-content\/uploads\/2024\/05\/Menighetsradsmote-15.05.24-referat-1.pdf\">Menighetsradsmote-15.05.24-referat-1<\/a><a href=\"https:\/\/stansgar.katolsk.no\/wp-content\/uploads\/2024\/05\/Menighetsradsmote-15.05.24-referat-1.pdf\" class=\"wp-block-file__button wp-element-button\" download aria-describedby=\"wp-block-file--media-fe653e9f-d9bf-4f88-940e-8047c5a48cfa\">Last ned<\/a><\/div>\n\n\n\n<div class=\"wp-block-file\"><a id=\"wp-block-file--media-dae1c7d7-857c-44cd-9e9b-4f82624f453c\" href=\"https:\/\/stansgar.katolsk.no\/wp-content\/uploads\/2024\/03\/Referat-MR-06.03.2024-1.pdf\">Referat-MR-06.03.2024-1<\/a><a href=\"https:\/\/stansgar.katolsk.no\/wp-content\/uploads\/2024\/03\/Referat-MR-06.03.2024-1.pdf\" class=\"wp-block-file__button wp-element-button\" download aria-describedby=\"wp-block-file--media-dae1c7d7-857c-44cd-9e9b-4f82624f453c\">Last ned<\/a><\/div>\n\n\n\n<div class=\"wp-block-file\"><a id=\"wp-block-file--media-764861d9-235e-4735-bedc-f45345e9e36d\" href=\"https:\/\/stansgar.katolsk.no\/wp-content\/uploads\/2024\/01\/Menighetsradsreferat-17.01.2024-3.pdf\">Menighetsradsreferat-17.01.2024-3<\/a><a href=\"https:\/\/stansgar.katolsk.no\/wp-content\/uploads\/2024\/01\/Menighetsradsreferat-17.01.2024-3.pdf\" class=\"wp-block-file__button wp-element-button\" download aria-describedby=\"wp-block-file--media-764861d9-235e-4735-bedc-f45345e9e36d\">Last ned<\/a><\/div>\n\n\n\n<div class=\"wp-block-file\"><a id=\"wp-block-file--media-399ed017-a612-4cf0-b7ca-6c0d9eecf696\" href=\"https:\/\/stansgar.katolsk.no\/wp-content\/uploads\/2023\/11\/Menighetsra\u030adsm\u00f8te-22.-nov-23-1.pdf\">Menighetsra\u030adsm\u00f8te-22.-nov-23-1<\/a><a href=\"https:\/\/stansgar.katolsk.no\/wp-content\/uploads\/2023\/11\/Menighetsra\u030adsm\u00f8te-22.-nov-23-1.pdf\" class=\"wp-block-file__button wp-element-button\" download aria-describedby=\"wp-block-file--media-399ed017-a612-4cf0-b7ca-6c0d9eecf696\">Last ned<\/a><\/div>\n\n\n\n<div class=\"wp-block-file\"><a id=\"wp-block-file--media-51e54e6f-8491-4787-9f11-207419c20e9b\" href=\"https:\/\/stansgar.katolsk.no\/wp-content\/uploads\/2023\/10\/Referat-menighetsr\u00e5d-28.09.2023-redigert-1-1.pdf\">Referat-menighetsr\u00e5d-28.09.2023-redigert-1-1<\/a><a href=\"https:\/\/stansgar.katolsk.no\/wp-content\/uploads\/2023\/10\/Referat-menighetsr\u00e5d-28.09.2023-redigert-1-1.pdf\" class=\"wp-block-file__button wp-element-button\" download aria-describedby=\"wp-block-file--media-51e54e6f-8491-4787-9f11-207419c20e9b\">Last ned<\/a><\/div>\n\n\n\n<div class=\"wp-block-file\"><a id=\"wp-block-file--media-3bbbde79-4f94-4f45-a0c6-e24fd12c3139\" href=\"https:\/\/stansgar.katolsk.no\/wp-content\/uploads\/2023\/09\/MR-referat-13.09.2023_22.-sept_23.pdf\">MR-referat-13.09.2023_22.-sept_23<\/a><a href=\"https:\/\/stansgar.katolsk.no\/wp-content\/uploads\/2023\/09\/MR-referat-13.09.2023_22.-sept_23.pdf\" class=\"wp-block-file__button wp-element-button\" download aria-describedby=\"wp-block-file--media-3bbbde79-4f94-4f45-a0c6-e24fd12c3139\">Last ned<\/a><\/div>\n\n\n\n<div class=\"wp-block-file\"><a id=\"wp-block-file--media-8d0a680b-af73-420b-99b9-b0332b667f46\" href=\"https:\/\/stansgar.katolsk.no\/wp-content\/uploads\/2023\/06\/Referat-fra-MR-31.05.2023docx-1.pdf\">Referat-fra-MR-31.05.2023docx-1<\/a><a href=\"https:\/\/stansgar.katolsk.no\/wp-content\/uploads\/2023\/06\/Referat-fra-MR-31.05.2023docx-1.pdf\" class=\"wp-block-file__button wp-element-button\" download aria-describedby=\"wp-block-file--media-8d0a680b-af73-420b-99b9-b0332b667f46\">Last ned<\/a><\/div>\n\n\n\n<div class=\"wp-block-file\"><a id=\"wp-block-file--media-f68d989f-d9aa-449f-b5c5-917034ce9556\" href=\"https:\/\/stansgar.katolsk.no\/wp-content\/uploads\/2023\/05\/Referat-fra-menighetsra\u030adsm\u00f8te-10.05.2023-4.pdf\">Referat-fra-menighetsra\u030adsm\u00f8te-10.05.2023-4<\/a><a href=\"https:\/\/stansgar.katolsk.no\/wp-content\/uploads\/2023\/05\/Referat-fra-menighetsra\u030adsm\u00f8te-10.05.2023-4.pdf\" class=\"wp-block-file__button wp-element-button\" download aria-describedby=\"wp-block-file--media-f68d989f-d9aa-449f-b5c5-917034ce9556\">Last ned<\/a><\/div>\n\n\n\n<div class=\"wp-block-file\"><a id=\"wp-block-file--media-044058a6-4b13-4100-8613-729296ba738f\" href=\"https:\/\/stansgar.katolsk.no\/wp-content\/uploads\/2023\/03\/Referat-menighetsr\u00e5d-02.03.2023-3.pdf\">Referat-menighetsr\u00e5d-02.03.2023-3<\/a><a href=\"https:\/\/stansgar.katolsk.no\/wp-content\/uploads\/2023\/03\/Referat-menighetsr\u00e5d-02.03.2023-3.pdf\" class=\"wp-block-file__button wp-element-button\" download aria-describedby=\"wp-block-file--media-044058a6-4b13-4100-8613-729296ba738f\">Last ned<\/a><\/div>\n\n\n\n<div class=\"wp-block-file\"><a id=\"wp-block-file--media-6037be5e-0367-4a63-9c57-e8228c3c7788\" href=\"https:\/\/stansgar.katolsk.no\/wp-content\/uploads\/2023\/01\/Referat-menighetsr\u00e5dsm\u00f8te-18.01.2023-1.pdf\">Referat-menighetsr\u00e5dsm\u00f8te-18.01.2023-1<\/a><a href=\"https:\/\/stansgar.katolsk.no\/wp-content\/uploads\/2023\/01\/Referat-menighetsr\u00e5dsm\u00f8te-18.01.2023-1.pdf\" class=\"wp-block-file__button wp-element-button\" download aria-describedby=\"wp-block-file--media-6037be5e-0367-4a63-9c57-e8228c3c7788\">Last ned<\/a><\/div>\n\n\n\n<div class=\"wp-block-file\"><a id=\"wp-block-file--media-c3a7fa60-57f7-47bb-bd29-6a647d334bb6\" href=\"https:\/\/stansgar.katolsk.no\/wp-content\/uploads\/2022\/12\/MR-referat-23.11.2022-.pdf\">MR-referat-23.11.2022-<\/a><a href=\"https:\/\/stansgar.katolsk.no\/wp-content\/uploads\/2022\/12\/MR-referat-23.11.2022-.pdf\" class=\"wp-block-file__button wp-element-button\" download aria-describedby=\"wp-block-file--media-c3a7fa60-57f7-47bb-bd29-6a647d334bb6\">Last ned<\/a><\/div>\n\n\n\n<div class=\"wp-block-file\"><a id=\"wp-block-file--media-d940381b-3489-4aa4-94a4-1286762db3ec\" href=\"https:\/\/stansgar.katolsk.no\/wp-content\/uploads\/2022\/09\/Referat-menighetsr\u00e5d-21.09.2022-1.pdf\">Referat-menighetsr\u00e5d-21.09.2022-1<\/a><a href=\"https:\/\/stansgar.katolsk.no\/wp-content\/uploads\/2022\/09\/Referat-menighetsr\u00e5d-21.09.2022-1.pdf\" class=\"wp-block-file__button wp-element-button\" download aria-describedby=\"wp-block-file--media-d940381b-3489-4aa4-94a4-1286762db3ec\">Last ned<\/a><\/div>\n\n\n\n<div class=\"wp-block-file\"><a id=\"wp-block-file--media-448a3d37-bfab-4152-b31f-ba653d2eaa20\" href=\"https:\/\/stansgar.katolsk.no\/wp-content\/uploads\/2022\/05\/Referat-menighetsr\u00e5d-04.05.2022.pdf\">Referat menighetsr\u00e5d 04.05.2022<\/a><a href=\"https:\/\/stansgar.katolsk.no\/wp-content\/uploads\/2022\/05\/Referat-menighetsr\u00e5d-04.05.2022.pdf\" class=\"wp-block-file__button wp-element-button\" download aria-describedby=\"wp-block-file--media-448a3d37-bfab-4152-b31f-ba653d2eaa20\">Last ned<\/a><\/div>\n\n\n\n<div class=\"wp-block-file\"><a id=\"wp-block-file--media-c730e2b0-9116-409c-8601-e152d256218d\" href=\"https:\/\/stansgar.katolsk.no\/wp-content\/uploads\/2022\/05\/Menighetsr\u00e5dsm\u00f8te-27.04.2022-Internasjonal-dag.pdf\">Menighetsr\u00e5dsm\u00f8te 27.04.2022 Internasjonal dag<\/a><a href=\"https:\/\/stansgar.katolsk.no\/wp-content\/uploads\/2022\/05\/Menighetsr\u00e5dsm\u00f8te-27.04.2022-Internasjonal-dag.pdf\" class=\"wp-block-file__button wp-element-button\" download aria-describedby=\"wp-block-file--media-c730e2b0-9116-409c-8601-e152d256218d\">Last ned<\/a><\/div>\n\n\n\n<div class=\"wp-block-file\"><a id=\"wp-block-file--media-7f970c40-3bb4-4f72-9468-ee14f9caf75b\" href=\"https:\/\/stansgar.katolsk.no\/wp-content\/uploads\/2022\/03\/Menighetsr\u00e5dsm\u00f8te-09.03.2022.pdf\">Menighetsr\u00e5dsm\u00f8te 09.03.2022<\/a><a href=\"https:\/\/stansgar.katolsk.no\/wp-content\/uploads\/2022\/03\/Menighetsr\u00e5dsm\u00f8te-09.03.2022.pdf\" class=\"wp-block-file__button wp-element-button\" download aria-describedby=\"wp-block-file--media-7f970c40-3bb4-4f72-9468-ee14f9caf75b\">Last ned<\/a><\/div>\n\n\n\n<div class=\"wp-block-file\"><a id=\"wp-block-file--media-86251208-1e3d-45f8-9e5e-71b8fd69578c\" href=\"https:\/\/stansgar.katolsk.no\/wp-content\/uploads\/2022\/06\/Menighetsr\u00e5dsm\u00f8te-1.12.21.pdf\">Menighetsr\u00e5dsm\u00f8te 1.12.21<\/a><a href=\"https:\/\/stansgar.katolsk.no\/wp-content\/uploads\/2022\/06\/Menighetsr\u00e5dsm\u00f8te-1.12.21.pdf\" class=\"wp-block-file__button wp-element-button\" download aria-describedby=\"wp-block-file--media-86251208-1e3d-45f8-9e5e-71b8fd69578c\">Last ned<\/a><\/div>\n\n\n\n<div class=\"wp-block-buttons is-layout-flex wp-block-buttons-is-layout-flex\">\n<div class=\"wp-block-button\"><a class=\"wp-block-button__link wp-element-button\" href=\"https:\/\/stansgar.katolsk.no\/?p=9457\">St. Ansgar menighetsr\u00e5dsm\u00f8te med spr\u00e5kgrupper og flere<\/a><\/div>\n<\/div>\n\n\n\n<div class=\"wp-block-file\"><a id=\"wp-block-file--media-147fe4f5-110b-49ad-ad0b-8316b2b9b3ce\" href=\"https:\/\/stansgar.katolsk.no\/wp-content\/uploads\/2021\/09\/MR-referat-08.09.2021.pdf\">MR-referat 08.09.2021<\/a><a href=\"https:\/\/stansgar.katolsk.no\/wp-content\/uploads\/2021\/09\/MR-referat-08.09.2021.pdf\" class=\"wp-block-file__button wp-element-button\" download aria-describedby=\"wp-block-file--media-147fe4f5-110b-49ad-ad0b-8316b2b9b3ce\">Last ned<\/a><\/div>\n\n\n\n<div class=\"wp-block-file\"><a id=\"wp-block-file--media-acd09bf2-1d1e-414c-830c-d0480e8fd231\" href=\"https:\/\/stansgar.katolsk.no\/wp-content\/uploads\/2021\/05\/MR-referat-05.05.2021-1.pdf\">MR-referat 05.05.2021<\/a><a href=\"https:\/\/stansgar.katolsk.no\/wp-content\/uploads\/2021\/05\/MR-referat-05.05.2021-1.pdf\" class=\"wp-block-file__button wp-element-button\" download aria-describedby=\"wp-block-file--media-acd09bf2-1d1e-414c-830c-d0480e8fd231\">Last ned<\/a><\/div>\n\n\n","protected":false},"excerpt":{"rendered":"","protected":false},"author":1,"featured_media":0,"parent":0,"menu_order":0,"comment_status":"closed","ping_status":"closed","template":"","meta":{"footnotes":""},"class_list":["post-10449","page","type-page","status-publish","hentry"],"_links":{"self":[{"href":"https:\/\/stansgar.katolsk.no\/index.php?rest_route=\/wp\/v2\/pages\/10449","targetHints":{"allow":["GET"]}}],"collection":[{"href":"https:\/\/stansgar.katolsk.no\/index.php?rest_route=\/wp\/v2\/pages"}],"about":[{"href":"https:\/\/stansgar.katolsk.no\/index.php?rest_route=\/wp\/v2\/types\/page"}],"author":[{"embeddable":true,"href":"https:\/\/stansgar.katolsk.no\/index.php?rest_route=\/wp\/v2\/users\/1"}],"replies":[{"embeddable":true,"href":"https:\/\/stansgar.katolsk.no\/index.php?rest_route=%2Fwp%2Fv2%2Fcomments&post=10449"}],"version-history":[{"count":27,"href":"https:\/\/stansgar.katolsk.no\/index.php?rest_route=\/wp\/v2\/pages\/10449\/revisions"}],"predecessor-version":[{"id":22858,"href":"https:\/\/stansgar.katolsk.no\/index.php?rest_route=\/wp\/v2\/pages\/10449\/revisions\/22858"}],"wp:attachment":[{"href":"https:\/\/stansgar.katolsk.no\/index.php?rest_route=%2Fwp%2Fv2%2Fmedia&parent=10449"}],"curies":[{"name":"wp","href":"https:\/\/api.w.org\/{rel}","templated":true}]}}