{"id":10401,"date":"2022-06-16T11:27:56","date_gmt":"2022-06-16T09:27:56","guid":{"rendered":"https:\/\/stansgar.katolsk.no\/?page_id=10401"},"modified":"2025-07-03T13:46:17","modified_gmt":"2025-07-03T11:46:17","slug":"katekese-2022-2023","status":"publish","type":"page","link":"https:\/\/stansgar.katolsk.no\/?page_id=10401","title":{"rendered":"Katekese\u00e5ret 2025-2026"},"content":{"rendered":"\n<hr class=\"wp-block-separator has-css-opacity\"\/>\n\n\n\n<p class=\"has-drop-cap has-very-dark-gray-color has-text-color has-medium-font-size\">KATEKESE I ST. ANSGAR MENIGHET            <\/p>\n\n\n\n<figure class=\"wp-block-image size-full\"><img loading=\"lazy\" decoding=\"async\" width=\"605\" height=\"395\" src=\"https:\/\/stansgar.katolsk.no\/wp-content\/uploads\/2025\/07\/katekese-logo.png\" alt=\"\" class=\"wp-image-22306\" srcset=\"https:\/\/stansgar.katolsk.no\/wp-content\/uploads\/2025\/07\/katekese-logo.png 605w, https:\/\/stansgar.katolsk.no\/wp-content\/uploads\/2025\/07\/katekese-logo-300x196.png 300w\" sizes=\"auto, (max-width: 605px) 100vw, 605px\" \/><\/figure>\n\n\n\n<p>Velkommen til katekesen i St. Ansgar menighet. <\/p>\n\n\n\n<p class=\"has-small-font-size\"><\/p>\n\n\n\n<p>Katekesen er et tilbud om katolsk trosoppl\u00e6ring for alle barn og ungdommer som g\u00e5r i 1. \u2013 9. klasse. <\/p>\n\n\n\n<p>Her treffer katolske barn og ungdommer hverandre for \u00e5 leve den katolske Kirkes liv. De skal l\u00e6re \u00e5 leve etter Guds ord, etterligne Jesus og elske Ham. De skal l\u00e6re om katolsk tro, Guds ord og deltakelse i messen.<\/p>\n\n\n\n<p>Vi \u00f8nsker \u00e5 skape et godt sosialt milj\u00f8 slik at barna er en del av fellesskapet i menigheten. <\/p>\n\n\n\n<p>Katekesen st\u00f8tter foreldrene i \u00e5 gi en levende tro videre til barna og bidrar til at barna kan utvikle sin religi\u00f8se identitet i den katolske troen. Foreldrene har hovedansvaret, slik de lovet det ved barnas d\u00e5p. Foreldre oppfordres til \u00e5 komme til s\u00f8ndagsmessen sammen med barn og ungdommer og \u00e5 be kveldsb\u00f8nn sammen med dem.<\/p>\n\n\n\n<p>Noen av klassene i katekesen bruker <em>Den Gode Hyrde Katekese<\/em> (DGHK) i katekesen.<br>I denne katekesen f\u00e5r barna n\u00e6r\u00adme seg troens mysterier i sitt eget tempo. De f\u00e5r presentert emner fra Bibelen og liturgien ved hjelp av materiell som er spesielt tilrettelagt for deres aldersgruppe.<\/p>\n\n\n\n<div style=\"height:20px\" aria-hidden=\"true\" class=\"wp-block-spacer\"><\/div>\n\n\n\n<div class=\"wp-block-buttons is-layout-flex wp-block-buttons-is-layout-flex\">\n<div class=\"wp-block-button is-style-outline is-style-outline--1\"><a class=\"wp-block-button__link wp-element-button\" href=\"https:\/\/stansgar.katolsk.no\/?page_id=1372\">INNMELDING I KATEKESEN <\/a><\/div>\n\n\n\n<div class=\"wp-block-button is-style-outline is-style-outline--2\"><a class=\"wp-block-button__link wp-element-button\" href=\"https:\/\/stansgar.katolsk.no\/?page_id=10625\">KONTINGENT <\/a><\/div>\n<\/div>\n\n\n\n<hr class=\"wp-block-separator has-css-opacity\"\/>\n\n\n\n<div class=\"wp-block-buttons is-layout-flex wp-block-buttons-is-layout-flex\">\n<div class=\"wp-block-button\"><a class=\"wp-block-button__link wp-element-button\" href=\"https:\/\/stansgar.katolsk.no\/?page_id=11133\">INFORMASJON TIL FORELDRE<\/a><\/div>\n<\/div>\n\n\n\n<hr class=\"wp-block-separator has-css-opacity\"\/>\n\n\n\n<div class=\"wp-block-buttons is-layout-flex wp-block-buttons-is-layout-flex\">\n<div class=\"wp-block-button\"><a class=\"wp-block-button__link wp-element-button\" href=\"https:\/\/stansgar.katolsk.no\/?page_id=12307\">KATEKESEDATOER<\/a><\/div>\n<\/div>\n\n\n\n<hr class=\"wp-block-separator has-css-opacity\"\/>\n\n\n\n<div class=\"wp-block-buttons is-layout-flex wp-block-buttons-is-layout-flex\">\n<div class=\"wp-block-button\"><a class=\"wp-block-button__link wp-element-button\" href=\"https:\/\/stansgar.katolsk.no\/?page_id=4404\">KATEKETER<\/a><\/div>\n<\/div>\n\n\n\n<hr class=\"wp-block-separator has-css-opacity\"\/>\n\n\n\n<div class=\"wp-block-buttons is-layout-flex wp-block-buttons-is-layout-flex\">\n<div class=\"wp-block-button is-style-outline is-style-outline--3\"><a class=\"wp-block-button__link wp-element-button\" href=\"https:\/\/stansgar.katolsk.no\/?page_id=10635\">OFTE STILTE SP\u00d8RSM\u00c5L OM KATEKESEN<\/a><\/div>\n<\/div>\n\n\n\n<div style=\"height:20px\" aria-hidden=\"true\" class=\"wp-block-spacer\"><\/div>\n\n\n\n<hr class=\"wp-block-separator has-css-opacity\"\/>\n\n\n\n<div class=\"wp-block-buttons is-layout-flex wp-block-buttons-is-layout-flex\">\n<div class=\"wp-block-button\"><a class=\"wp-block-button__link wp-element-button\" href=\"https:\/\/stansgar.katolsk.no\/?page_id=11077\" target=\"_blank\" rel=\"noreferrer noopener\">INFO TIL KATEKETER<\/a><\/div>\n<\/div>\n\n\n\n<div style=\"height:20px\" aria-hidden=\"true\" class=\"wp-block-spacer\"><\/div>\n\n\n\n<hr class=\"wp-block-separator has-css-opacity\"\/>\n\n\n\n<div class=\"wp-block-buttons is-layout-flex wp-block-buttons-is-layout-flex\">\n<div class=\"wp-block-button is-style-outline is-style-outline--4\"><a class=\"wp-block-button__link wp-element-button\" href=\"https:\/\/stansgar.katolsk.no\/?page_id=10621\">DEN GODE HYRDE KATEKESE<\/a><\/div>\n<\/div>\n\n\n\n<hr class=\"wp-block-separator has-css-opacity\"\/>\n\n\n\n<div class=\"wp-block-buttons is-layout-flex wp-block-buttons-is-layout-flex\">\n<div class=\"wp-block-button is-style-outline is-style-outline--5\"><a class=\"wp-block-button__link has-text-color wp-element-button\" href=\"https:\/\/stansgar.katolsk.no\/?page_id=10705\" style=\"color:#258ccc\">NYTTIGE LENKER <\/a><\/div>\n<\/div>\n\n\n\n<div class=\"wp-block-group\"><div class=\"wp-block-group__inner-container is-layout-flow wp-block-group-is-layout-flow\"><\/div><\/div>\n\n\n\n<div class=\"wp-block-group\"><div class=\"wp-block-group__inner-container is-layout-flow wp-block-group-is-layout-flow\"><\/div><\/div>\n\n\n\n<p><\/p>\n","protected":false},"excerpt":{"rendered":"<p>KATEKESE I ST. ANSGAR MENIGHET Velkommen til katekesen i St. Ansgar menighet. Katekesen er et tilbud om katolsk trosoppl\u00e6ring for alle barn og ungdommer som g\u00e5r i 1. \u2013 9. klasse. Her treffer katolske barn og ungdommer hverandre for \u00e5&#8230;<br \/><a class=\"read-more-button\" href=\"https:\/\/stansgar.katolsk.no\/?page_id=10401\">Read more<\/a><\/p>\n","protected":false},"author":1,"featured_media":0,"parent":0,"menu_order":0,"comment_status":"closed","ping_status":"closed","template":"","meta":{"footnotes":""},"class_list":["post-10401","page","type-page","status-publish","hentry"],"_links":{"self":[{"href":"https:\/\/stansgar.katolsk.no\/index.php?rest_route=\/wp\/v2\/pages\/10401","targetHints":{"allow":["GET"]}}],"collection":[{"href":"https:\/\/stansgar.katolsk.no\/index.php?rest_route=\/wp\/v2\/pages"}],"about":[{"href":"https:\/\/stansgar.katolsk.no\/index.php?rest_route=\/wp\/v2\/types\/page"}],"author":[{"embeddable":true,"href":"https:\/\/stansgar.katolsk.no\/index.php?rest_route=\/wp\/v2\/users\/1"}],"replies":[{"embeddable":true,"href":"https:\/\/stansgar.katolsk.no\/index.php?rest_route=%2Fwp%2Fv2%2Fcomments&post=10401"}],"version-history":[{"count":145,"href":"https:\/\/stansgar.katolsk.no\/index.php?rest_route=\/wp\/v2\/pages\/10401\/revisions"}],"predecessor-version":[{"id":22307,"href":"https:\/\/stansgar.katolsk.no\/index.php?rest_route=\/wp\/v2\/pages\/10401\/revisions\/22307"}],"wp:attachment":[{"href":"https:\/\/stansgar.katolsk.no\/index.php?rest_route=%2Fwp%2Fv2%2Fmedia&parent=10401"}],"curies":[{"name":"wp","href":"https:\/\/api.w.org\/{rel}","templated":true}]}}