{"id":10190,"date":"2022-04-05T12:31:17","date_gmt":"2022-04-05T10:31:17","guid":{"rendered":"https:\/\/stansgar.katolsk.no\/?page_id=10190"},"modified":"2022-04-05T12:31:17","modified_gmt":"2022-04-05T10:31:17","slug":"caritas-i-verden","status":"publish","type":"page","link":"https:\/\/stansgar.katolsk.no\/?page_id=10190","title":{"rendered":"Caritas i verden"},"content":{"rendered":"<p>Krig, naturkatastrofer, klimakrise, matvaremangel og finanskrise bidrar til \u00f8kt fattigdom og n\u00f8d mange steder i verden.<\/p>\n<p>Over 1 milliard mennesker mangler tilstrekkelig mat, rent drikkevann og tilfredsstillende helsetilbud.<\/p>\n<p>Krig, b\u00e5de n\u00e6rt og fjernt, f\u00f8rer i tillegg til at mange mennesker m\u00e5 flykte fra alt de eier og alt de kjenner.<\/p>\n<p>Kirkens sosiall\u00e6re forplikter oss som katolikker til solidaritet med og hjelp til verdens n\u00f8dstedte.<\/p>\n<p>Caritas St.Ansgar bidrar med \u00f8konomisk st\u00f8tte til Caritas internasjonale hjelpearbeid. Dette gj\u00f8res blant annet ved innsamlings- og salgsaksjoner og lotterier i forbindelse med Kirkens h\u00f8ytider og gjennom overskudd fra salg ved kirkekaffe etter h\u00f8ymesser.<\/p>\n","protected":false},"excerpt":{"rendered":"<p>Krig, naturkatastrofer, klimakrise, matvaremangel og finanskrise bidrar til \u00f8kt fattigdom og n\u00f8d mange steder i verden. Over 1 milliard mennesker mangler tilstrekkelig mat, rent drikkevann og tilfredsstillende helsetilbud. Krig, b\u00e5de n\u00e6rt og fjernt, f\u00f8rer i tillegg til at mange mennesker&#8230;<br \/><a class=\"read-more-button\" href=\"https:\/\/stansgar.katolsk.no\/?page_id=10190\">Read more<\/a><\/p>\n","protected":false},"author":1,"featured_media":0,"parent":0,"menu_order":0,"comment_status":"closed","ping_status":"closed","template":"","meta":{"footnotes":""},"class_list":["post-10190","page","type-page","status-publish","hentry"],"_links":{"self":[{"href":"https:\/\/stansgar.katolsk.no\/index.php?rest_route=\/wp\/v2\/pages\/10190","targetHints":{"allow":["GET"]}}],"collection":[{"href":"https:\/\/stansgar.katolsk.no\/index.php?rest_route=\/wp\/v2\/pages"}],"about":[{"href":"https:\/\/stansgar.katolsk.no\/index.php?rest_route=\/wp\/v2\/types\/page"}],"author":[{"embeddable":true,"href":"https:\/\/stansgar.katolsk.no\/index.php?rest_route=\/wp\/v2\/users\/1"}],"replies":[{"embeddable":true,"href":"https:\/\/stansgar.katolsk.no\/index.php?rest_route=%2Fwp%2Fv2%2Fcomments&post=10190"}],"version-history":[{"count":1,"href":"https:\/\/stansgar.katolsk.no\/index.php?rest_route=\/wp\/v2\/pages\/10190\/revisions"}],"predecessor-version":[{"id":10191,"href":"https:\/\/stansgar.katolsk.no\/index.php?rest_route=\/wp\/v2\/pages\/10190\/revisions\/10191"}],"wp:attachment":[{"href":"https:\/\/stansgar.katolsk.no\/index.php?rest_route=%2Fwp%2Fv2%2Fmedia&parent=10190"}],"curies":[{"name":"wp","href":"https:\/\/api.w.org\/{rel}","templated":true}]}}